{"id":9886,"date":"2024-06-07T02:08:22","date_gmt":"2024-06-07T02:08:22","guid":{"rendered":"https:\/\/fbk.upsi.edu.my\/%d9%88%d8%ad%d8%af%d8%a9-%d9%84%d8%ba%d8%a9-%d8%a7%d9%84%d8%a2%d9%8a%d8%a8%d8%a7%d9%86\/"},"modified":"2024-06-07T02:08:23","modified_gmt":"2024-06-07T02:08:23","slug":"%d9%88%d8%ad%d8%af%d8%a9-%d9%84%d8%ba%d8%a9-%d8%a7%d9%84%d8%a2%d9%8a%d8%a8%d8%a7%d9%86","status":"publish","type":"page","link":"https:\/\/fbk.upsi.edu.my\/ar\/%d9%88%d8%ad%d8%af%d8%a9-%d9%84%d8%ba%d8%a9-%d8%a7%d9%84%d8%a2%d9%8a%d8%a8%d8%a7%d9%86\/","title":{"rendered":"\u2518\u00ea\u00cf\u00a1\u00cf\u00bb\u00cf\u00ae \u2518\u00e4\u00cf\u2551\u00cf\u00ae \u00cf\u00ba\u2518\u00e4\u00cf\u00f3\u2518\u00e8\u00cf\u00bf\u00cf\u00ba\u2518\u00e5"},"content":{"rendered":"\t\t<div data-elementor-type=\"wp-page\" data-elementor-id=\"9886\" class=\"elementor elementor-9886 elementor-2136\" data-elementor-post-type=\"page\">\n\t\t\t\t\t\t<section class=\"elementor-section elementor-top-section elementor-element elementor-element-88a2710 elementor-section-boxed elementor-section-height-default elementor-section-height-default\" data-id=\"88a2710\" data-element_type=\"section\" data-e-type=\"section\">\n\t\t\t\t\t\t<div class=\"elementor-container elementor-column-gap-default\">\n\t\t\t\t\t<div class=\"elementor-column elementor-col-100 elementor-top-column elementor-element elementor-element-1739c91\" data-id=\"1739c91\" data-element_type=\"column\" data-e-type=\"column\">\n\t\t\t<div class=\"elementor-widget-wrap elementor-element-populated\">\n\t\t\t\t\t\t<div class=\"elementor-element elementor-element-b64ab39 elementor-widget elementor-widget-heading\" data-id=\"b64ab39\" data-element_type=\"widget\" data-e-type=\"widget\" data-widget_type=\"heading.default\">\n\t\t\t\t<div class=\"elementor-widget-container\">\n\t\t\t\t\t<h2 class=\"elementor-heading-title elementor-size-xl\">\u0648\u062d\u062f\u0629 \u0644\u063a\u0629 \u0627\u0644\u0622\u064a\u0628\u0627\u0646<\/h2>\t\t\t\t<\/div>\n\t\t\t\t<\/div>\n\t\t\t\t\t<\/div>\n\t\t<\/div>\n\t\t\t\t\t<\/div>\n\t\t<\/section>\n\t\t\t\t<section class=\"elementor-section elementor-top-section elementor-element elementor-element-88da404 elementor-section-boxed elementor-section-height-default elementor-section-height-default\" data-id=\"88da404\" data-element_type=\"section\" data-e-type=\"section\">\n\t\t\t\t\t\t<div class=\"elementor-container elementor-column-gap-default\">\n\t\t\t\t\t<div class=\"elementor-column elementor-col-100 elementor-top-column elementor-element elementor-element-3af7a2d\" data-id=\"3af7a2d\" data-element_type=\"column\" data-e-type=\"column\">\n\t\t\t<div class=\"elementor-widget-wrap elementor-element-populated\">\n\t\t\t\t\t\t<div class=\"elementor-element elementor-element-61362a8 elementor-widget elementor-widget-spacer\" data-id=\"61362a8\" data-element_type=\"widget\" data-e-type=\"widget\" data-widget_type=\"spacer.default\">\n\t\t\t\t<div class=\"elementor-widget-container\">\n\t\t\t\t\t\t\t<div class=\"elementor-spacer\">\n\t\t\t<div class=\"elementor-spacer-inner\"><\/div>\n\t\t<\/div>\n\t\t\t\t\t\t<\/div>\n\t\t\t\t<\/div>\n\t\t\t\t\t<\/div>\n\t\t<\/div>\n\t\t\t\t\t<\/div>\n\t\t<\/section>\n\t\t\t\t<section class=\"elementor-section elementor-top-section elementor-element elementor-element-9a80800 elementor-section-boxed elementor-section-height-default elementor-section-height-default\" data-id=\"9a80800\" data-element_type=\"section\" data-e-type=\"section\">\n\t\t\t\t\t\t<div class=\"elementor-container elementor-column-gap-default\">\n\t\t\t\t\t<div class=\"elementor-column elementor-col-25 elementor-top-column elementor-element elementor-element-88d65dc\" data-id=\"88d65dc\" data-element_type=\"column\" data-e-type=\"column\">\n\t\t\t<div class=\"elementor-widget-wrap\">\n\t\t\t\t\t\t\t<\/div>\n\t\t<\/div>\n\t\t\t\t<div class=\"elementor-column elementor-col-50 elementor-top-column elementor-element elementor-element-e5a5dbe\" data-id=\"e5a5dbe\" data-element_type=\"column\" data-e-type=\"column\">\n\t\t\t<div class=\"elementor-widget-wrap elementor-element-populated\">\n\t\t\t\t\t\t<div class=\"elementor-element elementor-element-eeada83 elementor-widget elementor-widget-heading\" data-id=\"eeada83\" data-element_type=\"widget\" data-e-type=\"widget\" data-widget_type=\"heading.default\">\n\t\t\t\t<div class=\"elementor-widget-container\">\n\t\t\t\t\t<h2 class=\"elementor-heading-title elementor-size-medium\">\u0645\u062f\u0631\u0633 \u0644\u063a\u0629<br><br><\/h2>\t\t\t\t<\/div>\n\t\t\t\t<\/div>\n\t\t\t\t<div class=\"elementor-element elementor-element-030d976 elementor-widget elementor-widget-image\" data-id=\"030d976\" data-element_type=\"widget\" data-e-type=\"widget\" data-widget_type=\"image.default\">\n\t\t\t\t<div class=\"elementor-widget-container\">\n\t\t\t\t\t\t\t\t\t\t\t\t\t\t\t<img fetchpriority=\"high\" decoding=\"async\" width=\"300\" height=\"300\" src=\"https:\/\/fbk.upsi.edu.my\/wp-content\/uploads\/2023\/05\/38-300x300.png\" class=\"elementor-animation-grow attachment-medium size-medium wp-image-9898\" alt=\"\" srcset=\"https:\/\/fbk.upsi.edu.my\/wp-content\/uploads\/2023\/05\/38-300x300.png 300w, https:\/\/fbk.upsi.edu.my\/wp-content\/uploads\/2023\/05\/38-150x150.png 150w, https:\/\/fbk.upsi.edu.my\/wp-content\/uploads\/2023\/05\/38.png 600w\" sizes=\"(max-width: 300px) 100vw, 300px\" \/>\t\t\t\t\t\t\t\t\t\t\t\t\t\t\t<\/div>\n\t\t\t\t<\/div>\n\t\t\t\t<div class=\"elementor-element elementor-element-8ead5d9 elementor-widget elementor-widget-heading\" data-id=\"8ead5d9\" data-element_type=\"widget\" data-e-type=\"widget\" data-widget_type=\"heading.default\">\n\t\t\t\t<div class=\"elementor-widget-container\">\n\t\t\t\t\t<h2 class=\"elementor-heading-title elementor-size-small\"><br><br>Dr. Patricia Anak Ganing<br><br>Diploma edu(IPT),Bachelor (UMS), Master(UMS), Ph.D(UMS)<br><br>patricia.ganing@pbmpu.upsi.edu.my<br><br>015-4879 7930<br><br> <br><\/h2>\t\t\t\t<\/div>\n\t\t\t\t<\/div>\n\t\t\t\t<div class=\"elementor-element elementor-element-14667f1 elementor-button-info elementor-align-center elementor-widget elementor-widget-button\" data-id=\"14667f1\" data-element_type=\"widget\" data-e-type=\"widget\" data-settings=\"{&quot;motion_fx_motion_fx_mouse&quot;:&quot;yes&quot;}\" data-widget_type=\"button.default\">\n\t\t\t\t<div class=\"elementor-widget-container\">\n\t\t\t\t\t\t\t\t\t<div class=\"elementor-button-wrapper\">\n\t\t\t\t\t<a class=\"elementor-button elementor-button-link elementor-size-xs\" href=\"https:\/\/directory.upsi.edu.my\/experts\/profile\/32D11F01FB0F1095\" target=\"_blank\">\n\t\t\t\t\t\t<span class=\"elementor-button-content-wrapper\">\n\t\t\t\t\t\t\t\t\t<span class=\"elementor-button-text\">\u0627\u0646\u0642\u0631 \u0644\u0631\u0624\u064a\u0629 \u0627\u0644\u062a\u0641\u0627\u0635\u064a\u0644<\/span>\n\t\t\t\t\t<\/span>\n\t\t\t\t\t<\/a>\n\t\t\t\t<\/div>\n\t\t\t\t\t\t\t\t<\/div>\n\t\t\t\t<\/div>\n\t\t\t\t\t<\/div>\n\t\t<\/div>\n\t\t\t\t<div class=\"elementor-column elementor-col-25 elementor-top-column elementor-element elementor-element-df3894c\" data-id=\"df3894c\" data-element_type=\"column\" data-e-type=\"column\">\n\t\t\t<div class=\"elementor-widget-wrap\">\n\t\t\t\t\t\t\t<\/div>\n\t\t<\/div>\n\t\t\t\t\t<\/div>\n\t\t<\/section>\n\t\t\t\t<section class=\"elementor-section elementor-top-section elementor-element elementor-element-7854b4a elementor-section-boxed elementor-section-height-default elementor-section-height-default\" data-id=\"7854b4a\" data-element_type=\"section\" data-e-type=\"section\">\n\t\t\t\t\t\t<div class=\"elementor-container elementor-column-gap-default\">\n\t\t\t\t\t<div class=\"elementor-column elementor-col-100 elementor-top-column elementor-element elementor-element-d81ae95\" data-id=\"d81ae95\" data-element_type=\"column\" data-e-type=\"column\">\n\t\t\t<div class=\"elementor-widget-wrap elementor-element-populated\">\n\t\t\t\t\t\t<div class=\"elementor-element elementor-element-de488ff elementor-widget elementor-widget-spacer\" data-id=\"de488ff\" data-element_type=\"widget\" data-e-type=\"widget\" data-widget_type=\"spacer.default\">\n\t\t\t\t<div class=\"elementor-widget-container\">\n\t\t\t\t\t\t\t<div class=\"elementor-spacer\">\n\t\t\t<div class=\"elementor-spacer-inner\"><\/div>\n\t\t<\/div>\n\t\t\t\t\t\t<\/div>\n\t\t\t\t<\/div>\n\t\t\t\t\t<\/div>\n\t\t<\/div>\n\t\t\t\t\t<\/div>\n\t\t<\/section>\n\t\t\t\t<\/div>\n\t\t","protected":false},"excerpt":{"rendered":"<p>\u2518\u00ea\u00cf\u00a1\u00cf\u00bb\u00cf\u00ae \u2518\u00e4\u00cf\u2551\u00cf\u00ae \u00cf\u00ba\u2518\u00e4\u00cf\u00f3\u2518\u00e8\u00cf\u00bf\u00cf\u00ba\u2518\u00e5 \u2518\u00e0\u00cf\u00bb\u00cf\u2592\u00cf\u2502 \u2518\u00e4\u00cf\u2551\u00cf\u00ae Dr. Patricia Anak Ganing Diploma edu(IPT),Bachelor (UMS), Master(UMS), Ph.D(UMS) patricia.ganing@pbmpu.upsi.edu.my 015-4879 7930 \u00cf\u00ba\u2518\u00e5\u2518\u00e9\u00cf\u2592 \u2518\u00e4\u00cf\u2592\u00cf\u00f1\u2518\u00e8\u00cf\u00ae \u00cf\u00ba\u2518\u00e4\u00cf\u00ac\u2518\u00fc\u00cf\u00ba\u00cf\u00c1\u2518\u00e8\u2518\u00e4<\/p>\n","protected":false},"author":11,"featured_media":0,"parent":0,"menu_order":0,"comment_status":"closed","ping_status":"closed","template":"template-full-width-without-title.php","meta":{"footnotes":""},"class_list":["post-9886","page","type-page","status-publish","hentry"],"yoast_head":"<!-- This site is optimized with the Yoast SEO plugin v27.4 - https:\/\/yoast.com\/product\/yoast-seo-wordpress\/ -->\n<title>\u2518\u00ea\u00cf\u00a1\u00cf\u00bb\u00cf\u00ae \u2518\u00e4\u00cf\u2551\u00cf\u00ae \u00cf\u00ba\u2518\u00e4\u00cf\u00f3\u2518\u00e8\u00cf\u00bf\u00cf\u00ba\u2518\u00e5 - UPSI | FAKULTI BAHASA DAN KOMUNIKASI<\/title>\n<meta name=\"robots\" content=\"index, follow, max-snippet:-1, max-image-preview:large, max-video-preview:-1\" \/>\n<link rel=\"canonical\" href=\"https:\/\/fbk.upsi.edu.my\/ar\/%d9%88%d8%ad%d8%af%d8%a9-%d9%84%d8%ba%d8%a9-%d8%a7%d9%84%d8%a2%d9%8a%d8%a8%d8%a7%d9%86\/\" \/>\n<meta property=\"og:locale\" content=\"ar_AR\" \/>\n<meta property=\"og:type\" content=\"article\" \/>\n<meta property=\"og:title\" content=\"\u2518\u00ea\u00cf\u00a1\u00cf\u00bb\u00cf\u00ae \u2518\u00e4\u00cf\u2551\u00cf\u00ae \u00cf\u00ba\u2518\u00e4\u00cf\u00f3\u2518\u00e8\u00cf\u00bf\u00cf\u00ba\u2518\u00e5 - UPSI | FAKULTI BAHASA DAN KOMUNIKASI\" \/>\n<meta property=\"og:description\" content=\"\u2518\u00ea\u00cf\u00a1\u00cf\u00bb\u00cf\u00ae \u2518\u00e4\u00cf\u2551\u00cf\u00ae \u00cf\u00ba\u2518\u00e4\u00cf\u00f3\u2518\u00e8\u00cf\u00bf\u00cf\u00ba\u2518\u00e5 \u2518\u00e0\u00cf\u00bb\u00cf\u2592\u00cf\u2502 \u2518\u00e4\u00cf\u2551\u00cf\u00ae Dr. Patricia Anak Ganing Diploma edu(IPT),Bachelor (UMS), Master(UMS), Ph.D(UMS) patricia.ganing@pbmpu.upsi.edu.my 015-4879 7930 \u00cf\u00ba\u2518\u00e5\u2518\u00e9\u00cf\u2592 \u2518\u00e4\u00cf\u2592\u00cf\u00f1\u2518\u00e8\u00cf\u00ae \u00cf\u00ba\u2518\u00e4\u00cf\u00ac\u2518\u00fc\u00cf\u00ba\u00cf\u00c1\u2518\u00e8\u2518\u00e4\" \/>\n<meta property=\"og:url\" content=\"https:\/\/fbk.upsi.edu.my\/ar\/%d9%88%d8%ad%d8%af%d8%a9-%d9%84%d8%ba%d8%a9-%d8%a7%d9%84%d8%a2%d9%8a%d8%a8%d8%a7%d9%86\/\" \/>\n<meta property=\"og:site_name\" content=\"UPSI | FAKULTI BAHASA DAN KOMUNIKASI\" \/>\n<meta property=\"article:publisher\" content=\"https:\/\/www.facebook.com\/311311265728473?ref=embed_page\" \/>\n<meta property=\"article:modified_time\" content=\"2024-06-07T02:08:23+00:00\" \/>\n<meta property=\"og:image\" content=\"https:\/\/fbk.upsi.edu.my\/wp-content\/uploads\/2023\/05\/38.png\" \/>\n\t<meta property=\"og:image:width\" content=\"600\" \/>\n\t<meta property=\"og:image:height\" content=\"600\" \/>\n\t<meta property=\"og:image:type\" content=\"image\/png\" \/>\n<meta name=\"twitter:card\" content=\"summary_large_image\" \/>\n<script type=\"application\/ld+json\" class=\"yoast-schema-graph\">{\"@context\":\"https:\\\/\\\/schema.org\",\"@graph\":[{\"@type\":\"WebPage\",\"@id\":\"https:\\\/\\\/fbk.upsi.edu.my\\\/ar\\\/%d9%88%d8%ad%d8%af%d8%a9-%d9%84%d8%ba%d8%a9-%d8%a7%d9%84%d8%a2%d9%8a%d8%a8%d8%a7%d9%86\\\/\",\"url\":\"https:\\\/\\\/fbk.upsi.edu.my\\\/ar\\\/%d9%88%d8%ad%d8%af%d8%a9-%d9%84%d8%ba%d8%a9-%d8%a7%d9%84%d8%a2%d9%8a%d8%a8%d8%a7%d9%86\\\/\",\"name\":\"\u2518\u00ea\u00cf\u00a1\u00cf\u00bb\u00cf\u00ae \u2518\u00e4\u00cf\u2551\u00cf\u00ae \u00cf\u00ba\u2518\u00e4\u00cf\u00f3\u2518\u00e8\u00cf\u00bf\u00cf\u00ba\u2518\u00e5 - UPSI | FAKULTI BAHASA DAN KOMUNIKASI\",\"isPartOf\":{\"@id\":\"https:\\\/\\\/fbk.upsi.edu.my\\\/ar\\\/#website\"},\"primaryImageOfPage\":{\"@id\":\"https:\\\/\\\/fbk.upsi.edu.my\\\/ar\\\/%d9%88%d8%ad%d8%af%d8%a9-%d9%84%d8%ba%d8%a9-%d8%a7%d9%84%d8%a2%d9%8a%d8%a8%d8%a7%d9%86\\\/#primaryimage\"},\"image\":{\"@id\":\"https:\\\/\\\/fbk.upsi.edu.my\\\/ar\\\/%d9%88%d8%ad%d8%af%d8%a9-%d9%84%d8%ba%d8%a9-%d8%a7%d9%84%d8%a2%d9%8a%d8%a8%d8%a7%d9%86\\\/#primaryimage\"},\"thumbnailUrl\":\"https:\\\/\\\/fbk.upsi.edu.my\\\/wp-content\\\/uploads\\\/2023\\\/05\\\/38-300x300.png\",\"datePublished\":\"2024-06-07T02:08:22+00:00\",\"dateModified\":\"2024-06-07T02:08:23+00:00\",\"breadcrumb\":{\"@id\":\"https:\\\/\\\/fbk.upsi.edu.my\\\/ar\\\/%d9%88%d8%ad%d8%af%d8%a9-%d9%84%d8%ba%d8%a9-%d8%a7%d9%84%d8%a2%d9%8a%d8%a8%d8%a7%d9%86\\\/#breadcrumb\"},\"inLanguage\":\"ar\",\"potentialAction\":[{\"@type\":\"ReadAction\",\"target\":[\"https:\\\/\\\/fbk.upsi.edu.my\\\/ar\\\/%d9%88%d8%ad%d8%af%d8%a9-%d9%84%d8%ba%d8%a9-%d8%a7%d9%84%d8%a2%d9%8a%d8%a8%d8%a7%d9%86\\\/\"]}]},{\"@type\":\"ImageObject\",\"inLanguage\":\"ar\",\"@id\":\"https:\\\/\\\/fbk.upsi.edu.my\\\/ar\\\/%d9%88%d8%ad%d8%af%d8%a9-%d9%84%d8%ba%d8%a9-%d8%a7%d9%84%d8%a2%d9%8a%d8%a8%d8%a7%d9%86\\\/#primaryimage\",\"url\":\"https:\\\/\\\/fbk.upsi.edu.my\\\/wp-content\\\/uploads\\\/2023\\\/05\\\/38-300x300.png\",\"contentUrl\":\"https:\\\/\\\/fbk.upsi.edu.my\\\/wp-content\\\/uploads\\\/2023\\\/05\\\/38-300x300.png\"},{\"@type\":\"BreadcrumbList\",\"@id\":\"https:\\\/\\\/fbk.upsi.edu.my\\\/ar\\\/%d9%88%d8%ad%d8%af%d8%a9-%d9%84%d8%ba%d8%a9-%d8%a7%d9%84%d8%a2%d9%8a%d8%a8%d8%a7%d9%86\\\/#breadcrumb\",\"itemListElement\":[{\"@type\":\"ListItem\",\"position\":1,\"name\":\"Home\",\"item\":\"https:\\\/\\\/fbk.upsi.edu.my\\\/ar\\\/\"},{\"@type\":\"ListItem\",\"position\":2,\"name\":\"\u2518\u00ea\u00cf\u00a1\u00cf\u00bb\u00cf\u00ae \u2518\u00e4\u00cf\u2551\u00cf\u00ae \u00cf\u00ba\u2518\u00e4\u00cf\u00f3\u2518\u00e8\u00cf\u00bf\u00cf\u00ba\u2518\u00e5\"}]},{\"@type\":\"WebSite\",\"@id\":\"https:\\\/\\\/fbk.upsi.edu.my\\\/ar\\\/#website\",\"url\":\"https:\\\/\\\/fbk.upsi.edu.my\\\/ar\\\/\",\"name\":\"UPSI | FAKULTI BAHASA DAN KOMUNIKASI\",\"description\":\"\",\"publisher\":{\"@id\":\"https:\\\/\\\/fbk.upsi.edu.my\\\/ar\\\/#organization\"},\"potentialAction\":[{\"@type\":\"SearchAction\",\"target\":{\"@type\":\"EntryPoint\",\"urlTemplate\":\"https:\\\/\\\/fbk.upsi.edu.my\\\/ar\\\/?s={search_term_string}\"},\"query-input\":{\"@type\":\"PropertyValueSpecification\",\"valueRequired\":true,\"valueName\":\"search_term_string\"}}],\"inLanguage\":\"ar\"},{\"@type\":\"Organization\",\"@id\":\"https:\\\/\\\/fbk.upsi.edu.my\\\/ar\\\/#organization\",\"name\":\"UPSI | FAKULTI BAHASA DAN KOMUNIKASI\",\"url\":\"https:\\\/\\\/fbk.upsi.edu.my\\\/ar\\\/\",\"logo\":{\"@type\":\"ImageObject\",\"inLanguage\":\"ar\",\"@id\":\"https:\\\/\\\/fbk.upsi.edu.my\\\/ar\\\/#\\\/schema\\\/logo\\\/image\\\/\",\"url\":\"https:\\\/\\\/fbk.upsi.edu.my\\\/wp-content\\\/uploads\\\/2025\\\/11\\\/Web-Banner-FBK-scaled.jpg\",\"contentUrl\":\"https:\\\/\\\/fbk.upsi.edu.my\\\/wp-content\\\/uploads\\\/2025\\\/11\\\/Web-Banner-FBK-scaled.jpg\",\"width\":2560,\"height\":296,\"caption\":\"UPSI | FAKULTI BAHASA DAN KOMUNIKASI\"},\"image\":{\"@id\":\"https:\\\/\\\/fbk.upsi.edu.my\\\/ar\\\/#\\\/schema\\\/logo\\\/image\\\/\"},\"sameAs\":[\"https:\\\/\\\/www.facebook.com\\\/311311265728473?ref=embed_page\"]}]}<\/script>\n<!-- \/ Yoast SEO plugin. -->","yoast_head_json":{"title":"\u2518\u00ea\u00cf\u00a1\u00cf\u00bb\u00cf\u00ae \u2518\u00e4\u00cf\u2551\u00cf\u00ae \u00cf\u00ba\u2518\u00e4\u00cf\u00f3\u2518\u00e8\u00cf\u00bf\u00cf\u00ba\u2518\u00e5 - UPSI | FAKULTI BAHASA DAN KOMUNIKASI","robots":{"index":"index","follow":"follow","max-snippet":"max-snippet:-1","max-image-preview":"max-image-preview:large","max-video-preview":"max-video-preview:-1"},"canonical":"https:\/\/fbk.upsi.edu.my\/ar\/%d9%88%d8%ad%d8%af%d8%a9-%d9%84%d8%ba%d8%a9-%d8%a7%d9%84%d8%a2%d9%8a%d8%a8%d8%a7%d9%86\/","og_locale":"ar_AR","og_type":"article","og_title":"\u2518\u00ea\u00cf\u00a1\u00cf\u00bb\u00cf\u00ae \u2518\u00e4\u00cf\u2551\u00cf\u00ae \u00cf\u00ba\u2518\u00e4\u00cf\u00f3\u2518\u00e8\u00cf\u00bf\u00cf\u00ba\u2518\u00e5 - UPSI | FAKULTI BAHASA DAN KOMUNIKASI","og_description":"\u2518\u00ea\u00cf\u00a1\u00cf\u00bb\u00cf\u00ae \u2518\u00e4\u00cf\u2551\u00cf\u00ae \u00cf\u00ba\u2518\u00e4\u00cf\u00f3\u2518\u00e8\u00cf\u00bf\u00cf\u00ba\u2518\u00e5 \u2518\u00e0\u00cf\u00bb\u00cf\u2592\u00cf\u2502 \u2518\u00e4\u00cf\u2551\u00cf\u00ae Dr. Patricia Anak Ganing Diploma edu(IPT),Bachelor (UMS), Master(UMS), Ph.D(UMS) patricia.ganing@pbmpu.upsi.edu.my 015-4879 7930 \u00cf\u00ba\u2518\u00e5\u2518\u00e9\u00cf\u2592 \u2518\u00e4\u00cf\u2592\u00cf\u00f1\u2518\u00e8\u00cf\u00ae \u00cf\u00ba\u2518\u00e4\u00cf\u00ac\u2518\u00fc\u00cf\u00ba\u00cf\u00c1\u2518\u00e8\u2518\u00e4","og_url":"https:\/\/fbk.upsi.edu.my\/ar\/%d9%88%d8%ad%d8%af%d8%a9-%d9%84%d8%ba%d8%a9-%d8%a7%d9%84%d8%a2%d9%8a%d8%a8%d8%a7%d9%86\/","og_site_name":"UPSI | FAKULTI BAHASA DAN KOMUNIKASI","article_publisher":"https:\/\/www.facebook.com\/311311265728473?ref=embed_page","article_modified_time":"2024-06-07T02:08:23+00:00","og_image":[{"width":600,"height":600,"url":"https:\/\/fbk.upsi.edu.my\/wp-content\/uploads\/2023\/05\/38.png","type":"image\/png"}],"twitter_card":"summary_large_image","schema":{"@context":"https:\/\/schema.org","@graph":[{"@type":"WebPage","@id":"https:\/\/fbk.upsi.edu.my\/ar\/%d9%88%d8%ad%d8%af%d8%a9-%d9%84%d8%ba%d8%a9-%d8%a7%d9%84%d8%a2%d9%8a%d8%a8%d8%a7%d9%86\/","url":"https:\/\/fbk.upsi.edu.my\/ar\/%d9%88%d8%ad%d8%af%d8%a9-%d9%84%d8%ba%d8%a9-%d8%a7%d9%84%d8%a2%d9%8a%d8%a8%d8%a7%d9%86\/","name":"\u2518\u00ea\u00cf\u00a1\u00cf\u00bb\u00cf\u00ae \u2518\u00e4\u00cf\u2551\u00cf\u00ae \u00cf\u00ba\u2518\u00e4\u00cf\u00f3\u2518\u00e8\u00cf\u00bf\u00cf\u00ba\u2518\u00e5 - UPSI | FAKULTI BAHASA DAN KOMUNIKASI","isPartOf":{"@id":"https:\/\/fbk.upsi.edu.my\/ar\/#website"},"primaryImageOfPage":{"@id":"https:\/\/fbk.upsi.edu.my\/ar\/%d9%88%d8%ad%d8%af%d8%a9-%d9%84%d8%ba%d8%a9-%d8%a7%d9%84%d8%a2%d9%8a%d8%a8%d8%a7%d9%86\/#primaryimage"},"image":{"@id":"https:\/\/fbk.upsi.edu.my\/ar\/%d9%88%d8%ad%d8%af%d8%a9-%d9%84%d8%ba%d8%a9-%d8%a7%d9%84%d8%a2%d9%8a%d8%a8%d8%a7%d9%86\/#primaryimage"},"thumbnailUrl":"https:\/\/fbk.upsi.edu.my\/wp-content\/uploads\/2023\/05\/38-300x300.png","datePublished":"2024-06-07T02:08:22+00:00","dateModified":"2024-06-07T02:08:23+00:00","breadcrumb":{"@id":"https:\/\/fbk.upsi.edu.my\/ar\/%d9%88%d8%ad%d8%af%d8%a9-%d9%84%d8%ba%d8%a9-%d8%a7%d9%84%d8%a2%d9%8a%d8%a8%d8%a7%d9%86\/#breadcrumb"},"inLanguage":"ar","potentialAction":[{"@type":"ReadAction","target":["https:\/\/fbk.upsi.edu.my\/ar\/%d9%88%d8%ad%d8%af%d8%a9-%d9%84%d8%ba%d8%a9-%d8%a7%d9%84%d8%a2%d9%8a%d8%a8%d8%a7%d9%86\/"]}]},{"@type":"ImageObject","inLanguage":"ar","@id":"https:\/\/fbk.upsi.edu.my\/ar\/%d9%88%d8%ad%d8%af%d8%a9-%d9%84%d8%ba%d8%a9-%d8%a7%d9%84%d8%a2%d9%8a%d8%a8%d8%a7%d9%86\/#primaryimage","url":"https:\/\/fbk.upsi.edu.my\/wp-content\/uploads\/2023\/05\/38-300x300.png","contentUrl":"https:\/\/fbk.upsi.edu.my\/wp-content\/uploads\/2023\/05\/38-300x300.png"},{"@type":"BreadcrumbList","@id":"https:\/\/fbk.upsi.edu.my\/ar\/%d9%88%d8%ad%d8%af%d8%a9-%d9%84%d8%ba%d8%a9-%d8%a7%d9%84%d8%a2%d9%8a%d8%a8%d8%a7%d9%86\/#breadcrumb","itemListElement":[{"@type":"ListItem","position":1,"name":"Home","item":"https:\/\/fbk.upsi.edu.my\/ar\/"},{"@type":"ListItem","position":2,"name":"\u2518\u00ea\u00cf\u00a1\u00cf\u00bb\u00cf\u00ae \u2518\u00e4\u00cf\u2551\u00cf\u00ae \u00cf\u00ba\u2518\u00e4\u00cf\u00f3\u2518\u00e8\u00cf\u00bf\u00cf\u00ba\u2518\u00e5"}]},{"@type":"WebSite","@id":"https:\/\/fbk.upsi.edu.my\/ar\/#website","url":"https:\/\/fbk.upsi.edu.my\/ar\/","name":"UPSI | FAKULTI BAHASA DAN KOMUNIKASI","description":"","publisher":{"@id":"https:\/\/fbk.upsi.edu.my\/ar\/#organization"},"potentialAction":[{"@type":"SearchAction","target":{"@type":"EntryPoint","urlTemplate":"https:\/\/fbk.upsi.edu.my\/ar\/?s={search_term_string}"},"query-input":{"@type":"PropertyValueSpecification","valueRequired":true,"valueName":"search_term_string"}}],"inLanguage":"ar"},{"@type":"Organization","@id":"https:\/\/fbk.upsi.edu.my\/ar\/#organization","name":"UPSI | FAKULTI BAHASA DAN KOMUNIKASI","url":"https:\/\/fbk.upsi.edu.my\/ar\/","logo":{"@type":"ImageObject","inLanguage":"ar","@id":"https:\/\/fbk.upsi.edu.my\/ar\/#\/schema\/logo\/image\/","url":"https:\/\/fbk.upsi.edu.my\/wp-content\/uploads\/2025\/11\/Web-Banner-FBK-scaled.jpg","contentUrl":"https:\/\/fbk.upsi.edu.my\/wp-content\/uploads\/2025\/11\/Web-Banner-FBK-scaled.jpg","width":2560,"height":296,"caption":"UPSI | FAKULTI BAHASA DAN KOMUNIKASI"},"image":{"@id":"https:\/\/fbk.upsi.edu.my\/ar\/#\/schema\/logo\/image\/"},"sameAs":["https:\/\/www.facebook.com\/311311265728473?ref=embed_page"]}]}},"_links":{"self":[{"href":"https:\/\/fbk.upsi.edu.my\/ar\/wp-json\/wp\/v2\/pages\/9886","targetHints":{"allow":["GET"]}}],"collection":[{"href":"https:\/\/fbk.upsi.edu.my\/ar\/wp-json\/wp\/v2\/pages"}],"about":[{"href":"https:\/\/fbk.upsi.edu.my\/ar\/wp-json\/wp\/v2\/types\/page"}],"author":[{"embeddable":true,"href":"https:\/\/fbk.upsi.edu.my\/ar\/wp-json\/wp\/v2\/users\/11"}],"replies":[{"embeddable":true,"href":"https:\/\/fbk.upsi.edu.my\/ar\/wp-json\/wp\/v2\/comments?post=9886"}],"version-history":[{"count":1,"href":"https:\/\/fbk.upsi.edu.my\/ar\/wp-json\/wp\/v2\/pages\/9886\/revisions"}],"predecessor-version":[{"id":9917,"href":"https:\/\/fbk.upsi.edu.my\/ar\/wp-json\/wp\/v2\/pages\/9886\/revisions\/9917"}],"wp:attachment":[{"href":"https:\/\/fbk.upsi.edu.my\/ar\/wp-json\/wp\/v2\/media?parent=9886"}],"curies":[{"name":"wp","href":"https:\/\/api.w.org\/{rel}","templated":true}]}}