{"id":9749,"date":"2024-06-07T01:52:12","date_gmt":"2024-06-07T01:52:12","guid":{"rendered":"https:\/\/fbk.upsi.edu.my\/%d9%85%d8%b1%d8%a7%d9%81%d9%82-fbk\/"},"modified":"2024-06-07T01:52:13","modified_gmt":"2024-06-07T01:52:13","slug":"%d9%85%d8%b1%d8%a7%d9%81%d9%82-fbk","status":"publish","type":"page","link":"https:\/\/fbk.upsi.edu.my\/ar\/%d9%85%d8%b1%d8%a7%d9%81%d9%82-fbk\/","title":{"rendered":"\u2518\u00e0\u00cf\u2592\u00cf\u00ba\u2518\u00fc\u2518\u00e9 FBK"},"content":{"rendered":"\t\t<div data-elementor-type=\"wp-page\" data-elementor-id=\"9749\" class=\"elementor elementor-9749 elementor-3310\" data-elementor-post-type=\"page\">\n\t\t\t\t\t\t<section class=\"elementor-section elementor-top-section elementor-element elementor-element-3270d95 elementor-section-boxed elementor-section-height-default elementor-section-height-default\" data-id=\"3270d95\" data-element_type=\"section\" data-e-type=\"section\">\n\t\t\t\t\t\t<div class=\"elementor-container elementor-column-gap-default\">\n\t\t\t\t\t<div class=\"elementor-column elementor-col-100 elementor-top-column elementor-element elementor-element-7843b72\" data-id=\"7843b72\" data-element_type=\"column\" data-e-type=\"column\">\n\t\t\t<div class=\"elementor-widget-wrap elementor-element-populated\">\n\t\t\t\t\t\t<div class=\"elementor-element elementor-element-602d1a9 elementor-widget elementor-widget-heading\" data-id=\"602d1a9\" data-element_type=\"widget\" data-e-type=\"widget\" data-widget_type=\"heading.default\">\n\t\t\t\t<div class=\"elementor-widget-container\">\n\t\t\t\t\t<h2 class=\"elementor-heading-title elementor-size-xxl\">\u0627\u0644\u0645\u0631\u0627\u0641\u0642 \u0641\u064a \u0643\u0644\u064a\u0629 \u0627\u0644\u0644\u063a\u0627\u062a \u0648\u0627\u0644\u0627\u062a\u0635\u0627\u0644\u0627\u062a<\/h2>\t\t\t\t<\/div>\n\t\t\t\t<\/div>\n\t\t\t\t\t<\/div>\n\t\t<\/div>\n\t\t\t\t\t<\/div>\n\t\t<\/section>\n\t\t\t\t<section class=\"elementor-section elementor-top-section elementor-element elementor-element-362e7a8 elementor-section-boxed elementor-section-height-default elementor-section-height-default\" data-id=\"362e7a8\" data-element_type=\"section\" data-e-type=\"section\">\n\t\t\t\t\t\t<div class=\"elementor-container elementor-column-gap-default\">\n\t\t\t\t\t<div class=\"elementor-column elementor-col-100 elementor-top-column elementor-element elementor-element-ae31218\" data-id=\"ae31218\" data-element_type=\"column\" data-e-type=\"column\">\n\t\t\t<div class=\"elementor-widget-wrap elementor-element-populated\">\n\t\t\t\t\t\t<div class=\"elementor-element elementor-element-53f7de0 elementor-widget elementor-widget-spacer\" data-id=\"53f7de0\" data-element_type=\"widget\" data-e-type=\"widget\" data-widget_type=\"spacer.default\">\n\t\t\t\t<div class=\"elementor-widget-container\">\n\t\t\t\t\t\t\t<div class=\"elementor-spacer\">\n\t\t\t<div class=\"elementor-spacer-inner\"><\/div>\n\t\t<\/div>\n\t\t\t\t\t\t<\/div>\n\t\t\t\t<\/div>\n\t\t\t\t\t<\/div>\n\t\t<\/div>\n\t\t\t\t\t<\/div>\n\t\t<\/section>\n\t\t\t\t<section class=\"elementor-section elementor-top-section elementor-element elementor-element-d737bbf elementor-section-boxed elementor-section-height-default elementor-section-height-default\" data-id=\"d737bbf\" data-element_type=\"section\" data-e-type=\"section\" data-settings=\"{&quot;animation&quot;:&quot;none&quot;}\">\n\t\t\t\t\t\t<div class=\"elementor-container elementor-column-gap-default\">\n\t\t\t\t\t<div class=\"elementor-column elementor-col-33 elementor-top-column elementor-element elementor-element-1be14e7\" data-id=\"1be14e7\" data-element_type=\"column\" data-e-type=\"column\">\n\t\t\t<div class=\"elementor-widget-wrap elementor-element-populated\">\n\t\t\t\t\t\t<div class=\"elementor-element elementor-element-9823b79 elementor-widget elementor-widget-image\" data-id=\"9823b79\" data-element_type=\"widget\" data-e-type=\"widget\" data-widget_type=\"image.default\">\n\t\t\t\t<div class=\"elementor-widget-container\">\n\t\t\t\t\t\t\t\t\t\t\t\t\t\t\t\t<a href=\"https:\/\/fbk.upsi.edu.my\/sample-page\/meeting-room\/\">\n\t\t\t\t\t\t\t<img fetchpriority=\"high\" decoding=\"async\" width=\"300\" height=\"300\" src=\"https:\/\/fbk.upsi.edu.my\/wp-content\/uploads\/2023\/06\/11-3-300x300.png\" class=\"elementor-animation-grow attachment-medium size-medium wp-image-9754\" alt=\"\" srcset=\"https:\/\/fbk.upsi.edu.my\/wp-content\/uploads\/2023\/06\/11-3-300x300.png 300w, https:\/\/fbk.upsi.edu.my\/wp-content\/uploads\/2023\/06\/11-3-150x150.png 150w, https:\/\/fbk.upsi.edu.my\/wp-content\/uploads\/2023\/06\/11-3.png 400w\" sizes=\"(max-width: 300px) 100vw, 300px\" \/>\t\t\t\t\t\t\t\t<\/a>\n\t\t\t\t\t\t\t\t\t\t\t\t\t\t\t<\/div>\n\t\t\t\t<\/div>\n\t\t\t\t\t<\/div>\n\t\t<\/div>\n\t\t\t\t<div class=\"elementor-column elementor-col-33 elementor-top-column elementor-element elementor-element-3c852b3\" data-id=\"3c852b3\" data-element_type=\"column\" data-e-type=\"column\">\n\t\t\t<div class=\"elementor-widget-wrap elementor-element-populated\">\n\t\t\t\t\t\t<div class=\"elementor-element elementor-element-3a4e08c elementor-widget elementor-widget-image\" data-id=\"3a4e08c\" data-element_type=\"widget\" data-e-type=\"widget\" data-widget_type=\"image.default\">\n\t\t\t\t<div class=\"elementor-widget-container\">\n\t\t\t\t\t\t\t\t\t\t\t\t\t\t\t\t<a href=\"https:\/\/fbk.upsi.edu.my\/sample-page\/smart-classroom\/\">\n\t\t\t\t\t\t\t<img decoding=\"async\" width=\"300\" height=\"300\" src=\"https:\/\/fbk.upsi.edu.my\/wp-content\/uploads\/2023\/06\/15-3-300x300.png\" class=\"elementor-animation-grow attachment-medium size-medium wp-image-9753\" alt=\"\" srcset=\"https:\/\/fbk.upsi.edu.my\/wp-content\/uploads\/2023\/06\/15-3-300x300.png 300w, https:\/\/fbk.upsi.edu.my\/wp-content\/uploads\/2023\/06\/15-3-150x150.png 150w, https:\/\/fbk.upsi.edu.my\/wp-content\/uploads\/2023\/06\/15-3.png 400w\" sizes=\"(max-width: 300px) 100vw, 300px\" \/>\t\t\t\t\t\t\t\t<\/a>\n\t\t\t\t\t\t\t\t\t\t\t\t\t\t\t<\/div>\n\t\t\t\t<\/div>\n\t\t\t\t\t<\/div>\n\t\t<\/div>\n\t\t\t\t<div class=\"elementor-column elementor-col-33 elementor-top-column elementor-element elementor-element-aa3dcea\" data-id=\"aa3dcea\" data-element_type=\"column\" data-e-type=\"column\">\n\t\t\t<div class=\"elementor-widget-wrap elementor-element-populated\">\n\t\t\t\t\t\t<div class=\"elementor-element elementor-element-90e1406 elementor-widget elementor-widget-image\" data-id=\"90e1406\" data-element_type=\"widget\" data-e-type=\"widget\" data-widget_type=\"image.default\">\n\t\t\t\t<div class=\"elementor-widget-container\">\n\t\t\t\t\t\t\t\t\t\t\t\t\t\t\t\t<a href=\"https:\/\/fbk.upsi.edu.my\/laman-santai\/\">\n\t\t\t\t\t\t\t<img decoding=\"async\" width=\"300\" height=\"300\" src=\"https:\/\/fbk.upsi.edu.my\/wp-content\/uploads\/2023\/06\/13-3-300x300.png\" class=\"elementor-animation-grow attachment-medium size-medium wp-image-9751\" alt=\"\" srcset=\"https:\/\/fbk.upsi.edu.my\/wp-content\/uploads\/2023\/06\/13-3-300x300.png 300w, https:\/\/fbk.upsi.edu.my\/wp-content\/uploads\/2023\/06\/13-3-150x150.png 150w, https:\/\/fbk.upsi.edu.my\/wp-content\/uploads\/2023\/06\/13-3.png 400w\" sizes=\"(max-width: 300px) 100vw, 300px\" \/>\t\t\t\t\t\t\t\t<\/a>\n\t\t\t\t\t\t\t\t\t\t\t\t\t\t\t<\/div>\n\t\t\t\t<\/div>\n\t\t\t\t\t<\/div>\n\t\t<\/div>\n\t\t\t\t\t<\/div>\n\t\t<\/section>\n\t\t\t\t<section class=\"elementor-section elementor-top-section elementor-element elementor-element-96954bd elementor-section-boxed elementor-section-height-default elementor-section-height-default\" data-id=\"96954bd\" data-element_type=\"section\" data-e-type=\"section\">\n\t\t\t\t\t\t<div class=\"elementor-container elementor-column-gap-default\">\n\t\t\t\t\t<div class=\"elementor-column elementor-col-100 elementor-top-column elementor-element elementor-element-0309ef5\" data-id=\"0309ef5\" data-element_type=\"column\" data-e-type=\"column\">\n\t\t\t<div class=\"elementor-widget-wrap elementor-element-populated\">\n\t\t\t\t\t\t<div class=\"elementor-element elementor-element-b5d9c91 elementor-widget elementor-widget-spacer\" data-id=\"b5d9c91\" data-element_type=\"widget\" data-e-type=\"widget\" data-widget_type=\"spacer.default\">\n\t\t\t\t<div class=\"elementor-widget-container\">\n\t\t\t\t\t\t\t<div class=\"elementor-spacer\">\n\t\t\t<div class=\"elementor-spacer-inner\"><\/div>\n\t\t<\/div>\n\t\t\t\t\t\t<\/div>\n\t\t\t\t<\/div>\n\t\t\t\t\t<\/div>\n\t\t<\/div>\n\t\t\t\t\t<\/div>\n\t\t<\/section>\n\t\t\t\t<section class=\"elementor-section elementor-top-section elementor-element elementor-element-fe6a686 elementor-section-boxed elementor-section-height-default elementor-section-height-default\" data-id=\"fe6a686\" data-element_type=\"section\" data-e-type=\"section\">\n\t\t\t\t\t\t<div class=\"elementor-container elementor-column-gap-default\">\n\t\t\t\t\t<div class=\"elementor-column elementor-col-33 elementor-top-column elementor-element elementor-element-498b812\" data-id=\"498b812\" data-element_type=\"column\" data-e-type=\"column\">\n\t\t\t<div class=\"elementor-widget-wrap elementor-element-populated\">\n\t\t\t\t\t\t<div class=\"elementor-element elementor-element-2d4e59c elementor-widget elementor-widget-image\" data-id=\"2d4e59c\" data-element_type=\"widget\" data-e-type=\"widget\" data-widget_type=\"image.default\">\n\t\t\t\t<div class=\"elementor-widget-container\">\n\t\t\t\t\t\t\t\t\t\t\t\t\t\t\t\t<a href=\"https:\/\/fbk.upsi.edu.my\/ar\/%d8%b1%d8%af%d9%87%d8%a9\/\">\n\t\t\t\t\t\t\t<img loading=\"lazy\" decoding=\"async\" width=\"300\" height=\"300\" src=\"https:\/\/fbk.upsi.edu.my\/wp-content\/uploads\/2023\/06\/16-300x300.png\" class=\"elementor-animation-grow attachment-medium size-medium wp-image-9756\" alt=\"\" srcset=\"https:\/\/fbk.upsi.edu.my\/wp-content\/uploads\/2023\/06\/16-300x300.png 300w, https:\/\/fbk.upsi.edu.my\/wp-content\/uploads\/2023\/06\/16-150x150.png 150w, https:\/\/fbk.upsi.edu.my\/wp-content\/uploads\/2023\/06\/16.png 400w\" sizes=\"(max-width: 300px) 100vw, 300px\" \/>\t\t\t\t\t\t\t\t<\/a>\n\t\t\t\t\t\t\t\t\t\t\t\t\t\t\t<\/div>\n\t\t\t\t<\/div>\n\t\t\t\t\t<\/div>\n\t\t<\/div>\n\t\t\t\t<div class=\"elementor-column elementor-col-33 elementor-top-column elementor-element elementor-element-3b7f848\" data-id=\"3b7f848\" data-element_type=\"column\" data-e-type=\"column\">\n\t\t\t<div class=\"elementor-widget-wrap elementor-element-populated\">\n\t\t\t\t\t\t<div class=\"elementor-element elementor-element-802449d elementor-widget elementor-widget-image\" data-id=\"802449d\" data-element_type=\"widget\" data-e-type=\"widget\" data-widget_type=\"image.default\">\n\t\t\t\t<div class=\"elementor-widget-container\">\n\t\t\t\t\t\t\t\t\t\t\t\t\t\t\t\t<a href=\"https:\/\/fbk.upsi.edu.my\/faculty-building-environment\/\">\n\t\t\t\t\t\t\t<img loading=\"lazy\" decoding=\"async\" width=\"300\" height=\"300\" src=\"https:\/\/fbk.upsi.edu.my\/wp-content\/uploads\/2023\/06\/18-300x300.png\" class=\"elementor-animation-grow attachment-medium size-medium wp-image-9757\" alt=\"\" srcset=\"https:\/\/fbk.upsi.edu.my\/wp-content\/uploads\/2023\/06\/18-300x300.png 300w, https:\/\/fbk.upsi.edu.my\/wp-content\/uploads\/2023\/06\/18-150x150.png 150w, https:\/\/fbk.upsi.edu.my\/wp-content\/uploads\/2023\/06\/18.png 400w\" sizes=\"(max-width: 300px) 100vw, 300px\" \/>\t\t\t\t\t\t\t\t<\/a>\n\t\t\t\t\t\t\t\t\t\t\t\t\t\t\t<\/div>\n\t\t\t\t<\/div>\n\t\t\t\t\t<\/div>\n\t\t<\/div>\n\t\t\t\t<div class=\"elementor-column elementor-col-33 elementor-top-column elementor-element elementor-element-e616e83\" data-id=\"e616e83\" data-element_type=\"column\" data-e-type=\"column\">\n\t\t\t<div class=\"elementor-widget-wrap elementor-element-populated\">\n\t\t\t\t\t\t<div class=\"elementor-element elementor-element-024a5f2 elementor-widget elementor-widget-image\" data-id=\"024a5f2\" data-element_type=\"widget\" data-e-type=\"widget\" data-widget_type=\"image.default\">\n\t\t\t\t<div class=\"elementor-widget-container\">\n\t\t\t\t\t\t\t\t\t\t\t\t\t\t\t\t<a href=\"https:\/\/fbk.upsi.edu.my\/faculty-building-environment\/\">\n\t\t\t\t\t\t\t<img loading=\"lazy\" decoding=\"async\" width=\"300\" height=\"300\" src=\"https:\/\/fbk.upsi.edu.my\/wp-content\/uploads\/2023\/06\/20-300x300.png\" class=\"elementor-animation-grow attachment-medium size-medium wp-image-9759\" alt=\"\" srcset=\"https:\/\/fbk.upsi.edu.my\/wp-content\/uploads\/2023\/06\/20-300x300.png 300w, https:\/\/fbk.upsi.edu.my\/wp-content\/uploads\/2023\/06\/20-150x150.png 150w, https:\/\/fbk.upsi.edu.my\/wp-content\/uploads\/2023\/06\/20.png 400w\" sizes=\"(max-width: 300px) 100vw, 300px\" \/>\t\t\t\t\t\t\t\t<\/a>\n\t\t\t\t\t\t\t\t\t\t\t\t\t\t\t<\/div>\n\t\t\t\t<\/div>\n\t\t\t\t\t<\/div>\n\t\t<\/div>\n\t\t\t\t\t<\/div>\n\t\t<\/section>\n\t\t\t\t<section class=\"elementor-section elementor-top-section elementor-element elementor-element-ad1ce49 elementor-section-boxed elementor-section-height-default elementor-section-height-default\" data-id=\"ad1ce49\" data-element_type=\"section\" data-e-type=\"section\">\n\t\t\t\t\t\t<div class=\"elementor-container elementor-column-gap-default\">\n\t\t\t\t\t<div class=\"elementor-column elementor-col-100 elementor-top-column elementor-element elementor-element-78d898e\" data-id=\"78d898e\" data-element_type=\"column\" data-e-type=\"column\">\n\t\t\t<div class=\"elementor-widget-wrap elementor-element-populated\">\n\t\t\t\t\t\t<div class=\"elementor-element elementor-element-4a07981 elementor-widget elementor-widget-spacer\" data-id=\"4a07981\" data-element_type=\"widget\" data-e-type=\"widget\" data-widget_type=\"spacer.default\">\n\t\t\t\t<div class=\"elementor-widget-container\">\n\t\t\t\t\t\t\t<div class=\"elementor-spacer\">\n\t\t\t<div class=\"elementor-spacer-inner\"><\/div>\n\t\t<\/div>\n\t\t\t\t\t\t<\/div>\n\t\t\t\t<\/div>\n\t\t\t\t\t<\/div>\n\t\t<\/div>\n\t\t\t\t\t<\/div>\n\t\t<\/section>\n\t\t\t\t<\/div>\n\t\t","protected":false},"excerpt":{"rendered":"<p>\u00cf\u00ba\u2518\u00e4\u2518\u00e0\u00cf\u2592\u00cf\u00ba\u2518\u00fc\u2518\u00e9 \u2518\u00fc\u2518\u00e8 \u2518\u00e2\u2518\u00e4\u2518\u00e8\u00cf\u00ae \u00cf\u00ba\u2518\u00e4\u2518\u00e4\u00cf\u2551\u00cf\u00ba\u00cf\u00ac \u2518\u00ea\u00cf\u00ba\u2518\u00e4\u00cf\u00ba\u00cf\u00ac\u00cf\u00c1\u00cf\u00ba\u2518\u00e4\u00cf\u00ba\u00cf\u00ac<\/p>\n","protected":false},"author":11,"featured_media":0,"parent":0,"menu_order":0,"comment_status":"closed","ping_status":"closed","template":"template-full-width-without-title.php","meta":{"footnotes":""},"class_list":["post-9749","page","type-page","status-publish","hentry"],"yoast_head":"<!-- This site is optimized with the Yoast SEO plugin v27.3 - https:\/\/yoast.com\/product\/yoast-seo-wordpress\/ -->\n<title>\u2518\u00e0\u00cf\u2592\u00cf\u00ba\u2518\u00fc\u2518\u00e9 FBK - UPSI | FAKULTI BAHASA DAN KOMUNIKASI<\/title>\n<meta name=\"robots\" content=\"index, follow, max-snippet:-1, max-image-preview:large, max-video-preview:-1\" \/>\n<link rel=\"canonical\" href=\"https:\/\/fbk.upsi.edu.my\/ar\/%d9%85%d8%b1%d8%a7%d9%81%d9%82-fbk\/\" \/>\n<meta property=\"og:locale\" content=\"ar_AR\" \/>\n<meta property=\"og:type\" content=\"article\" \/>\n<meta property=\"og:title\" content=\"\u2518\u00e0\u00cf\u2592\u00cf\u00ba\u2518\u00fc\u2518\u00e9 FBK - UPSI | FAKULTI BAHASA DAN KOMUNIKASI\" \/>\n<meta property=\"og:description\" content=\"\u00cf\u00ba\u2518\u00e4\u2518\u00e0\u00cf\u2592\u00cf\u00ba\u2518\u00fc\u2518\u00e9 \u2518\u00fc\u2518\u00e8 \u2518\u00e2\u2518\u00e4\u2518\u00e8\u00cf\u00ae \u00cf\u00ba\u2518\u00e4\u2518\u00e4\u00cf\u2551\u00cf\u00ba\u00cf\u00ac \u2518\u00ea\u00cf\u00ba\u2518\u00e4\u00cf\u00ba\u00cf\u00ac\u00cf\u00c1\u00cf\u00ba\u2518\u00e4\u00cf\u00ba\u00cf\u00ac\" \/>\n<meta property=\"og:url\" content=\"https:\/\/fbk.upsi.edu.my\/ar\/%d9%85%d8%b1%d8%a7%d9%81%d9%82-fbk\/\" \/>\n<meta property=\"og:site_name\" content=\"UPSI | FAKULTI BAHASA DAN KOMUNIKASI\" \/>\n<meta property=\"article:publisher\" content=\"https:\/\/www.facebook.com\/311311265728473?ref=embed_page\" \/>\n<meta property=\"article:modified_time\" content=\"2024-06-07T01:52:13+00:00\" \/>\n<meta property=\"og:image\" content=\"https:\/\/fbk.upsi.edu.my\/wp-content\/uploads\/2023\/06\/11-3.png\" \/>\n\t<meta property=\"og:image:width\" content=\"400\" \/>\n\t<meta property=\"og:image:height\" content=\"400\" \/>\n\t<meta property=\"og:image:type\" content=\"image\/png\" \/>\n<meta name=\"twitter:card\" content=\"summary_large_image\" \/>\n<script type=\"application\/ld+json\" class=\"yoast-schema-graph\">{\"@context\":\"https:\\\/\\\/schema.org\",\"@graph\":[{\"@type\":\"WebPage\",\"@id\":\"https:\\\/\\\/fbk.upsi.edu.my\\\/ar\\\/%d9%85%d8%b1%d8%a7%d9%81%d9%82-fbk\\\/\",\"url\":\"https:\\\/\\\/fbk.upsi.edu.my\\\/ar\\\/%d9%85%d8%b1%d8%a7%d9%81%d9%82-fbk\\\/\",\"name\":\"\u2518\u00e0\u00cf\u2592\u00cf\u00ba\u2518\u00fc\u2518\u00e9 FBK - UPSI | FAKULTI BAHASA DAN KOMUNIKASI\",\"isPartOf\":{\"@id\":\"https:\\\/\\\/fbk.upsi.edu.my\\\/ar\\\/#website\"},\"primaryImageOfPage\":{\"@id\":\"https:\\\/\\\/fbk.upsi.edu.my\\\/ar\\\/%d9%85%d8%b1%d8%a7%d9%81%d9%82-fbk\\\/#primaryimage\"},\"image\":{\"@id\":\"https:\\\/\\\/fbk.upsi.edu.my\\\/ar\\\/%d9%85%d8%b1%d8%a7%d9%81%d9%82-fbk\\\/#primaryimage\"},\"thumbnailUrl\":\"https:\\\/\\\/fbk.upsi.edu.my\\\/wp-content\\\/uploads\\\/2023\\\/06\\\/11-3-300x300.png\",\"datePublished\":\"2024-06-07T01:52:12+00:00\",\"dateModified\":\"2024-06-07T01:52:13+00:00\",\"breadcrumb\":{\"@id\":\"https:\\\/\\\/fbk.upsi.edu.my\\\/ar\\\/%d9%85%d8%b1%d8%a7%d9%81%d9%82-fbk\\\/#breadcrumb\"},\"inLanguage\":\"ar\",\"potentialAction\":[{\"@type\":\"ReadAction\",\"target\":[\"https:\\\/\\\/fbk.upsi.edu.my\\\/ar\\\/%d9%85%d8%b1%d8%a7%d9%81%d9%82-fbk\\\/\"]}]},{\"@type\":\"ImageObject\",\"inLanguage\":\"ar\",\"@id\":\"https:\\\/\\\/fbk.upsi.edu.my\\\/ar\\\/%d9%85%d8%b1%d8%a7%d9%81%d9%82-fbk\\\/#primaryimage\",\"url\":\"https:\\\/\\\/fbk.upsi.edu.my\\\/wp-content\\\/uploads\\\/2023\\\/06\\\/11-3-300x300.png\",\"contentUrl\":\"https:\\\/\\\/fbk.upsi.edu.my\\\/wp-content\\\/uploads\\\/2023\\\/06\\\/11-3-300x300.png\"},{\"@type\":\"BreadcrumbList\",\"@id\":\"https:\\\/\\\/fbk.upsi.edu.my\\\/ar\\\/%d9%85%d8%b1%d8%a7%d9%81%d9%82-fbk\\\/#breadcrumb\",\"itemListElement\":[{\"@type\":\"ListItem\",\"position\":1,\"name\":\"Home\",\"item\":\"https:\\\/\\\/fbk.upsi.edu.my\\\/ar\\\/\"},{\"@type\":\"ListItem\",\"position\":2,\"name\":\"\u2518\u00e0\u00cf\u2592\u00cf\u00ba\u2518\u00fc\u2518\u00e9 FBK\"}]},{\"@type\":\"WebSite\",\"@id\":\"https:\\\/\\\/fbk.upsi.edu.my\\\/ar\\\/#website\",\"url\":\"https:\\\/\\\/fbk.upsi.edu.my\\\/ar\\\/\",\"name\":\"UPSI | FAKULTI BAHASA DAN KOMUNIKASI\",\"description\":\"\",\"publisher\":{\"@id\":\"https:\\\/\\\/fbk.upsi.edu.my\\\/ar\\\/#organization\"},\"potentialAction\":[{\"@type\":\"SearchAction\",\"target\":{\"@type\":\"EntryPoint\",\"urlTemplate\":\"https:\\\/\\\/fbk.upsi.edu.my\\\/ar\\\/?s={search_term_string}\"},\"query-input\":{\"@type\":\"PropertyValueSpecification\",\"valueRequired\":true,\"valueName\":\"search_term_string\"}}],\"inLanguage\":\"ar\"},{\"@type\":\"Organization\",\"@id\":\"https:\\\/\\\/fbk.upsi.edu.my\\\/ar\\\/#organization\",\"name\":\"UPSI | FAKULTI BAHASA DAN KOMUNIKASI\",\"url\":\"https:\\\/\\\/fbk.upsi.edu.my\\\/ar\\\/\",\"logo\":{\"@type\":\"ImageObject\",\"inLanguage\":\"ar\",\"@id\":\"https:\\\/\\\/fbk.upsi.edu.my\\\/ar\\\/#\\\/schema\\\/logo\\\/image\\\/\",\"url\":\"https:\\\/\\\/fbk.upsi.edu.my\\\/wp-content\\\/uploads\\\/2025\\\/11\\\/Web-Banner-FBK-scaled.jpg\",\"contentUrl\":\"https:\\\/\\\/fbk.upsi.edu.my\\\/wp-content\\\/uploads\\\/2025\\\/11\\\/Web-Banner-FBK-scaled.jpg\",\"width\":2560,\"height\":296,\"caption\":\"UPSI | FAKULTI BAHASA DAN KOMUNIKASI\"},\"image\":{\"@id\":\"https:\\\/\\\/fbk.upsi.edu.my\\\/ar\\\/#\\\/schema\\\/logo\\\/image\\\/\"},\"sameAs\":[\"https:\\\/\\\/www.facebook.com\\\/311311265728473?ref=embed_page\"]}]}<\/script>\n<!-- \/ Yoast SEO plugin. -->","yoast_head_json":{"title":"\u2518\u00e0\u00cf\u2592\u00cf\u00ba\u2518\u00fc\u2518\u00e9 FBK - UPSI | FAKULTI BAHASA DAN KOMUNIKASI","robots":{"index":"index","follow":"follow","max-snippet":"max-snippet:-1","max-image-preview":"max-image-preview:large","max-video-preview":"max-video-preview:-1"},"canonical":"https:\/\/fbk.upsi.edu.my\/ar\/%d9%85%d8%b1%d8%a7%d9%81%d9%82-fbk\/","og_locale":"ar_AR","og_type":"article","og_title":"\u2518\u00e0\u00cf\u2592\u00cf\u00ba\u2518\u00fc\u2518\u00e9 FBK - UPSI | FAKULTI BAHASA DAN KOMUNIKASI","og_description":"\u00cf\u00ba\u2518\u00e4\u2518\u00e0\u00cf\u2592\u00cf\u00ba\u2518\u00fc\u2518\u00e9 \u2518\u00fc\u2518\u00e8 \u2518\u00e2\u2518\u00e4\u2518\u00e8\u00cf\u00ae \u00cf\u00ba\u2518\u00e4\u2518\u00e4\u00cf\u2551\u00cf\u00ba\u00cf\u00ac \u2518\u00ea\u00cf\u00ba\u2518\u00e4\u00cf\u00ba\u00cf\u00ac\u00cf\u00c1\u00cf\u00ba\u2518\u00e4\u00cf\u00ba\u00cf\u00ac","og_url":"https:\/\/fbk.upsi.edu.my\/ar\/%d9%85%d8%b1%d8%a7%d9%81%d9%82-fbk\/","og_site_name":"UPSI | FAKULTI BAHASA DAN KOMUNIKASI","article_publisher":"https:\/\/www.facebook.com\/311311265728473?ref=embed_page","article_modified_time":"2024-06-07T01:52:13+00:00","og_image":[{"width":400,"height":400,"url":"https:\/\/fbk.upsi.edu.my\/wp-content\/uploads\/2023\/06\/11-3.png","type":"image\/png"}],"twitter_card":"summary_large_image","schema":{"@context":"https:\/\/schema.org","@graph":[{"@type":"WebPage","@id":"https:\/\/fbk.upsi.edu.my\/ar\/%d9%85%d8%b1%d8%a7%d9%81%d9%82-fbk\/","url":"https:\/\/fbk.upsi.edu.my\/ar\/%d9%85%d8%b1%d8%a7%d9%81%d9%82-fbk\/","name":"\u2518\u00e0\u00cf\u2592\u00cf\u00ba\u2518\u00fc\u2518\u00e9 FBK - UPSI | FAKULTI BAHASA DAN KOMUNIKASI","isPartOf":{"@id":"https:\/\/fbk.upsi.edu.my\/ar\/#website"},"primaryImageOfPage":{"@id":"https:\/\/fbk.upsi.edu.my\/ar\/%d9%85%d8%b1%d8%a7%d9%81%d9%82-fbk\/#primaryimage"},"image":{"@id":"https:\/\/fbk.upsi.edu.my\/ar\/%d9%85%d8%b1%d8%a7%d9%81%d9%82-fbk\/#primaryimage"},"thumbnailUrl":"https:\/\/fbk.upsi.edu.my\/wp-content\/uploads\/2023\/06\/11-3-300x300.png","datePublished":"2024-06-07T01:52:12+00:00","dateModified":"2024-06-07T01:52:13+00:00","breadcrumb":{"@id":"https:\/\/fbk.upsi.edu.my\/ar\/%d9%85%d8%b1%d8%a7%d9%81%d9%82-fbk\/#breadcrumb"},"inLanguage":"ar","potentialAction":[{"@type":"ReadAction","target":["https:\/\/fbk.upsi.edu.my\/ar\/%d9%85%d8%b1%d8%a7%d9%81%d9%82-fbk\/"]}]},{"@type":"ImageObject","inLanguage":"ar","@id":"https:\/\/fbk.upsi.edu.my\/ar\/%d9%85%d8%b1%d8%a7%d9%81%d9%82-fbk\/#primaryimage","url":"https:\/\/fbk.upsi.edu.my\/wp-content\/uploads\/2023\/06\/11-3-300x300.png","contentUrl":"https:\/\/fbk.upsi.edu.my\/wp-content\/uploads\/2023\/06\/11-3-300x300.png"},{"@type":"BreadcrumbList","@id":"https:\/\/fbk.upsi.edu.my\/ar\/%d9%85%d8%b1%d8%a7%d9%81%d9%82-fbk\/#breadcrumb","itemListElement":[{"@type":"ListItem","position":1,"name":"Home","item":"https:\/\/fbk.upsi.edu.my\/ar\/"},{"@type":"ListItem","position":2,"name":"\u2518\u00e0\u00cf\u2592\u00cf\u00ba\u2518\u00fc\u2518\u00e9 FBK"}]},{"@type":"WebSite","@id":"https:\/\/fbk.upsi.edu.my\/ar\/#website","url":"https:\/\/fbk.upsi.edu.my\/ar\/","name":"UPSI | FAKULTI BAHASA DAN KOMUNIKASI","description":"","publisher":{"@id":"https:\/\/fbk.upsi.edu.my\/ar\/#organization"},"potentialAction":[{"@type":"SearchAction","target":{"@type":"EntryPoint","urlTemplate":"https:\/\/fbk.upsi.edu.my\/ar\/?s={search_term_string}"},"query-input":{"@type":"PropertyValueSpecification","valueRequired":true,"valueName":"search_term_string"}}],"inLanguage":"ar"},{"@type":"Organization","@id":"https:\/\/fbk.upsi.edu.my\/ar\/#organization","name":"UPSI | FAKULTI BAHASA DAN KOMUNIKASI","url":"https:\/\/fbk.upsi.edu.my\/ar\/","logo":{"@type":"ImageObject","inLanguage":"ar","@id":"https:\/\/fbk.upsi.edu.my\/ar\/#\/schema\/logo\/image\/","url":"https:\/\/fbk.upsi.edu.my\/wp-content\/uploads\/2025\/11\/Web-Banner-FBK-scaled.jpg","contentUrl":"https:\/\/fbk.upsi.edu.my\/wp-content\/uploads\/2025\/11\/Web-Banner-FBK-scaled.jpg","width":2560,"height":296,"caption":"UPSI | FAKULTI BAHASA DAN KOMUNIKASI"},"image":{"@id":"https:\/\/fbk.upsi.edu.my\/ar\/#\/schema\/logo\/image\/"},"sameAs":["https:\/\/www.facebook.com\/311311265728473?ref=embed_page"]}]}},"_links":{"self":[{"href":"https:\/\/fbk.upsi.edu.my\/ar\/wp-json\/wp\/v2\/pages\/9749","targetHints":{"allow":["GET"]}}],"collection":[{"href":"https:\/\/fbk.upsi.edu.my\/ar\/wp-json\/wp\/v2\/pages"}],"about":[{"href":"https:\/\/fbk.upsi.edu.my\/ar\/wp-json\/wp\/v2\/types\/page"}],"author":[{"embeddable":true,"href":"https:\/\/fbk.upsi.edu.my\/ar\/wp-json\/wp\/v2\/users\/11"}],"replies":[{"embeddable":true,"href":"https:\/\/fbk.upsi.edu.my\/ar\/wp-json\/wp\/v2\/comments?post=9749"}],"version-history":[{"count":1,"href":"https:\/\/fbk.upsi.edu.my\/ar\/wp-json\/wp\/v2\/pages\/9749\/revisions"}],"predecessor-version":[{"id":9763,"href":"https:\/\/fbk.upsi.edu.my\/ar\/wp-json\/wp\/v2\/pages\/9749\/revisions\/9763"}],"wp:attachment":[{"href":"https:\/\/fbk.upsi.edu.my\/ar\/wp-json\/wp\/v2\/media?parent=9749"}],"curies":[{"name":"wp","href":"https:\/\/api.w.org\/{rel}","templated":true}]}}