{"id":9522,"date":"2024-06-06T08:14:10","date_gmt":"2024-06-06T08:14:10","guid":{"rendered":"https:\/\/fbk.upsi.edu.my\/%d9%85%d8%ae%d8%b7%d8%b7-%d8%a7%d9%84%d8%b9%d9%85%d9%8a%d9%84\/"},"modified":"2024-06-06T08:14:11","modified_gmt":"2024-06-06T08:14:11","slug":"%d9%85%d8%ae%d8%b7%d8%b7-%d8%a7%d9%84%d8%b9%d9%85%d9%8a%d9%84","status":"publish","type":"page","link":"https:\/\/fbk.upsi.edu.my\/ar\/%d9%85%d8%ae%d8%b7%d8%b7-%d8%a7%d9%84%d8%b9%d9%85%d9%8a%d9%84\/","title":{"rendered":"\u2518\u00e0\u00cf\u00ab\u00cf\u00c0\u00cf\u00c0 \u00cf\u00ba\u2518\u00e4\u00cf\u2563\u2518\u00e0\u2518\u00e8\u2518\u00e4"},"content":{"rendered":"\t\t<div data-elementor-type=\"wp-page\" data-elementor-id=\"9522\" class=\"elementor elementor-9522 elementor-3820\" data-elementor-post-type=\"page\">\n\t\t\t\t\t\t<section class=\"elementor-section elementor-top-section elementor-element elementor-element-5d5c28f elementor-section-boxed elementor-section-height-default elementor-section-height-default\" data-id=\"5d5c28f\" data-element_type=\"section\" data-e-type=\"section\">\n\t\t\t\t\t\t<div class=\"elementor-container elementor-column-gap-default\">\n\t\t\t\t\t<div class=\"elementor-column elementor-col-100 elementor-top-column elementor-element elementor-element-557def6\" data-id=\"557def6\" data-element_type=\"column\" data-e-type=\"column\">\n\t\t\t<div class=\"elementor-widget-wrap elementor-element-populated\">\n\t\t\t\t\t\t<div class=\"elementor-element elementor-element-d7a7e34 elementor-widget elementor-widget-image\" data-id=\"d7a7e34\" data-element_type=\"widget\" data-e-type=\"widget\" data-widget_type=\"image.default\">\n\t\t\t\t<div class=\"elementor-widget-container\">\n\t\t\t\t\t\t\t\t\t\t\t\t\t\t\t<img fetchpriority=\"high\" decoding=\"async\" width=\"2000\" height=\"800\" src=\"https:\/\/fbk.upsi.edu.my\/wp-content\/uploads\/2024\/02\/CLIENT-CHART-TASKBAR-TERBARU.png\" class=\"attachment-full size-full wp-image-9554\" alt=\"\" srcset=\"https:\/\/fbk.upsi.edu.my\/wp-content\/uploads\/2024\/02\/CLIENT-CHART-TASKBAR-TERBARU.png 2000w, https:\/\/fbk.upsi.edu.my\/wp-content\/uploads\/2024\/02\/CLIENT-CHART-TASKBAR-TERBARU-300x120.png 300w, https:\/\/fbk.upsi.edu.my\/wp-content\/uploads\/2024\/02\/CLIENT-CHART-TASKBAR-TERBARU-1024x410.png 1024w, https:\/\/fbk.upsi.edu.my\/wp-content\/uploads\/2024\/02\/CLIENT-CHART-TASKBAR-TERBARU-768x307.png 768w, https:\/\/fbk.upsi.edu.my\/wp-content\/uploads\/2024\/02\/CLIENT-CHART-TASKBAR-TERBARU-1536x614.png 1536w, https:\/\/fbk.upsi.edu.my\/wp-content\/uploads\/2024\/02\/CLIENT-CHART-TASKBAR-TERBARU-1170x468.png 1170w\" sizes=\"(max-width: 2000px) 100vw, 2000px\" \/>\t\t\t\t\t\t\t\t\t\t\t\t\t\t\t<\/div>\n\t\t\t\t<\/div>\n\t\t\t\t<div class=\"elementor-element elementor-element-60c01eb elementor-widget elementor-widget-image\" data-id=\"60c01eb\" data-element_type=\"widget\" data-e-type=\"widget\" data-widget_type=\"image.default\">\n\t\t\t\t<div class=\"elementor-widget-container\">\n\t\t\t\t\t\t\t\t\t\t\t\t\t\t\t<img decoding=\"async\" width=\"1920\" height=\"480\" src=\"https:\/\/fbk.upsi.edu.my\/wp-content\/uploads\/2024\/02\/1-6.png\" class=\"elementor-animation-float attachment-full size-full wp-image-9556\" alt=\"\" srcset=\"https:\/\/fbk.upsi.edu.my\/wp-content\/uploads\/2024\/02\/1-6.png 1920w, https:\/\/fbk.upsi.edu.my\/wp-content\/uploads\/2024\/02\/1-6-300x75.png 300w, https:\/\/fbk.upsi.edu.my\/wp-content\/uploads\/2024\/02\/1-6-1024x256.png 1024w, https:\/\/fbk.upsi.edu.my\/wp-content\/uploads\/2024\/02\/1-6-768x192.png 768w, https:\/\/fbk.upsi.edu.my\/wp-content\/uploads\/2024\/02\/1-6-1536x384.png 1536w, https:\/\/fbk.upsi.edu.my\/wp-content\/uploads\/2024\/02\/1-6-1170x293.png 1170w\" sizes=\"(max-width: 1920px) 100vw, 1920px\" \/>\t\t\t\t\t\t\t\t\t\t\t\t\t\t\t<\/div>\n\t\t\t\t<\/div>\n\t\t\t\t<div class=\"elementor-element elementor-element-2fdafca elementor-widget elementor-widget-image\" data-id=\"2fdafca\" data-element_type=\"widget\" data-e-type=\"widget\" data-widget_type=\"image.default\">\n\t\t\t\t<div class=\"elementor-widget-container\">\n\t\t\t\t\t\t\t\t\t\t\t\t\t\t\t<img decoding=\"async\" width=\"1920\" height=\"480\" src=\"https:\/\/fbk.upsi.edu.my\/wp-content\/uploads\/2024\/02\/2-6.png\" class=\"elementor-animation-float attachment-full size-full wp-image-9557\" alt=\"\" srcset=\"https:\/\/fbk.upsi.edu.my\/wp-content\/uploads\/2024\/02\/2-6.png 1920w, https:\/\/fbk.upsi.edu.my\/wp-content\/uploads\/2024\/02\/2-6-300x75.png 300w, https:\/\/fbk.upsi.edu.my\/wp-content\/uploads\/2024\/02\/2-6-1024x256.png 1024w, https:\/\/fbk.upsi.edu.my\/wp-content\/uploads\/2024\/02\/2-6-768x192.png 768w, https:\/\/fbk.upsi.edu.my\/wp-content\/uploads\/2024\/02\/2-6-1536x384.png 1536w, https:\/\/fbk.upsi.edu.my\/wp-content\/uploads\/2024\/02\/2-6-1170x293.png 1170w\" sizes=\"(max-width: 1920px) 100vw, 1920px\" \/>\t\t\t\t\t\t\t\t\t\t\t\t\t\t\t<\/div>\n\t\t\t\t<\/div>\n\t\t\t\t<div class=\"elementor-element elementor-element-094a41d elementor-widget elementor-widget-image\" data-id=\"094a41d\" data-element_type=\"widget\" data-e-type=\"widget\" data-widget_type=\"image.default\">\n\t\t\t\t<div class=\"elementor-widget-container\">\n\t\t\t\t\t\t\t\t\t\t\t\t\t\t\t<img loading=\"lazy\" decoding=\"async\" width=\"1920\" height=\"480\" src=\"https:\/\/fbk.upsi.edu.my\/wp-content\/uploads\/2024\/02\/3-4.png\" class=\"elementor-animation-float attachment-full size-full wp-image-9558\" alt=\"\" srcset=\"https:\/\/fbk.upsi.edu.my\/wp-content\/uploads\/2024\/02\/3-4.png 1920w, https:\/\/fbk.upsi.edu.my\/wp-content\/uploads\/2024\/02\/3-4-300x75.png 300w, https:\/\/fbk.upsi.edu.my\/wp-content\/uploads\/2024\/02\/3-4-1024x256.png 1024w, https:\/\/fbk.upsi.edu.my\/wp-content\/uploads\/2024\/02\/3-4-768x192.png 768w, https:\/\/fbk.upsi.edu.my\/wp-content\/uploads\/2024\/02\/3-4-1536x384.png 1536w, https:\/\/fbk.upsi.edu.my\/wp-content\/uploads\/2024\/02\/3-4-1170x293.png 1170w\" sizes=\"(max-width: 1920px) 100vw, 1920px\" \/>\t\t\t\t\t\t\t\t\t\t\t\t\t\t\t<\/div>\n\t\t\t\t<\/div>\n\t\t\t\t<div class=\"elementor-element elementor-element-d73ca72 elementor-widget elementor-widget-image\" data-id=\"d73ca72\" data-element_type=\"widget\" data-e-type=\"widget\" data-widget_type=\"image.default\">\n\t\t\t\t<div class=\"elementor-widget-container\">\n\t\t\t\t\t\t\t\t\t\t\t\t\t\t\t<img loading=\"lazy\" decoding=\"async\" width=\"1920\" height=\"480\" src=\"https:\/\/fbk.upsi.edu.my\/wp-content\/uploads\/2024\/02\/4-2.png\" class=\"elementor-animation-float attachment-full size-full wp-image-9559\" alt=\"\" srcset=\"https:\/\/fbk.upsi.edu.my\/wp-content\/uploads\/2024\/02\/4-2.png 1920w, https:\/\/fbk.upsi.edu.my\/wp-content\/uploads\/2024\/02\/4-2-300x75.png 300w, https:\/\/fbk.upsi.edu.my\/wp-content\/uploads\/2024\/02\/4-2-1024x256.png 1024w, https:\/\/fbk.upsi.edu.my\/wp-content\/uploads\/2024\/02\/4-2-768x192.png 768w, https:\/\/fbk.upsi.edu.my\/wp-content\/uploads\/2024\/02\/4-2-1536x384.png 1536w, https:\/\/fbk.upsi.edu.my\/wp-content\/uploads\/2024\/02\/4-2-1170x293.png 1170w\" sizes=\"(max-width: 1920px) 100vw, 1920px\" \/>\t\t\t\t\t\t\t\t\t\t\t\t\t\t\t<\/div>\n\t\t\t\t<\/div>\n\t\t\t\t<div class=\"elementor-element elementor-element-af71138 elementor-widget elementor-widget-image\" data-id=\"af71138\" data-element_type=\"widget\" data-e-type=\"widget\" data-widget_type=\"image.default\">\n\t\t\t\t<div class=\"elementor-widget-container\">\n\t\t\t\t\t\t\t\t\t\t\t\t\t\t\t<img loading=\"lazy\" decoding=\"async\" width=\"1920\" height=\"480\" src=\"https:\/\/fbk.upsi.edu.my\/wp-content\/uploads\/2024\/02\/5-3.png\" class=\"elementor-animation-float attachment-full size-full wp-image-9560\" alt=\"\" srcset=\"https:\/\/fbk.upsi.edu.my\/wp-content\/uploads\/2024\/02\/5-3.png 1920w, https:\/\/fbk.upsi.edu.my\/wp-content\/uploads\/2024\/02\/5-3-300x75.png 300w, https:\/\/fbk.upsi.edu.my\/wp-content\/uploads\/2024\/02\/5-3-1024x256.png 1024w, https:\/\/fbk.upsi.edu.my\/wp-content\/uploads\/2024\/02\/5-3-768x192.png 768w, https:\/\/fbk.upsi.edu.my\/wp-content\/uploads\/2024\/02\/5-3-1536x384.png 1536w, https:\/\/fbk.upsi.edu.my\/wp-content\/uploads\/2024\/02\/5-3-1170x293.png 1170w\" sizes=\"(max-width: 1920px) 100vw, 1920px\" \/>\t\t\t\t\t\t\t\t\t\t\t\t\t\t\t<\/div>\n\t\t\t\t<\/div>\n\t\t\t\t<div class=\"elementor-element elementor-element-cd3549d elementor-widget elementor-widget-image\" data-id=\"cd3549d\" data-element_type=\"widget\" data-e-type=\"widget\" data-widget_type=\"image.default\">\n\t\t\t\t<div class=\"elementor-widget-container\">\n\t\t\t\t\t\t\t\t\t\t\t\t\t\t\t<img loading=\"lazy\" decoding=\"async\" width=\"1170\" height=\"293\" src=\"https:\/\/fbk.upsi.edu.my\/wp-content\/uploads\/2024\/02\/6-1-1170x293.png\" class=\"elementor-animation-float attachment-post-thumbnail size-post-thumbnail wp-image-9561\" alt=\"\" srcset=\"https:\/\/fbk.upsi.edu.my\/wp-content\/uploads\/2024\/02\/6-1-1170x293.png 1170w, https:\/\/fbk.upsi.edu.my\/wp-content\/uploads\/2024\/02\/6-1-300x75.png 300w, https:\/\/fbk.upsi.edu.my\/wp-content\/uploads\/2024\/02\/6-1-1024x256.png 1024w, https:\/\/fbk.upsi.edu.my\/wp-content\/uploads\/2024\/02\/6-1-768x192.png 768w, https:\/\/fbk.upsi.edu.my\/wp-content\/uploads\/2024\/02\/6-1-1536x384.png 1536w, https:\/\/fbk.upsi.edu.my\/wp-content\/uploads\/2024\/02\/6-1.png 1920w\" sizes=\"(max-width: 1170px) 100vw, 1170px\" \/>\t\t\t\t\t\t\t\t\t\t\t\t\t\t\t<\/div>\n\t\t\t\t<\/div>\n\t\t\t\t<div class=\"elementor-element elementor-element-1d6e26c elementor-widget elementor-widget-image\" data-id=\"1d6e26c\" data-element_type=\"widget\" data-e-type=\"widget\" data-widget_type=\"image.default\">\n\t\t\t\t<div class=\"elementor-widget-container\">\n\t\t\t\t\t\t\t\t\t\t\t\t\t\t\t<img loading=\"lazy\" decoding=\"async\" width=\"1920\" height=\"480\" src=\"https:\/\/fbk.upsi.edu.my\/wp-content\/uploads\/2024\/02\/7-2.png\" class=\"elementor-animation-float attachment-full size-full wp-image-9562\" alt=\"\" srcset=\"https:\/\/fbk.upsi.edu.my\/wp-content\/uploads\/2024\/02\/7-2.png 1920w, https:\/\/fbk.upsi.edu.my\/wp-content\/uploads\/2024\/02\/7-2-300x75.png 300w, https:\/\/fbk.upsi.edu.my\/wp-content\/uploads\/2024\/02\/7-2-1024x256.png 1024w, https:\/\/fbk.upsi.edu.my\/wp-content\/uploads\/2024\/02\/7-2-768x192.png 768w, https:\/\/fbk.upsi.edu.my\/wp-content\/uploads\/2024\/02\/7-2-1536x384.png 1536w, https:\/\/fbk.upsi.edu.my\/wp-content\/uploads\/2024\/02\/7-2-1170x293.png 1170w\" sizes=\"(max-width: 1920px) 100vw, 1920px\" \/>\t\t\t\t\t\t\t\t\t\t\t\t\t\t\t<\/div>\n\t\t\t\t<\/div>\n\t\t\t\t<div class=\"elementor-element elementor-element-a88fa54 elementor-widget elementor-widget-image\" data-id=\"a88fa54\" data-element_type=\"widget\" data-e-type=\"widget\" data-widget_type=\"image.default\">\n\t\t\t\t<div class=\"elementor-widget-container\">\n\t\t\t\t\t\t\t\t\t\t\t\t\t\t\t<img loading=\"lazy\" decoding=\"async\" width=\"1920\" height=\"480\" src=\"https:\/\/fbk.upsi.edu.my\/wp-content\/uploads\/2024\/02\/8-2.png\" class=\"elementor-animation-float attachment-full size-full wp-image-9563\" alt=\"\" srcset=\"https:\/\/fbk.upsi.edu.my\/wp-content\/uploads\/2024\/02\/8-2.png 1920w, https:\/\/fbk.upsi.edu.my\/wp-content\/uploads\/2024\/02\/8-2-300x75.png 300w, https:\/\/fbk.upsi.edu.my\/wp-content\/uploads\/2024\/02\/8-2-1024x256.png 1024w, https:\/\/fbk.upsi.edu.my\/wp-content\/uploads\/2024\/02\/8-2-768x192.png 768w, https:\/\/fbk.upsi.edu.my\/wp-content\/uploads\/2024\/02\/8-2-1536x384.png 1536w, https:\/\/fbk.upsi.edu.my\/wp-content\/uploads\/2024\/02\/8-2-1170x293.png 1170w\" sizes=\"(max-width: 1920px) 100vw, 1920px\" \/>\t\t\t\t\t\t\t\t\t\t\t\t\t\t\t<\/div>\n\t\t\t\t<\/div>\n\t\t\t\t\t<\/div>\n\t\t<\/div>\n\t\t\t\t\t<\/div>\n\t\t<\/section>\n\t\t\t\t<section class=\"elementor-section elementor-top-section elementor-element elementor-element-95244c9 elementor-section-boxed elementor-section-height-default elementor-section-height-default\" data-id=\"95244c9\" data-element_type=\"section\" data-e-type=\"section\">\n\t\t\t\t\t\t<div class=\"elementor-container elementor-column-gap-default\">\n\t\t\t\t\t<div class=\"elementor-column elementor-col-100 elementor-top-column elementor-element elementor-element-994dfb9\" data-id=\"994dfb9\" data-element_type=\"column\" data-e-type=\"column\">\n\t\t\t<div class=\"elementor-widget-wrap\">\n\t\t\t\t\t\t\t<\/div>\n\t\t<\/div>\n\t\t\t\t\t<\/div>\n\t\t<\/section>\n\t\t\t\t<section class=\"elementor-section elementor-top-section elementor-element elementor-element-7d03f9c elementor-section-boxed elementor-section-height-default elementor-section-height-default\" data-id=\"7d03f9c\" data-element_type=\"section\" data-e-type=\"section\">\n\t\t\t\t\t\t<div class=\"elementor-container elementor-column-gap-default\">\n\t\t\t\t\t<div class=\"elementor-column elementor-col-100 elementor-top-column elementor-element elementor-element-53a37a0\" data-id=\"53a37a0\" data-element_type=\"column\" data-e-type=\"column\">\n\t\t\t<div class=\"elementor-widget-wrap\">\n\t\t\t\t\t\t\t<\/div>\n\t\t<\/div>\n\t\t\t\t\t<\/div>\n\t\t<\/section>\n\t\t\t\t<\/div>\n\t\t","protected":false},"excerpt":{"rendered":"","protected":false},"author":11,"featured_media":0,"parent":0,"menu_order":0,"comment_status":"closed","ping_status":"closed","template":"template-full-width-without-title.php","meta":{"footnotes":""},"class_list":["post-9522","page","type-page","status-publish","hentry"],"yoast_head":"<!-- This site is optimized with the Yoast SEO plugin v27.3 - https:\/\/yoast.com\/product\/yoast-seo-wordpress\/ -->\n<title>\u2518\u00e0\u00cf\u00ab\u00cf\u00c0\u00cf\u00c0 \u00cf\u00ba\u2518\u00e4\u00cf\u2563\u2518\u00e0\u2518\u00e8\u2518\u00e4 - UPSI | FAKULTI BAHASA DAN KOMUNIKASI<\/title>\n<meta name=\"robots\" content=\"index, follow, max-snippet:-1, max-image-preview:large, max-video-preview:-1\" \/>\n<link rel=\"canonical\" href=\"https:\/\/fbk.upsi.edu.my\/ar\/%d9%85%d8%ae%d8%b7%d8%b7-%d8%a7%d9%84%d8%b9%d9%85%d9%8a%d9%84\/\" \/>\n<meta property=\"og:locale\" content=\"ar_AR\" \/>\n<meta property=\"og:type\" content=\"article\" \/>\n<meta property=\"og:title\" content=\"\u2518\u00e0\u00cf\u00ab\u00cf\u00c0\u00cf\u00c0 \u00cf\u00ba\u2518\u00e4\u00cf\u2563\u2518\u00e0\u2518\u00e8\u2518\u00e4 - UPSI | FAKULTI BAHASA DAN KOMUNIKASI\" \/>\n<meta property=\"og:url\" content=\"https:\/\/fbk.upsi.edu.my\/ar\/%d9%85%d8%ae%d8%b7%d8%b7-%d8%a7%d9%84%d8%b9%d9%85%d9%8a%d9%84\/\" \/>\n<meta property=\"og:site_name\" content=\"UPSI | FAKULTI BAHASA DAN KOMUNIKASI\" \/>\n<meta property=\"article:publisher\" content=\"https:\/\/www.facebook.com\/311311265728473?ref=embed_page\" \/>\n<meta property=\"article:modified_time\" content=\"2024-06-06T08:14:11+00:00\" \/>\n<meta property=\"og:image\" content=\"https:\/\/fbk.upsi.edu.my\/wp-content\/uploads\/2024\/02\/CLIENT-CHART-TASKBAR-TERBARU.png\" \/>\n\t<meta property=\"og:image:width\" content=\"2000\" \/>\n\t<meta property=\"og:image:height\" content=\"800\" \/>\n\t<meta property=\"og:image:type\" content=\"image\/png\" \/>\n<meta name=\"twitter:card\" content=\"summary_large_image\" \/>\n<script type=\"application\/ld+json\" class=\"yoast-schema-graph\">{\"@context\":\"https:\\\/\\\/schema.org\",\"@graph\":[{\"@type\":\"WebPage\",\"@id\":\"https:\\\/\\\/fbk.upsi.edu.my\\\/ar\\\/%d9%85%d8%ae%d8%b7%d8%b7-%d8%a7%d9%84%d8%b9%d9%85%d9%8a%d9%84\\\/\",\"url\":\"https:\\\/\\\/fbk.upsi.edu.my\\\/ar\\\/%d9%85%d8%ae%d8%b7%d8%b7-%d8%a7%d9%84%d8%b9%d9%85%d9%8a%d9%84\\\/\",\"name\":\"\u2518\u00e0\u00cf\u00ab\u00cf\u00c0\u00cf\u00c0 \u00cf\u00ba\u2518\u00e4\u00cf\u2563\u2518\u00e0\u2518\u00e8\u2518\u00e4 - UPSI | FAKULTI BAHASA DAN KOMUNIKASI\",\"isPartOf\":{\"@id\":\"https:\\\/\\\/fbk.upsi.edu.my\\\/ar\\\/#website\"},\"primaryImageOfPage\":{\"@id\":\"https:\\\/\\\/fbk.upsi.edu.my\\\/ar\\\/%d9%85%d8%ae%d8%b7%d8%b7-%d8%a7%d9%84%d8%b9%d9%85%d9%8a%d9%84\\\/#primaryimage\"},\"image\":{\"@id\":\"https:\\\/\\\/fbk.upsi.edu.my\\\/ar\\\/%d9%85%d8%ae%d8%b7%d8%b7-%d8%a7%d9%84%d8%b9%d9%85%d9%8a%d9%84\\\/#primaryimage\"},\"thumbnailUrl\":\"https:\\\/\\\/fbk.upsi.edu.my\\\/wp-content\\\/uploads\\\/2024\\\/02\\\/CLIENT-CHART-TASKBAR-TERBARU.png\",\"datePublished\":\"2024-06-06T08:14:10+00:00\",\"dateModified\":\"2024-06-06T08:14:11+00:00\",\"breadcrumb\":{\"@id\":\"https:\\\/\\\/fbk.upsi.edu.my\\\/ar\\\/%d9%85%d8%ae%d8%b7%d8%b7-%d8%a7%d9%84%d8%b9%d9%85%d9%8a%d9%84\\\/#breadcrumb\"},\"inLanguage\":\"ar\",\"potentialAction\":[{\"@type\":\"ReadAction\",\"target\":[\"https:\\\/\\\/fbk.upsi.edu.my\\\/ar\\\/%d9%85%d8%ae%d8%b7%d8%b7-%d8%a7%d9%84%d8%b9%d9%85%d9%8a%d9%84\\\/\"]}]},{\"@type\":\"ImageObject\",\"inLanguage\":\"ar\",\"@id\":\"https:\\\/\\\/fbk.upsi.edu.my\\\/ar\\\/%d9%85%d8%ae%d8%b7%d8%b7-%d8%a7%d9%84%d8%b9%d9%85%d9%8a%d9%84\\\/#primaryimage\",\"url\":\"https:\\\/\\\/fbk.upsi.edu.my\\\/wp-content\\\/uploads\\\/2024\\\/02\\\/CLIENT-CHART-TASKBAR-TERBARU.png\",\"contentUrl\":\"https:\\\/\\\/fbk.upsi.edu.my\\\/wp-content\\\/uploads\\\/2024\\\/02\\\/CLIENT-CHART-TASKBAR-TERBARU.png\"},{\"@type\":\"BreadcrumbList\",\"@id\":\"https:\\\/\\\/fbk.upsi.edu.my\\\/ar\\\/%d9%85%d8%ae%d8%b7%d8%b7-%d8%a7%d9%84%d8%b9%d9%85%d9%8a%d9%84\\\/#breadcrumb\",\"itemListElement\":[{\"@type\":\"ListItem\",\"position\":1,\"name\":\"Home\",\"item\":\"https:\\\/\\\/fbk.upsi.edu.my\\\/ar\\\/\"},{\"@type\":\"ListItem\",\"position\":2,\"name\":\"\u2518\u00e0\u00cf\u00ab\u00cf\u00c0\u00cf\u00c0 \u00cf\u00ba\u2518\u00e4\u00cf\u2563\u2518\u00e0\u2518\u00e8\u2518\u00e4\"}]},{\"@type\":\"WebSite\",\"@id\":\"https:\\\/\\\/fbk.upsi.edu.my\\\/ar\\\/#website\",\"url\":\"https:\\\/\\\/fbk.upsi.edu.my\\\/ar\\\/\",\"name\":\"UPSI | FAKULTI BAHASA DAN KOMUNIKASI\",\"description\":\"\",\"publisher\":{\"@id\":\"https:\\\/\\\/fbk.upsi.edu.my\\\/ar\\\/#organization\"},\"potentialAction\":[{\"@type\":\"SearchAction\",\"target\":{\"@type\":\"EntryPoint\",\"urlTemplate\":\"https:\\\/\\\/fbk.upsi.edu.my\\\/ar\\\/?s={search_term_string}\"},\"query-input\":{\"@type\":\"PropertyValueSpecification\",\"valueRequired\":true,\"valueName\":\"search_term_string\"}}],\"inLanguage\":\"ar\"},{\"@type\":\"Organization\",\"@id\":\"https:\\\/\\\/fbk.upsi.edu.my\\\/ar\\\/#organization\",\"name\":\"UPSI | FAKULTI BAHASA DAN KOMUNIKASI\",\"url\":\"https:\\\/\\\/fbk.upsi.edu.my\\\/ar\\\/\",\"logo\":{\"@type\":\"ImageObject\",\"inLanguage\":\"ar\",\"@id\":\"https:\\\/\\\/fbk.upsi.edu.my\\\/ar\\\/#\\\/schema\\\/logo\\\/image\\\/\",\"url\":\"https:\\\/\\\/fbk.upsi.edu.my\\\/wp-content\\\/uploads\\\/2025\\\/11\\\/Web-Banner-FBK-scaled.jpg\",\"contentUrl\":\"https:\\\/\\\/fbk.upsi.edu.my\\\/wp-content\\\/uploads\\\/2025\\\/11\\\/Web-Banner-FBK-scaled.jpg\",\"width\":2560,\"height\":296,\"caption\":\"UPSI | FAKULTI BAHASA DAN KOMUNIKASI\"},\"image\":{\"@id\":\"https:\\\/\\\/fbk.upsi.edu.my\\\/ar\\\/#\\\/schema\\\/logo\\\/image\\\/\"},\"sameAs\":[\"https:\\\/\\\/www.facebook.com\\\/311311265728473?ref=embed_page\"]}]}<\/script>\n<!-- \/ Yoast SEO plugin. -->","yoast_head_json":{"title":"\u2518\u00e0\u00cf\u00ab\u00cf\u00c0\u00cf\u00c0 \u00cf\u00ba\u2518\u00e4\u00cf\u2563\u2518\u00e0\u2518\u00e8\u2518\u00e4 - UPSI | FAKULTI BAHASA DAN KOMUNIKASI","robots":{"index":"index","follow":"follow","max-snippet":"max-snippet:-1","max-image-preview":"max-image-preview:large","max-video-preview":"max-video-preview:-1"},"canonical":"https:\/\/fbk.upsi.edu.my\/ar\/%d9%85%d8%ae%d8%b7%d8%b7-%d8%a7%d9%84%d8%b9%d9%85%d9%8a%d9%84\/","og_locale":"ar_AR","og_type":"article","og_title":"\u2518\u00e0\u00cf\u00ab\u00cf\u00c0\u00cf\u00c0 \u00cf\u00ba\u2518\u00e4\u00cf\u2563\u2518\u00e0\u2518\u00e8\u2518\u00e4 - UPSI | FAKULTI BAHASA DAN KOMUNIKASI","og_url":"https:\/\/fbk.upsi.edu.my\/ar\/%d9%85%d8%ae%d8%b7%d8%b7-%d8%a7%d9%84%d8%b9%d9%85%d9%8a%d9%84\/","og_site_name":"UPSI | FAKULTI BAHASA DAN KOMUNIKASI","article_publisher":"https:\/\/www.facebook.com\/311311265728473?ref=embed_page","article_modified_time":"2024-06-06T08:14:11+00:00","og_image":[{"width":2000,"height":800,"url":"https:\/\/fbk.upsi.edu.my\/wp-content\/uploads\/2024\/02\/CLIENT-CHART-TASKBAR-TERBARU.png","type":"image\/png"}],"twitter_card":"summary_large_image","schema":{"@context":"https:\/\/schema.org","@graph":[{"@type":"WebPage","@id":"https:\/\/fbk.upsi.edu.my\/ar\/%d9%85%d8%ae%d8%b7%d8%b7-%d8%a7%d9%84%d8%b9%d9%85%d9%8a%d9%84\/","url":"https:\/\/fbk.upsi.edu.my\/ar\/%d9%85%d8%ae%d8%b7%d8%b7-%d8%a7%d9%84%d8%b9%d9%85%d9%8a%d9%84\/","name":"\u2518\u00e0\u00cf\u00ab\u00cf\u00c0\u00cf\u00c0 \u00cf\u00ba\u2518\u00e4\u00cf\u2563\u2518\u00e0\u2518\u00e8\u2518\u00e4 - UPSI | FAKULTI BAHASA DAN KOMUNIKASI","isPartOf":{"@id":"https:\/\/fbk.upsi.edu.my\/ar\/#website"},"primaryImageOfPage":{"@id":"https:\/\/fbk.upsi.edu.my\/ar\/%d9%85%d8%ae%d8%b7%d8%b7-%d8%a7%d9%84%d8%b9%d9%85%d9%8a%d9%84\/#primaryimage"},"image":{"@id":"https:\/\/fbk.upsi.edu.my\/ar\/%d9%85%d8%ae%d8%b7%d8%b7-%d8%a7%d9%84%d8%b9%d9%85%d9%8a%d9%84\/#primaryimage"},"thumbnailUrl":"https:\/\/fbk.upsi.edu.my\/wp-content\/uploads\/2024\/02\/CLIENT-CHART-TASKBAR-TERBARU.png","datePublished":"2024-06-06T08:14:10+00:00","dateModified":"2024-06-06T08:14:11+00:00","breadcrumb":{"@id":"https:\/\/fbk.upsi.edu.my\/ar\/%d9%85%d8%ae%d8%b7%d8%b7-%d8%a7%d9%84%d8%b9%d9%85%d9%8a%d9%84\/#breadcrumb"},"inLanguage":"ar","potentialAction":[{"@type":"ReadAction","target":["https:\/\/fbk.upsi.edu.my\/ar\/%d9%85%d8%ae%d8%b7%d8%b7-%d8%a7%d9%84%d8%b9%d9%85%d9%8a%d9%84\/"]}]},{"@type":"ImageObject","inLanguage":"ar","@id":"https:\/\/fbk.upsi.edu.my\/ar\/%d9%85%d8%ae%d8%b7%d8%b7-%d8%a7%d9%84%d8%b9%d9%85%d9%8a%d9%84\/#primaryimage","url":"https:\/\/fbk.upsi.edu.my\/wp-content\/uploads\/2024\/02\/CLIENT-CHART-TASKBAR-TERBARU.png","contentUrl":"https:\/\/fbk.upsi.edu.my\/wp-content\/uploads\/2024\/02\/CLIENT-CHART-TASKBAR-TERBARU.png"},{"@type":"BreadcrumbList","@id":"https:\/\/fbk.upsi.edu.my\/ar\/%d9%85%d8%ae%d8%b7%d8%b7-%d8%a7%d9%84%d8%b9%d9%85%d9%8a%d9%84\/#breadcrumb","itemListElement":[{"@type":"ListItem","position":1,"name":"Home","item":"https:\/\/fbk.upsi.edu.my\/ar\/"},{"@type":"ListItem","position":2,"name":"\u2518\u00e0\u00cf\u00ab\u00cf\u00c0\u00cf\u00c0 \u00cf\u00ba\u2518\u00e4\u00cf\u2563\u2518\u00e0\u2518\u00e8\u2518\u00e4"}]},{"@type":"WebSite","@id":"https:\/\/fbk.upsi.edu.my\/ar\/#website","url":"https:\/\/fbk.upsi.edu.my\/ar\/","name":"UPSI | FAKULTI BAHASA DAN KOMUNIKASI","description":"","publisher":{"@id":"https:\/\/fbk.upsi.edu.my\/ar\/#organization"},"potentialAction":[{"@type":"SearchAction","target":{"@type":"EntryPoint","urlTemplate":"https:\/\/fbk.upsi.edu.my\/ar\/?s={search_term_string}"},"query-input":{"@type":"PropertyValueSpecification","valueRequired":true,"valueName":"search_term_string"}}],"inLanguage":"ar"},{"@type":"Organization","@id":"https:\/\/fbk.upsi.edu.my\/ar\/#organization","name":"UPSI | FAKULTI BAHASA DAN KOMUNIKASI","url":"https:\/\/fbk.upsi.edu.my\/ar\/","logo":{"@type":"ImageObject","inLanguage":"ar","@id":"https:\/\/fbk.upsi.edu.my\/ar\/#\/schema\/logo\/image\/","url":"https:\/\/fbk.upsi.edu.my\/wp-content\/uploads\/2025\/11\/Web-Banner-FBK-scaled.jpg","contentUrl":"https:\/\/fbk.upsi.edu.my\/wp-content\/uploads\/2025\/11\/Web-Banner-FBK-scaled.jpg","width":2560,"height":296,"caption":"UPSI | FAKULTI BAHASA DAN KOMUNIKASI"},"image":{"@id":"https:\/\/fbk.upsi.edu.my\/ar\/#\/schema\/logo\/image\/"},"sameAs":["https:\/\/www.facebook.com\/311311265728473?ref=embed_page"]}]}},"_links":{"self":[{"href":"https:\/\/fbk.upsi.edu.my\/ar\/wp-json\/wp\/v2\/pages\/9522","targetHints":{"allow":["GET"]}}],"collection":[{"href":"https:\/\/fbk.upsi.edu.my\/ar\/wp-json\/wp\/v2\/pages"}],"about":[{"href":"https:\/\/fbk.upsi.edu.my\/ar\/wp-json\/wp\/v2\/types\/page"}],"author":[{"embeddable":true,"href":"https:\/\/fbk.upsi.edu.my\/ar\/wp-json\/wp\/v2\/users\/11"}],"replies":[{"embeddable":true,"href":"https:\/\/fbk.upsi.edu.my\/ar\/wp-json\/wp\/v2\/comments?post=9522"}],"version-history":[{"count":1,"href":"https:\/\/fbk.upsi.edu.my\/ar\/wp-json\/wp\/v2\/pages\/9522\/revisions"}],"predecessor-version":[{"id":9564,"href":"https:\/\/fbk.upsi.edu.my\/ar\/wp-json\/wp\/v2\/pages\/9522\/revisions\/9564"}],"wp:attachment":[{"href":"https:\/\/fbk.upsi.edu.my\/ar\/wp-json\/wp\/v2\/media?parent=9522"}],"curies":[{"name":"wp","href":"https:\/\/api.w.org\/{rel}","templated":true}]}}