{"id":9508,"date":"2024-06-06T08:13:41","date_gmt":"2024-06-06T08:13:41","guid":{"rendered":"https:\/\/fbk.upsi.edu.my\/clcfbk\/"},"modified":"2024-06-06T08:13:41","modified_gmt":"2024-06-06T08:13:41","slug":"clcfbk","status":"publish","type":"page","link":"https:\/\/fbk.upsi.edu.my\/ar\/clcfbk\/","title":{"rendered":"CLC@FBK"},"content":{"rendered":"\t\t<div data-elementor-type=\"wp-page\" data-elementor-id=\"9508\" class=\"elementor elementor-9508 elementor-4943\" data-elementor-post-type=\"page\">\n\t\t\t\t\t\t<section class=\"elementor-section elementor-top-section elementor-element elementor-element-9fee4ac elementor-section-boxed elementor-section-height-default elementor-section-height-default\" data-id=\"9fee4ac\" data-element_type=\"section\" data-e-type=\"section\">\n\t\t\t\t\t\t<div class=\"elementor-container elementor-column-gap-default\">\n\t\t\t\t\t<div class=\"elementor-column elementor-col-100 elementor-top-column elementor-element elementor-element-f34ab8c\" data-id=\"f34ab8c\" data-element_type=\"column\" data-e-type=\"column\">\n\t\t\t<div class=\"elementor-widget-wrap elementor-element-populated\">\n\t\t\t\t\t\t<div class=\"elementor-element elementor-element-c29f16c elementor-widget elementor-widget-heading\" data-id=\"c29f16c\" data-element_type=\"widget\" data-e-type=\"widget\" data-widget_type=\"heading.default\">\n\t\t\t\t<div class=\"elementor-widget-container\">\n\t\t\t\t\t<h2 class=\"elementor-heading-title elementor-size-xl\">\u0645\u0631\u0643\u0632 \u0627\u0644\u0643\u0641\u0627\u0621\u0629 \u0627\u0644\u0644\u063a\u0648\u064a\u0629<br>(CLC@FBK)&gt;<\/h2>\t\t\t\t<\/div>\n\t\t\t\t<\/div>\n\t\t\t\t\t<\/div>\n\t\t<\/div>\n\t\t\t\t\t<\/div>\n\t\t<\/section>\n\t\t\t\t<section class=\"elementor-section elementor-top-section elementor-element elementor-element-ef28f10 elementor-section-boxed elementor-section-height-default elementor-section-height-default\" data-id=\"ef28f10\" data-element_type=\"section\" data-e-type=\"section\">\n\t\t\t\t\t\t<div class=\"elementor-container elementor-column-gap-default\">\n\t\t\t\t\t<div class=\"elementor-column elementor-col-100 elementor-top-column elementor-element elementor-element-23965a7\" data-id=\"23965a7\" data-element_type=\"column\" data-e-type=\"column\">\n\t\t\t<div class=\"elementor-widget-wrap elementor-element-populated\">\n\t\t\t\t\t\t<div class=\"elementor-element elementor-element-27a3a2b elementor-widget elementor-widget-spacer\" data-id=\"27a3a2b\" data-element_type=\"widget\" data-e-type=\"widget\" data-widget_type=\"spacer.default\">\n\t\t\t\t<div class=\"elementor-widget-container\">\n\t\t\t\t\t\t\t<div class=\"elementor-spacer\">\n\t\t\t<div class=\"elementor-spacer-inner\"><\/div>\n\t\t<\/div>\n\t\t\t\t\t\t<\/div>\n\t\t\t\t<\/div>\n\t\t\t\t\t<\/div>\n\t\t<\/div>\n\t\t\t\t\t<\/div>\n\t\t<\/section>\n\t\t\t\t<section class=\"elementor-section elementor-top-section elementor-element elementor-element-4c2e506 elementor-section-boxed elementor-section-height-default elementor-section-height-default\" data-id=\"4c2e506\" data-element_type=\"section\" data-e-type=\"section\">\n\t\t\t\t\t\t<div class=\"elementor-container elementor-column-gap-default\">\n\t\t\t\t\t<div class=\"elementor-column elementor-col-25 elementor-top-column elementor-element elementor-element-f5f4fa5\" data-id=\"f5f4fa5\" data-element_type=\"column\" data-e-type=\"column\">\n\t\t\t<div class=\"elementor-widget-wrap elementor-element-populated\">\n\t\t\t\t\t\t<div class=\"elementor-element elementor-element-1b0ca7f elementor-widget elementor-widget-image\" data-id=\"1b0ca7f\" data-element_type=\"widget\" data-e-type=\"widget\" data-widget_type=\"image.default\">\n\t\t\t\t<div class=\"elementor-widget-container\">\n\t\t\t\t\t\t\t\t\t\t\t\t\t\t\t\t<a href=\"https:\/\/fbk.upsi.edu.my\/ar\/%d8%ad%d9%88%d9%84-clc\/\">\n\t\t\t\t\t\t\t<img fetchpriority=\"high\" decoding=\"async\" width=\"247\" height=\"300\" src=\"https:\/\/fbk.upsi.edu.my\/wp-content\/uploads\/2023\/05\/5-3-247x300.png\" class=\"elementor-animation-shrink attachment-medium size-medium wp-image-9517\" alt=\"\" srcset=\"https:\/\/fbk.upsi.edu.my\/wp-content\/uploads\/2023\/05\/5-3-247x300.png 247w, https:\/\/fbk.upsi.edu.my\/wp-content\/uploads\/2023\/05\/5-3.png 700w\" sizes=\"(max-width: 247px) 100vw, 247px\" \/>\t\t\t\t\t\t\t\t<\/a>\n\t\t\t\t\t\t\t\t\t\t\t\t\t\t\t<\/div>\n\t\t\t\t<\/div>\n\t\t\t\t\t<\/div>\n\t\t<\/div>\n\t\t\t\t<div class=\"elementor-column elementor-col-25 elementor-top-column elementor-element elementor-element-408f1cd\" data-id=\"408f1cd\" data-element_type=\"column\" data-e-type=\"column\">\n\t\t\t<div class=\"elementor-widget-wrap elementor-element-populated\">\n\t\t\t\t\t\t<div class=\"elementor-element elementor-element-9afbb1c elementor-widget elementor-widget-image\" data-id=\"9afbb1c\" data-element_type=\"widget\" data-e-type=\"widget\" data-widget_type=\"image.default\">\n\t\t\t\t<div class=\"elementor-widget-container\">\n\t\t\t\t\t\t\t\t\t\t\t\t\t\t\t\t<a href=\"https:\/\/fbk.upsi.edu.my\/objective-colc\/\">\n\t\t\t\t\t\t\t<img decoding=\"async\" width=\"247\" height=\"300\" src=\"https:\/\/fbk.upsi.edu.my\/wp-content\/uploads\/2023\/05\/6-3-247x300.png\" class=\"elementor-animation-shrink attachment-medium size-medium wp-image-9518\" alt=\"\" srcset=\"https:\/\/fbk.upsi.edu.my\/wp-content\/uploads\/2023\/05\/6-3-247x300.png 247w, https:\/\/fbk.upsi.edu.my\/wp-content\/uploads\/2023\/05\/6-3.png 700w\" sizes=\"(max-width: 247px) 100vw, 247px\" \/>\t\t\t\t\t\t\t\t<\/a>\n\t\t\t\t\t\t\t\t\t\t\t\t\t\t\t<\/div>\n\t\t\t\t<\/div>\n\t\t\t\t\t<\/div>\n\t\t<\/div>\n\t\t\t\t<div class=\"elementor-column elementor-col-25 elementor-top-column elementor-element elementor-element-7a5e2fb\" data-id=\"7a5e2fb\" data-element_type=\"column\" data-e-type=\"column\">\n\t\t\t<div class=\"elementor-widget-wrap elementor-element-populated\">\n\t\t\t\t\t\t<div class=\"elementor-element elementor-element-fb422ee elementor-widget elementor-widget-image\" data-id=\"fb422ee\" data-element_type=\"widget\" data-e-type=\"widget\" data-widget_type=\"image.default\">\n\t\t\t\t<div class=\"elementor-widget-container\">\n\t\t\t\t\t\t\t\t\t\t\t\t\t\t\t\t<a href=\"https:\/\/fbk.upsi.edu.my\/ar\/%d8%a7%d9%84%d8%a5%d8%af%d8%a7%d8%b1%d9%8a%d8%a9-clcfbk\/\">\n\t\t\t\t\t\t\t<img decoding=\"async\" width=\"247\" height=\"300\" src=\"https:\/\/fbk.upsi.edu.my\/wp-content\/uploads\/2023\/05\/7-3-247x300.png\" class=\"elementor-animation-shrink attachment-medium size-medium wp-image-9519\" alt=\"\" srcset=\"https:\/\/fbk.upsi.edu.my\/wp-content\/uploads\/2023\/05\/7-3-247x300.png 247w, https:\/\/fbk.upsi.edu.my\/wp-content\/uploads\/2023\/05\/7-3.png 700w\" sizes=\"(max-width: 247px) 100vw, 247px\" \/>\t\t\t\t\t\t\t\t<\/a>\n\t\t\t\t\t\t\t\t\t\t\t\t\t\t\t<\/div>\n\t\t\t\t<\/div>\n\t\t\t\t\t<\/div>\n\t\t<\/div>\n\t\t\t\t<div class=\"elementor-column elementor-col-25 elementor-top-column elementor-element elementor-element-a5dd603\" data-id=\"a5dd603\" data-element_type=\"column\" data-e-type=\"column\">\n\t\t\t<div class=\"elementor-widget-wrap elementor-element-populated\">\n\t\t\t\t\t\t<div class=\"elementor-element elementor-element-7e3c3d1 elementor-widget elementor-widget-image\" data-id=\"7e3c3d1\" data-element_type=\"widget\" data-e-type=\"widget\" data-widget_type=\"image.default\">\n\t\t\t\t<div class=\"elementor-widget-container\">\n\t\t\t\t\t\t\t\t\t\t\t\t\t\t\t\t<a href=\"https:\/\/fbk.upsi.edu.my\/ar\/%d9%85%d8%b1%d9%83%d8%b2-%d8%a7%d9%84%d9%83%d9%81%d8%a7%d8%a1%d8%a9-%d8%a7%d9%84%d9%84%d8%ba%d9%88%d9%8a%d8%a9\/\">\n\t\t\t\t\t\t\t<img loading=\"lazy\" decoding=\"async\" width=\"700\" height=\"850\" src=\"https:\/\/fbk.upsi.edu.my\/wp-content\/uploads\/2023\/05\/8-3.png\" class=\"elementor-animation-shrink attachment-large size-large wp-image-9520\" alt=\"\" srcset=\"https:\/\/fbk.upsi.edu.my\/wp-content\/uploads\/2023\/05\/8-3.png 700w, https:\/\/fbk.upsi.edu.my\/wp-content\/uploads\/2023\/05\/8-3-247x300.png 247w\" sizes=\"(max-width: 700px) 100vw, 700px\" \/>\t\t\t\t\t\t\t\t<\/a>\n\t\t\t\t\t\t\t\t\t\t\t\t\t\t\t<\/div>\n\t\t\t\t<\/div>\n\t\t\t\t\t<\/div>\n\t\t<\/div>\n\t\t\t\t\t<\/div>\n\t\t<\/section>\n\t\t\t\t<section class=\"elementor-section elementor-top-section elementor-element elementor-element-cd05ef0 elementor-section-boxed elementor-section-height-default elementor-section-height-default\" data-id=\"cd05ef0\" data-element_type=\"section\" data-e-type=\"section\">\n\t\t\t\t\t\t<div class=\"elementor-container elementor-column-gap-default\">\n\t\t\t\t\t<div class=\"elementor-column elementor-col-100 elementor-top-column elementor-element elementor-element-544d1bb\" data-id=\"544d1bb\" data-element_type=\"column\" data-e-type=\"column\">\n\t\t\t<div class=\"elementor-widget-wrap elementor-element-populated\">\n\t\t\t\t\t\t<div class=\"elementor-element elementor-element-b83747e elementor-widget elementor-widget-spacer\" data-id=\"b83747e\" data-element_type=\"widget\" data-e-type=\"widget\" data-widget_type=\"spacer.default\">\n\t\t\t\t<div class=\"elementor-widget-container\">\n\t\t\t\t\t\t\t<div class=\"elementor-spacer\">\n\t\t\t<div class=\"elementor-spacer-inner\"><\/div>\n\t\t<\/div>\n\t\t\t\t\t\t<\/div>\n\t\t\t\t<\/div>\n\t\t\t\t\t<\/div>\n\t\t<\/div>\n\t\t\t\t\t<\/div>\n\t\t<\/section>\n\t\t\t\t<section class=\"elementor-section elementor-top-section elementor-element elementor-element-bc0b4af elementor-section-boxed elementor-section-height-default elementor-section-height-default\" data-id=\"bc0b4af\" data-element_type=\"section\" data-e-type=\"section\">\n\t\t\t\t\t\t<div class=\"elementor-container elementor-column-gap-default\">\n\t\t\t\t\t<div class=\"elementor-column elementor-col-100 elementor-top-column elementor-element elementor-element-1011ed5\" data-id=\"1011ed5\" data-element_type=\"column\" data-e-type=\"column\">\n\t\t\t<div class=\"elementor-widget-wrap elementor-element-populated\">\n\t\t\t\t\t\t<div class=\"elementor-element elementor-element-41d2354 elementor-widget elementor-widget-spacer\" data-id=\"41d2354\" data-element_type=\"widget\" data-e-type=\"widget\" data-widget_type=\"spacer.default\">\n\t\t\t\t<div class=\"elementor-widget-container\">\n\t\t\t\t\t\t\t<div class=\"elementor-spacer\">\n\t\t\t<div class=\"elementor-spacer-inner\"><\/div>\n\t\t<\/div>\n\t\t\t\t\t\t<\/div>\n\t\t\t\t<\/div>\n\t\t\t\t\t<\/div>\n\t\t<\/div>\n\t\t\t\t\t<\/div>\n\t\t<\/section>\n\t\t\t\t<\/div>\n\t\t","protected":false},"excerpt":{"rendered":"<p>\u2518\u00e0\u00cf\u2592\u2518\u00e2\u00cf\u2593 \u00cf\u00ba\u2518\u00e4\u2518\u00e2\u2518\u00fc\u00cf\u00ba\u00cf\u00ed\u00cf\u00ae \u00cf\u00ba\u2518\u00e4\u2518\u00e4\u00cf\u2551\u2518\u00ea\u2518\u00e8\u00cf\u00ae(CLC@FBK)><\/p>\n","protected":false},"author":11,"featured_media":0,"parent":0,"menu_order":0,"comment_status":"closed","ping_status":"closed","template":"template-full-width-without-title.php","meta":{"footnotes":""},"class_list":["post-9508","page","type-page","status-publish","hentry"],"yoast_head":"<!-- This site is optimized with the Yoast SEO plugin v27.3 - https:\/\/yoast.com\/product\/yoast-seo-wordpress\/ -->\n<title>CLC@FBK - UPSI | FAKULTI BAHASA DAN KOMUNIKASI<\/title>\n<meta name=\"robots\" content=\"index, follow, max-snippet:-1, max-image-preview:large, max-video-preview:-1\" \/>\n<link rel=\"canonical\" href=\"https:\/\/fbk.upsi.edu.my\/ar\/clcfbk\/\" \/>\n<meta property=\"og:locale\" content=\"ar_AR\" \/>\n<meta property=\"og:type\" content=\"article\" \/>\n<meta property=\"og:title\" content=\"CLC@FBK - UPSI | FAKULTI BAHASA DAN KOMUNIKASI\" \/>\n<meta property=\"og:description\" content=\"\u2518\u00e0\u00cf\u2592\u2518\u00e2\u00cf\u2593 \u00cf\u00ba\u2518\u00e4\u2518\u00e2\u2518\u00fc\u00cf\u00ba\u00cf\u00ed\u00cf\u00ae \u00cf\u00ba\u2518\u00e4\u2518\u00e4\u00cf\u2551\u2518\u00ea\u2518\u00e8\u00cf\u00ae(CLC@FBK)&gt;\" \/>\n<meta property=\"og:url\" content=\"https:\/\/fbk.upsi.edu.my\/ar\/clcfbk\/\" \/>\n<meta property=\"og:site_name\" content=\"UPSI | FAKULTI BAHASA DAN KOMUNIKASI\" \/>\n<meta property=\"article:publisher\" content=\"https:\/\/www.facebook.com\/311311265728473?ref=embed_page\" \/>\n<meta property=\"og:image\" content=\"https:\/\/fbk.upsi.edu.my\/wp-content\/uploads\/2023\/05\/5-3.png\" \/>\n\t<meta property=\"og:image:width\" content=\"700\" \/>\n\t<meta property=\"og:image:height\" content=\"850\" \/>\n\t<meta property=\"og:image:type\" content=\"image\/png\" \/>\n<meta name=\"twitter:card\" content=\"summary_large_image\" \/>\n<script type=\"application\/ld+json\" class=\"yoast-schema-graph\">{\"@context\":\"https:\\\/\\\/schema.org\",\"@graph\":[{\"@type\":\"WebPage\",\"@id\":\"https:\\\/\\\/fbk.upsi.edu.my\\\/ar\\\/clcfbk\\\/\",\"url\":\"https:\\\/\\\/fbk.upsi.edu.my\\\/ar\\\/clcfbk\\\/\",\"name\":\"CLC@FBK - UPSI | FAKULTI BAHASA DAN KOMUNIKASI\",\"isPartOf\":{\"@id\":\"https:\\\/\\\/fbk.upsi.edu.my\\\/ar\\\/#website\"},\"primaryImageOfPage\":{\"@id\":\"https:\\\/\\\/fbk.upsi.edu.my\\\/ar\\\/clcfbk\\\/#primaryimage\"},\"image\":{\"@id\":\"https:\\\/\\\/fbk.upsi.edu.my\\\/ar\\\/clcfbk\\\/#primaryimage\"},\"thumbnailUrl\":\"https:\\\/\\\/fbk.upsi.edu.my\\\/wp-content\\\/uploads\\\/2023\\\/05\\\/5-3-247x300.png\",\"datePublished\":\"2024-06-06T08:13:41+00:00\",\"breadcrumb\":{\"@id\":\"https:\\\/\\\/fbk.upsi.edu.my\\\/ar\\\/clcfbk\\\/#breadcrumb\"},\"inLanguage\":\"ar\",\"potentialAction\":[{\"@type\":\"ReadAction\",\"target\":[\"https:\\\/\\\/fbk.upsi.edu.my\\\/ar\\\/clcfbk\\\/\"]}]},{\"@type\":\"ImageObject\",\"inLanguage\":\"ar\",\"@id\":\"https:\\\/\\\/fbk.upsi.edu.my\\\/ar\\\/clcfbk\\\/#primaryimage\",\"url\":\"https:\\\/\\\/fbk.upsi.edu.my\\\/wp-content\\\/uploads\\\/2023\\\/05\\\/5-3-247x300.png\",\"contentUrl\":\"https:\\\/\\\/fbk.upsi.edu.my\\\/wp-content\\\/uploads\\\/2023\\\/05\\\/5-3-247x300.png\"},{\"@type\":\"BreadcrumbList\",\"@id\":\"https:\\\/\\\/fbk.upsi.edu.my\\\/ar\\\/clcfbk\\\/#breadcrumb\",\"itemListElement\":[{\"@type\":\"ListItem\",\"position\":1,\"name\":\"Home\",\"item\":\"https:\\\/\\\/fbk.upsi.edu.my\\\/ar\\\/\"},{\"@type\":\"ListItem\",\"position\":2,\"name\":\"CLC@FBK\"}]},{\"@type\":\"WebSite\",\"@id\":\"https:\\\/\\\/fbk.upsi.edu.my\\\/ar\\\/#website\",\"url\":\"https:\\\/\\\/fbk.upsi.edu.my\\\/ar\\\/\",\"name\":\"UPSI | FAKULTI BAHASA DAN KOMUNIKASI\",\"description\":\"\",\"publisher\":{\"@id\":\"https:\\\/\\\/fbk.upsi.edu.my\\\/ar\\\/#organization\"},\"potentialAction\":[{\"@type\":\"SearchAction\",\"target\":{\"@type\":\"EntryPoint\",\"urlTemplate\":\"https:\\\/\\\/fbk.upsi.edu.my\\\/ar\\\/?s={search_term_string}\"},\"query-input\":{\"@type\":\"PropertyValueSpecification\",\"valueRequired\":true,\"valueName\":\"search_term_string\"}}],\"inLanguage\":\"ar\"},{\"@type\":\"Organization\",\"@id\":\"https:\\\/\\\/fbk.upsi.edu.my\\\/ar\\\/#organization\",\"name\":\"UPSI | FAKULTI BAHASA DAN KOMUNIKASI\",\"url\":\"https:\\\/\\\/fbk.upsi.edu.my\\\/ar\\\/\",\"logo\":{\"@type\":\"ImageObject\",\"inLanguage\":\"ar\",\"@id\":\"https:\\\/\\\/fbk.upsi.edu.my\\\/ar\\\/#\\\/schema\\\/logo\\\/image\\\/\",\"url\":\"https:\\\/\\\/fbk.upsi.edu.my\\\/wp-content\\\/uploads\\\/2025\\\/11\\\/Web-Banner-FBK-scaled.jpg\",\"contentUrl\":\"https:\\\/\\\/fbk.upsi.edu.my\\\/wp-content\\\/uploads\\\/2025\\\/11\\\/Web-Banner-FBK-scaled.jpg\",\"width\":2560,\"height\":296,\"caption\":\"UPSI | FAKULTI BAHASA DAN KOMUNIKASI\"},\"image\":{\"@id\":\"https:\\\/\\\/fbk.upsi.edu.my\\\/ar\\\/#\\\/schema\\\/logo\\\/image\\\/\"},\"sameAs\":[\"https:\\\/\\\/www.facebook.com\\\/311311265728473?ref=embed_page\"]}]}<\/script>\n<!-- \/ Yoast SEO plugin. -->","yoast_head_json":{"title":"CLC@FBK - UPSI | FAKULTI BAHASA DAN KOMUNIKASI","robots":{"index":"index","follow":"follow","max-snippet":"max-snippet:-1","max-image-preview":"max-image-preview:large","max-video-preview":"max-video-preview:-1"},"canonical":"https:\/\/fbk.upsi.edu.my\/ar\/clcfbk\/","og_locale":"ar_AR","og_type":"article","og_title":"CLC@FBK - UPSI | FAKULTI BAHASA DAN KOMUNIKASI","og_description":"\u2518\u00e0\u00cf\u2592\u2518\u00e2\u00cf\u2593 \u00cf\u00ba\u2518\u00e4\u2518\u00e2\u2518\u00fc\u00cf\u00ba\u00cf\u00ed\u00cf\u00ae \u00cf\u00ba\u2518\u00e4\u2518\u00e4\u00cf\u2551\u2518\u00ea\u2518\u00e8\u00cf\u00ae(CLC@FBK)>","og_url":"https:\/\/fbk.upsi.edu.my\/ar\/clcfbk\/","og_site_name":"UPSI | FAKULTI BAHASA DAN KOMUNIKASI","article_publisher":"https:\/\/www.facebook.com\/311311265728473?ref=embed_page","og_image":[{"width":700,"height":850,"url":"https:\/\/fbk.upsi.edu.my\/wp-content\/uploads\/2023\/05\/5-3.png","type":"image\/png"}],"twitter_card":"summary_large_image","schema":{"@context":"https:\/\/schema.org","@graph":[{"@type":"WebPage","@id":"https:\/\/fbk.upsi.edu.my\/ar\/clcfbk\/","url":"https:\/\/fbk.upsi.edu.my\/ar\/clcfbk\/","name":"CLC@FBK - UPSI | FAKULTI BAHASA DAN KOMUNIKASI","isPartOf":{"@id":"https:\/\/fbk.upsi.edu.my\/ar\/#website"},"primaryImageOfPage":{"@id":"https:\/\/fbk.upsi.edu.my\/ar\/clcfbk\/#primaryimage"},"image":{"@id":"https:\/\/fbk.upsi.edu.my\/ar\/clcfbk\/#primaryimage"},"thumbnailUrl":"https:\/\/fbk.upsi.edu.my\/wp-content\/uploads\/2023\/05\/5-3-247x300.png","datePublished":"2024-06-06T08:13:41+00:00","breadcrumb":{"@id":"https:\/\/fbk.upsi.edu.my\/ar\/clcfbk\/#breadcrumb"},"inLanguage":"ar","potentialAction":[{"@type":"ReadAction","target":["https:\/\/fbk.upsi.edu.my\/ar\/clcfbk\/"]}]},{"@type":"ImageObject","inLanguage":"ar","@id":"https:\/\/fbk.upsi.edu.my\/ar\/clcfbk\/#primaryimage","url":"https:\/\/fbk.upsi.edu.my\/wp-content\/uploads\/2023\/05\/5-3-247x300.png","contentUrl":"https:\/\/fbk.upsi.edu.my\/wp-content\/uploads\/2023\/05\/5-3-247x300.png"},{"@type":"BreadcrumbList","@id":"https:\/\/fbk.upsi.edu.my\/ar\/clcfbk\/#breadcrumb","itemListElement":[{"@type":"ListItem","position":1,"name":"Home","item":"https:\/\/fbk.upsi.edu.my\/ar\/"},{"@type":"ListItem","position":2,"name":"CLC@FBK"}]},{"@type":"WebSite","@id":"https:\/\/fbk.upsi.edu.my\/ar\/#website","url":"https:\/\/fbk.upsi.edu.my\/ar\/","name":"UPSI | FAKULTI BAHASA DAN KOMUNIKASI","description":"","publisher":{"@id":"https:\/\/fbk.upsi.edu.my\/ar\/#organization"},"potentialAction":[{"@type":"SearchAction","target":{"@type":"EntryPoint","urlTemplate":"https:\/\/fbk.upsi.edu.my\/ar\/?s={search_term_string}"},"query-input":{"@type":"PropertyValueSpecification","valueRequired":true,"valueName":"search_term_string"}}],"inLanguage":"ar"},{"@type":"Organization","@id":"https:\/\/fbk.upsi.edu.my\/ar\/#organization","name":"UPSI | FAKULTI BAHASA DAN KOMUNIKASI","url":"https:\/\/fbk.upsi.edu.my\/ar\/","logo":{"@type":"ImageObject","inLanguage":"ar","@id":"https:\/\/fbk.upsi.edu.my\/ar\/#\/schema\/logo\/image\/","url":"https:\/\/fbk.upsi.edu.my\/wp-content\/uploads\/2025\/11\/Web-Banner-FBK-scaled.jpg","contentUrl":"https:\/\/fbk.upsi.edu.my\/wp-content\/uploads\/2025\/11\/Web-Banner-FBK-scaled.jpg","width":2560,"height":296,"caption":"UPSI | FAKULTI BAHASA DAN KOMUNIKASI"},"image":{"@id":"https:\/\/fbk.upsi.edu.my\/ar\/#\/schema\/logo\/image\/"},"sameAs":["https:\/\/www.facebook.com\/311311265728473?ref=embed_page"]}]}},"_links":{"self":[{"href":"https:\/\/fbk.upsi.edu.my\/ar\/wp-json\/wp\/v2\/pages\/9508","targetHints":{"allow":["GET"]}}],"collection":[{"href":"https:\/\/fbk.upsi.edu.my\/ar\/wp-json\/wp\/v2\/pages"}],"about":[{"href":"https:\/\/fbk.upsi.edu.my\/ar\/wp-json\/wp\/v2\/types\/page"}],"author":[{"embeddable":true,"href":"https:\/\/fbk.upsi.edu.my\/ar\/wp-json\/wp\/v2\/users\/11"}],"replies":[{"embeddable":true,"href":"https:\/\/fbk.upsi.edu.my\/ar\/wp-json\/wp\/v2\/comments?post=9508"}],"version-history":[{"count":1,"href":"https:\/\/fbk.upsi.edu.my\/ar\/wp-json\/wp\/v2\/pages\/9508\/revisions"}],"predecessor-version":[{"id":9521,"href":"https:\/\/fbk.upsi.edu.my\/ar\/wp-json\/wp\/v2\/pages\/9508\/revisions\/9521"}],"wp:attachment":[{"href":"https:\/\/fbk.upsi.edu.my\/ar\/wp-json\/wp\/v2\/media?parent=9508"}],"curies":[{"name":"wp","href":"https:\/\/api.w.org\/{rel}","templated":true}]}}