{"id":9370,"date":"2024-06-05T07:53:17","date_gmt":"2024-06-05T07:53:17","guid":{"rendered":"https:\/\/fbk.upsi.edu.my\/%d8%a3%d9%83%d8%a7%d8%af%d9%8a%d9%85%d9%8a\/"},"modified":"2025-01-10T08:30:36","modified_gmt":"2025-01-10T08:30:36","slug":"%d8%a3%d9%83%d8%a7%d8%af%d9%8a%d9%85%d9%8a","status":"publish","type":"page","link":"https:\/\/fbk.upsi.edu.my\/ar\/%d8%a3%d9%83%d8%a7%d8%af%d9%8a%d9%85%d9%8a\/","title":{"rendered":"\u00cf\u00fa\u2518\u00e2\u00cf\u00ba\u00cf\u00bb\u2518\u00e8\u2518\u00e0\u2518\u00e8"},"content":{"rendered":"\t\t<div data-elementor-type=\"wp-page\" data-elementor-id=\"9370\" class=\"elementor elementor-9370 elementor-3037\" data-elementor-post-type=\"page\">\n\t\t\t\t\t\t<section class=\"elementor-section elementor-top-section elementor-element elementor-element-e8a7539 elementor-section-boxed elementor-section-height-default elementor-section-height-default\" data-id=\"e8a7539\" data-element_type=\"section\" data-e-type=\"section\">\n\t\t\t\t\t\t<div class=\"elementor-container elementor-column-gap-default\">\n\t\t\t\t\t<div class=\"elementor-column elementor-col-100 elementor-top-column elementor-element elementor-element-b1efe09\" data-id=\"b1efe09\" data-element_type=\"column\" data-e-type=\"column\">\n\t\t\t<div class=\"elementor-widget-wrap elementor-element-populated\">\n\t\t\t\t\t\t<div class=\"elementor-element elementor-element-46dc8f3 elementor-widget elementor-widget-heading\" data-id=\"46dc8f3\" data-element_type=\"widget\" data-e-type=\"widget\" data-widget_type=\"heading.default\">\n\t\t\t\t<div class=\"elementor-widget-container\">\n\t\t\t\t\t<h2 class=\"elementor-heading-title elementor-size-xl\">\u0627\u0644\u0623\u0642\u0633\u0627\u0645<br>______<\/h2>\t\t\t\t<\/div>\n\t\t\t\t<\/div>\n\t\t\t\t\t<\/div>\n\t\t<\/div>\n\t\t\t\t\t<\/div>\n\t\t<\/section>\n\t\t\t\t<section class=\"elementor-section elementor-top-section elementor-element elementor-element-012b5f5 elementor-section-boxed elementor-section-height-default elementor-section-height-default\" data-id=\"012b5f5\" data-element_type=\"section\" data-e-type=\"section\">\n\t\t\t\t\t\t<div class=\"elementor-container elementor-column-gap-default\">\n\t\t\t\t\t<div class=\"elementor-column elementor-col-100 elementor-top-column elementor-element elementor-element-4b3e4f7\" data-id=\"4b3e4f7\" data-element_type=\"column\" data-e-type=\"column\">\n\t\t\t<div class=\"elementor-widget-wrap elementor-element-populated\">\n\t\t\t\t\t\t<div class=\"elementor-element elementor-element-fa4d617 elementor-widget elementor-widget-spacer\" data-id=\"fa4d617\" data-element_type=\"widget\" data-e-type=\"widget\" data-widget_type=\"spacer.default\">\n\t\t\t\t<div class=\"elementor-widget-container\">\n\t\t\t\t\t\t\t<div class=\"elementor-spacer\">\n\t\t\t<div class=\"elementor-spacer-inner\"><\/div>\n\t\t<\/div>\n\t\t\t\t\t\t<\/div>\n\t\t\t\t<\/div>\n\t\t\t\t\t<\/div>\n\t\t<\/div>\n\t\t\t\t\t<\/div>\n\t\t<\/section>\n\t\t\t\t<section class=\"elementor-section elementor-top-section elementor-element elementor-element-b55b0ac elementor-section-boxed elementor-section-height-default elementor-section-height-default\" data-id=\"b55b0ac\" data-element_type=\"section\" data-e-type=\"section\">\n\t\t\t\t\t\t<div class=\"elementor-container elementor-column-gap-default\">\n\t\t\t\t\t<div class=\"elementor-column elementor-col-33 elementor-top-column elementor-element elementor-element-373d34a\" data-id=\"373d34a\" data-element_type=\"column\" data-e-type=\"column\">\n\t\t\t<div class=\"elementor-widget-wrap elementor-element-populated\">\n\t\t\t\t\t\t<div class=\"elementor-element elementor-element-2cf8ba7 elementor-widget elementor-widget-image\" data-id=\"2cf8ba7\" data-element_type=\"widget\" data-e-type=\"widget\" data-widget_type=\"image.default\">\n\t\t\t\t<div class=\"elementor-widget-container\">\n\t\t\t\t\t\t\t\t\t\t\t\t\t\t\t\t<a href=\"https:\/\/fbk.upsi.edu.my\/ar\/%d9%82%d8%b3%d9%85-%d8%a3%d8%af%d8%a8-%d8%a7%d9%84%d9%84%d8%ba%d8%a9-%d8%a7%d9%84%d9%85%d8%a7%d9%84%d9%8a%d8%b2%d9%8a%d8%a9\/\">\n\t\t\t\t\t\t\t<img fetchpriority=\"high\" decoding=\"async\" width=\"300\" height=\"180\" src=\"https:\/\/fbk.upsi.edu.my\/wp-content\/uploads\/2023\/05\/1-7-300x180.png\" class=\"elementor-animation-pulse attachment-medium size-medium wp-image-9373\" alt=\"\" srcset=\"https:\/\/fbk.upsi.edu.my\/wp-content\/uploads\/2023\/05\/1-7-300x180.png 300w, https:\/\/fbk.upsi.edu.my\/wp-content\/uploads\/2023\/05\/1-7.png 500w\" sizes=\"(max-width: 300px) 100vw, 300px\" \/>\t\t\t\t\t\t\t\t<\/a>\n\t\t\t\t\t\t\t\t\t\t\t\t\t\t\t<\/div>\n\t\t\t\t<\/div>\n\t\t\t\t\t<\/div>\n\t\t<\/div>\n\t\t\t\t<div class=\"elementor-column elementor-col-33 elementor-top-column elementor-element elementor-element-18b7c3f\" data-id=\"18b7c3f\" data-element_type=\"column\" data-e-type=\"column\">\n\t\t\t<div class=\"elementor-widget-wrap elementor-element-populated\">\n\t\t\t\t\t\t<div class=\"elementor-element elementor-element-159dc4b elementor-widget elementor-widget-image\" data-id=\"159dc4b\" data-element_type=\"widget\" data-e-type=\"widget\" data-widget_type=\"image.default\">\n\t\t\t\t<div class=\"elementor-widget-container\">\n\t\t\t\t\t\t\t\t\t\t\t\t\t\t\t\t<a href=\"https:\/\/fbk.upsi.edu.my\/ar\/%d9%82%d8%b3%d9%85-%d8%a7%d9%84%d9%84%d8%ba%d8%a9-%d8%a7%d9%84%d8%a5%d9%86%d8%ac%d9%84%d9%8a%d8%b2%d9%8a%d8%a9-%d9%88%d8%a2%d8%af%d8%a7%d8%a8%d9%87%d8%a7\/\">\n\t\t\t\t\t\t\t<img decoding=\"async\" width=\"300\" height=\"180\" src=\"https:\/\/fbk.upsi.edu.my\/wp-content\/uploads\/2023\/05\/2-6-300x180.png\" class=\"elementor-animation-pulse attachment-medium size-medium wp-image-9374\" alt=\"\" srcset=\"https:\/\/fbk.upsi.edu.my\/wp-content\/uploads\/2023\/05\/2-6-300x180.png 300w, https:\/\/fbk.upsi.edu.my\/wp-content\/uploads\/2023\/05\/2-6.png 500w\" sizes=\"(max-width: 300px) 100vw, 300px\" \/>\t\t\t\t\t\t\t\t<\/a>\n\t\t\t\t\t\t\t\t\t\t\t\t\t\t\t<\/div>\n\t\t\t\t<\/div>\n\t\t\t\t\t<\/div>\n\t\t<\/div>\n\t\t\t\t<div class=\"elementor-column elementor-col-33 elementor-top-column elementor-element elementor-element-c62b886\" data-id=\"c62b886\" data-element_type=\"column\" data-e-type=\"column\">\n\t\t\t<div class=\"elementor-widget-wrap elementor-element-populated\">\n\t\t\t\t\t\t<div class=\"elementor-element elementor-element-993d251 elementor-widget elementor-widget-image\" data-id=\"993d251\" data-element_type=\"widget\" data-e-type=\"widget\" data-widget_type=\"image.default\">\n\t\t\t\t<div class=\"elementor-widget-container\">\n\t\t\t\t\t\t\t\t\t\t\t\t\t\t\t\t<a href=\"https:\/\/fbk.upsi.edu.my\/ar\/%d9%82%d8%b3%d9%85-%d8%a7%d9%84%d9%84%d8%ba%d8%a9-%d8%a7%d9%84%d8%ad%d8%af%d9%8a%d8%ab%d8%a9\/\">\n\t\t\t\t\t\t\t<img decoding=\"async\" width=\"300\" height=\"180\" src=\"https:\/\/fbk.upsi.edu.my\/wp-content\/uploads\/2023\/05\/3-5-300x180.png\" class=\"elementor-animation-pulse attachment-medium size-medium wp-image-9375\" alt=\"\" srcset=\"https:\/\/fbk.upsi.edu.my\/wp-content\/uploads\/2023\/05\/3-5-300x180.png 300w, https:\/\/fbk.upsi.edu.my\/wp-content\/uploads\/2023\/05\/3-5.png 500w\" sizes=\"(max-width: 300px) 100vw, 300px\" \/>\t\t\t\t\t\t\t\t<\/a>\n\t\t\t\t\t\t\t\t\t\t\t\t\t\t\t<\/div>\n\t\t\t\t<\/div>\n\t\t\t\t\t<\/div>\n\t\t<\/div>\n\t\t\t\t\t<\/div>\n\t\t<\/section>\n\t\t\t\t<section class=\"elementor-section elementor-top-section elementor-element elementor-element-69adbfb elementor-section-boxed elementor-section-height-default elementor-section-height-default\" data-id=\"69adbfb\" data-element_type=\"section\" data-e-type=\"section\">\n\t\t\t\t\t\t<div class=\"elementor-container elementor-column-gap-default\">\n\t\t\t\t\t<div class=\"elementor-column elementor-col-100 elementor-top-column elementor-element elementor-element-e4f1fca\" data-id=\"e4f1fca\" data-element_type=\"column\" data-e-type=\"column\">\n\t\t\t<div class=\"elementor-widget-wrap elementor-element-populated\">\n\t\t\t\t\t\t<div class=\"elementor-element elementor-element-0c74d5f elementor-widget elementor-widget-spacer\" data-id=\"0c74d5f\" data-element_type=\"widget\" data-e-type=\"widget\" data-widget_type=\"spacer.default\">\n\t\t\t\t<div class=\"elementor-widget-container\">\n\t\t\t\t\t\t\t<div class=\"elementor-spacer\">\n\t\t\t<div class=\"elementor-spacer-inner\"><\/div>\n\t\t<\/div>\n\t\t\t\t\t\t<\/div>\n\t\t\t\t<\/div>\n\t\t\t\t\t<\/div>\n\t\t<\/div>\n\t\t\t\t\t<\/div>\n\t\t<\/section>\n\t\t\t\t<section class=\"elementor-section elementor-top-section elementor-element elementor-element-212e9cf elementor-section-boxed elementor-section-height-default elementor-section-height-default\" data-id=\"212e9cf\" data-element_type=\"section\" data-e-type=\"section\">\n\t\t\t\t\t\t<div class=\"elementor-container elementor-column-gap-default\">\n\t\t\t\t\t<div class=\"elementor-column elementor-col-33 elementor-top-column elementor-element elementor-element-55401c3\" data-id=\"55401c3\" data-element_type=\"column\" data-e-type=\"column\">\n\t\t\t<div class=\"elementor-widget-wrap elementor-element-populated\">\n\t\t\t\t\t\t<div class=\"elementor-element elementor-element-ceb2bcb elementor-widget__width-initial elementor-widget elementor-widget-image\" data-id=\"ceb2bcb\" data-element_type=\"widget\" data-e-type=\"widget\" data-widget_type=\"image.default\">\n\t\t\t\t<div class=\"elementor-widget-container\">\n\t\t\t\t\t\t\t\t\t\t\t\t\t\t\t\t<a href=\"https:\/\/fbk.upsi.edu.my\/ar\/%d9%82%d8%b3%d9%85-%d8%a7%d9%84%d8%a7%d8%aa%d8%b5%d8%a7%d9%84-%d9%88%d8%a7%d9%84%d8%a5%d8%b9%d9%84%d8%a7%d9%85\/\">\n\t\t\t\t\t\t\t<img loading=\"lazy\" decoding=\"async\" width=\"300\" height=\"180\" src=\"https:\/\/fbk.upsi.edu.my\/wp-content\/uploads\/2023\/05\/4-5-300x180.png\" class=\"elementor-animation-pulse attachment-medium size-medium wp-image-9376\" alt=\"\" srcset=\"https:\/\/fbk.upsi.edu.my\/wp-content\/uploads\/2023\/05\/4-5-300x180.png 300w, https:\/\/fbk.upsi.edu.my\/wp-content\/uploads\/2023\/05\/4-5.png 500w\" sizes=\"(max-width: 300px) 100vw, 300px\" \/>\t\t\t\t\t\t\t\t<\/a>\n\t\t\t\t\t\t\t\t\t\t\t\t\t\t\t<\/div>\n\t\t\t\t<\/div>\n\t\t\t\t\t<\/div>\n\t\t<\/div>\n\t\t\t\t<div class=\"elementor-column elementor-col-33 elementor-top-column elementor-element elementor-element-a1e50ca\" data-id=\"a1e50ca\" data-element_type=\"column\" data-e-type=\"column\">\n\t\t\t<div class=\"elementor-widget-wrap elementor-element-populated\">\n\t\t\t\t\t\t<div class=\"elementor-element elementor-element-8c8c764 elementor-widget elementor-widget-image\" data-id=\"8c8c764\" data-element_type=\"widget\" data-e-type=\"widget\" data-widget_type=\"image.default\">\n\t\t\t\t<div class=\"elementor-widget-container\">\n\t\t\t\t\t\t\t\t\t\t\t\t\t\t\t\t<a href=\"https:\/\/fbk.upsi.edu.my\/ar\/%d9%82%d8%b3%d9%85-%d8%a7%d9%84%d9%84%d8%ba%d8%a7%d8%aa-%d8%a7%d9%84%d8%b9%d8%b1%d9%82%d9%8a%d8%a9\/\">\n\t\t\t\t\t\t\t<img loading=\"lazy\" decoding=\"async\" width=\"300\" height=\"180\" src=\"https:\/\/fbk.upsi.edu.my\/wp-content\/uploads\/2025\/01\/MALAY-LANGUAGE-LITERATURE-DEPARTMENT-300x180.png\" class=\"elementor-animation-grow attachment-medium size-medium wp-image-11839\" alt=\"\" srcset=\"https:\/\/fbk.upsi.edu.my\/wp-content\/uploads\/2025\/01\/MALAY-LANGUAGE-LITERATURE-DEPARTMENT-300x180.png 300w, https:\/\/fbk.upsi.edu.my\/wp-content\/uploads\/2025\/01\/MALAY-LANGUAGE-LITERATURE-DEPARTMENT.png 500w\" sizes=\"(max-width: 300px) 100vw, 300px\" \/>\t\t\t\t\t\t\t\t<\/a>\n\t\t\t\t\t\t\t\t\t\t\t\t\t\t\t<\/div>\n\t\t\t\t<\/div>\n\t\t\t\t\t<\/div>\n\t\t<\/div>\n\t\t\t\t<div class=\"elementor-column elementor-col-33 elementor-top-column elementor-element elementor-element-4e1a2d5\" data-id=\"4e1a2d5\" data-element_type=\"column\" data-e-type=\"column\">\n\t\t\t<div class=\"elementor-widget-wrap elementor-element-populated\">\n\t\t\t\t\t\t<div class=\"elementor-element elementor-element-d03183f elementor-widget__width-initial elementor-widget elementor-widget-image\" data-id=\"d03183f\" data-element_type=\"widget\" data-e-type=\"widget\" data-widget_type=\"image.default\">\n\t\t\t\t<div class=\"elementor-widget-container\">\n\t\t\t\t\t\t\t\t\t\t\t\t\t\t\t\t<a href=\"https:\/\/fbk.upsi.edu.my\/ar\/%d9%85%d8%b1%d9%83%d8%b2-%d8%a7%d9%84%d9%83%d9%81%d8%a7%d8%a1%d8%a9-%d8%a7%d9%84%d9%84%d8%ba%d9%88%d9%8a%d8%a9\/\">\n\t\t\t\t\t\t\t<img loading=\"lazy\" decoding=\"async\" width=\"300\" height=\"180\" src=\"https:\/\/fbk.upsi.edu.my\/wp-content\/uploads\/2023\/05\/CLC-1-300x180.png\" class=\"elementor-animation-pulse attachment-medium size-medium wp-image-9379\" alt=\"\" srcset=\"https:\/\/fbk.upsi.edu.my\/wp-content\/uploads\/2023\/05\/CLC-1-300x180.png 300w, https:\/\/fbk.upsi.edu.my\/wp-content\/uploads\/2023\/05\/CLC-1.png 500w\" sizes=\"(max-width: 300px) 100vw, 300px\" \/>\t\t\t\t\t\t\t\t<\/a>\n\t\t\t\t\t\t\t\t\t\t\t\t\t\t\t<\/div>\n\t\t\t\t<\/div>\n\t\t\t\t\t<\/div>\n\t\t<\/div>\n\t\t\t\t\t<\/div>\n\t\t<\/section>\n\t\t\t\t<section class=\"elementor-section elementor-top-section elementor-element elementor-element-86a9e9a elementor-section-boxed elementor-section-height-default elementor-section-height-default\" data-id=\"86a9e9a\" data-element_type=\"section\" data-e-type=\"section\">\n\t\t\t\t\t\t<div class=\"elementor-container elementor-column-gap-default\">\n\t\t\t\t\t<div class=\"elementor-column elementor-col-100 elementor-top-column elementor-element elementor-element-c1e75aa\" data-id=\"c1e75aa\" data-element_type=\"column\" data-e-type=\"column\">\n\t\t\t<div class=\"elementor-widget-wrap elementor-element-populated\">\n\t\t\t\t\t\t<div class=\"elementor-element elementor-element-014f611 elementor-widget elementor-widget-spacer\" data-id=\"014f611\" data-element_type=\"widget\" data-e-type=\"widget\" data-widget_type=\"spacer.default\">\n\t\t\t\t<div class=\"elementor-widget-container\">\n\t\t\t\t\t\t\t<div class=\"elementor-spacer\">\n\t\t\t<div class=\"elementor-spacer-inner\"><\/div>\n\t\t<\/div>\n\t\t\t\t\t\t<\/div>\n\t\t\t\t<\/div>\n\t\t\t\t\t<\/div>\n\t\t<\/div>\n\t\t\t\t\t<\/div>\n\t\t<\/section>\n\t\t\t\t<section class=\"elementor-section elementor-top-section elementor-element elementor-element-8807aec elementor-section-boxed elementor-section-height-default elementor-section-height-default\" data-id=\"8807aec\" data-element_type=\"section\" data-e-type=\"section\">\n\t\t\t\t\t\t<div class=\"elementor-container elementor-column-gap-default\">\n\t\t\t\t\t<div class=\"elementor-column elementor-col-100 elementor-top-column elementor-element elementor-element-59f8bfa\" data-id=\"59f8bfa\" data-element_type=\"column\" data-e-type=\"column\">\n\t\t\t<div class=\"elementor-widget-wrap elementor-element-populated\">\n\t\t\t\t\t\t<div class=\"elementor-element elementor-element-55e5b11 elementor-widget elementor-widget-spacer\" data-id=\"55e5b11\" data-element_type=\"widget\" data-e-type=\"widget\" data-widget_type=\"spacer.default\">\n\t\t\t\t<div class=\"elementor-widget-container\">\n\t\t\t\t\t\t\t<div class=\"elementor-spacer\">\n\t\t\t<div class=\"elementor-spacer-inner\"><\/div>\n\t\t<\/div>\n\t\t\t\t\t\t<\/div>\n\t\t\t\t<\/div>\n\t\t\t\t\t<\/div>\n\t\t<\/div>\n\t\t\t\t\t<\/div>\n\t\t<\/section>\n\t\t\t\t<\/div>\n\t\t","protected":false},"excerpt":{"rendered":"<p>\u00cf\u00ba\u2518\u00e4\u00cf\u00fa\u2518\u00e9\u00cf\u2502\u00cf\u00ba\u2518\u00e0______<\/p>\n","protected":false},"author":11,"featured_media":0,"parent":0,"menu_order":0,"comment_status":"closed","ping_status":"closed","template":"template-full-width-without-title.php","meta":{"footnotes":""},"class_list":["post-9370","page","type-page","status-publish","hentry"],"yoast_head":"<!-- This site is optimized with the Yoast SEO plugin v27.3 - https:\/\/yoast.com\/product\/yoast-seo-wordpress\/ -->\n<title>\u00cf\u00fa\u2518\u00e2\u00cf\u00ba\u00cf\u00bb\u2518\u00e8\u2518\u00e0\u2518\u00e8 - UPSI | FAKULTI BAHASA DAN KOMUNIKASI<\/title>\n<meta name=\"robots\" content=\"index, follow, max-snippet:-1, max-image-preview:large, max-video-preview:-1\" \/>\n<link rel=\"canonical\" href=\"https:\/\/fbk.upsi.edu.my\/ar\/%d8%a3%d9%83%d8%a7%d8%af%d9%8a%d9%85%d9%8a\/\" \/>\n<meta property=\"og:locale\" content=\"ar_AR\" \/>\n<meta property=\"og:type\" content=\"article\" \/>\n<meta property=\"og:title\" content=\"\u00cf\u00fa\u2518\u00e2\u00cf\u00ba\u00cf\u00bb\u2518\u00e8\u2518\u00e0\u2518\u00e8 - UPSI | FAKULTI BAHASA DAN KOMUNIKASI\" \/>\n<meta property=\"og:description\" content=\"\u00cf\u00ba\u2518\u00e4\u00cf\u00fa\u2518\u00e9\u00cf\u2502\u00cf\u00ba\u2518\u00e0______\" \/>\n<meta property=\"og:url\" content=\"https:\/\/fbk.upsi.edu.my\/ar\/%d8%a3%d9%83%d8%a7%d8%af%d9%8a%d9%85%d9%8a\/\" \/>\n<meta property=\"og:site_name\" content=\"UPSI | FAKULTI BAHASA DAN KOMUNIKASI\" \/>\n<meta property=\"article:publisher\" content=\"https:\/\/www.facebook.com\/311311265728473?ref=embed_page\" \/>\n<meta property=\"article:modified_time\" content=\"2025-01-10T08:30:36+00:00\" \/>\n<meta property=\"og:image\" content=\"https:\/\/fbk.upsi.edu.my\/wp-content\/uploads\/2023\/05\/1-7.png\" \/>\n\t<meta property=\"og:image:width\" content=\"500\" \/>\n\t<meta property=\"og:image:height\" content=\"300\" \/>\n\t<meta property=\"og:image:type\" content=\"image\/png\" \/>\n<meta name=\"twitter:card\" content=\"summary_large_image\" \/>\n<script type=\"application\/ld+json\" class=\"yoast-schema-graph\">{\"@context\":\"https:\\\/\\\/schema.org\",\"@graph\":[{\"@type\":\"WebPage\",\"@id\":\"https:\\\/\\\/fbk.upsi.edu.my\\\/ar\\\/%d8%a3%d9%83%d8%a7%d8%af%d9%8a%d9%85%d9%8a\\\/\",\"url\":\"https:\\\/\\\/fbk.upsi.edu.my\\\/ar\\\/%d8%a3%d9%83%d8%a7%d8%af%d9%8a%d9%85%d9%8a\\\/\",\"name\":\"\u00cf\u00fa\u2518\u00e2\u00cf\u00ba\u00cf\u00bb\u2518\u00e8\u2518\u00e0\u2518\u00e8 - UPSI | FAKULTI BAHASA DAN KOMUNIKASI\",\"isPartOf\":{\"@id\":\"https:\\\/\\\/fbk.upsi.edu.my\\\/ar\\\/#website\"},\"primaryImageOfPage\":{\"@id\":\"https:\\\/\\\/fbk.upsi.edu.my\\\/ar\\\/%d8%a3%d9%83%d8%a7%d8%af%d9%8a%d9%85%d9%8a\\\/#primaryimage\"},\"image\":{\"@id\":\"https:\\\/\\\/fbk.upsi.edu.my\\\/ar\\\/%d8%a3%d9%83%d8%a7%d8%af%d9%8a%d9%85%d9%8a\\\/#primaryimage\"},\"thumbnailUrl\":\"https:\\\/\\\/fbk.upsi.edu.my\\\/wp-content\\\/uploads\\\/2023\\\/05\\\/1-7-300x180.png\",\"datePublished\":\"2024-06-05T07:53:17+00:00\",\"dateModified\":\"2025-01-10T08:30:36+00:00\",\"breadcrumb\":{\"@id\":\"https:\\\/\\\/fbk.upsi.edu.my\\\/ar\\\/%d8%a3%d9%83%d8%a7%d8%af%d9%8a%d9%85%d9%8a\\\/#breadcrumb\"},\"inLanguage\":\"ar\",\"potentialAction\":[{\"@type\":\"ReadAction\",\"target\":[\"https:\\\/\\\/fbk.upsi.edu.my\\\/ar\\\/%d8%a3%d9%83%d8%a7%d8%af%d9%8a%d9%85%d9%8a\\\/\"]}]},{\"@type\":\"ImageObject\",\"inLanguage\":\"ar\",\"@id\":\"https:\\\/\\\/fbk.upsi.edu.my\\\/ar\\\/%d8%a3%d9%83%d8%a7%d8%af%d9%8a%d9%85%d9%8a\\\/#primaryimage\",\"url\":\"https:\\\/\\\/fbk.upsi.edu.my\\\/wp-content\\\/uploads\\\/2023\\\/05\\\/1-7-300x180.png\",\"contentUrl\":\"https:\\\/\\\/fbk.upsi.edu.my\\\/wp-content\\\/uploads\\\/2023\\\/05\\\/1-7-300x180.png\"},{\"@type\":\"BreadcrumbList\",\"@id\":\"https:\\\/\\\/fbk.upsi.edu.my\\\/ar\\\/%d8%a3%d9%83%d8%a7%d8%af%d9%8a%d9%85%d9%8a\\\/#breadcrumb\",\"itemListElement\":[{\"@type\":\"ListItem\",\"position\":1,\"name\":\"Home\",\"item\":\"https:\\\/\\\/fbk.upsi.edu.my\\\/ar\\\/\"},{\"@type\":\"ListItem\",\"position\":2,\"name\":\"\u00cf\u00fa\u2518\u00e2\u00cf\u00ba\u00cf\u00bb\u2518\u00e8\u2518\u00e0\u2518\u00e8\"}]},{\"@type\":\"WebSite\",\"@id\":\"https:\\\/\\\/fbk.upsi.edu.my\\\/ar\\\/#website\",\"url\":\"https:\\\/\\\/fbk.upsi.edu.my\\\/ar\\\/\",\"name\":\"UPSI | FAKULTI BAHASA DAN KOMUNIKASI\",\"description\":\"\",\"publisher\":{\"@id\":\"https:\\\/\\\/fbk.upsi.edu.my\\\/ar\\\/#organization\"},\"potentialAction\":[{\"@type\":\"SearchAction\",\"target\":{\"@type\":\"EntryPoint\",\"urlTemplate\":\"https:\\\/\\\/fbk.upsi.edu.my\\\/ar\\\/?s={search_term_string}\"},\"query-input\":{\"@type\":\"PropertyValueSpecification\",\"valueRequired\":true,\"valueName\":\"search_term_string\"}}],\"inLanguage\":\"ar\"},{\"@type\":\"Organization\",\"@id\":\"https:\\\/\\\/fbk.upsi.edu.my\\\/ar\\\/#organization\",\"name\":\"UPSI | FAKULTI BAHASA DAN KOMUNIKASI\",\"url\":\"https:\\\/\\\/fbk.upsi.edu.my\\\/ar\\\/\",\"logo\":{\"@type\":\"ImageObject\",\"inLanguage\":\"ar\",\"@id\":\"https:\\\/\\\/fbk.upsi.edu.my\\\/ar\\\/#\\\/schema\\\/logo\\\/image\\\/\",\"url\":\"https:\\\/\\\/fbk.upsi.edu.my\\\/wp-content\\\/uploads\\\/2025\\\/11\\\/Web-Banner-FBK-scaled.jpg\",\"contentUrl\":\"https:\\\/\\\/fbk.upsi.edu.my\\\/wp-content\\\/uploads\\\/2025\\\/11\\\/Web-Banner-FBK-scaled.jpg\",\"width\":2560,\"height\":296,\"caption\":\"UPSI | FAKULTI BAHASA DAN KOMUNIKASI\"},\"image\":{\"@id\":\"https:\\\/\\\/fbk.upsi.edu.my\\\/ar\\\/#\\\/schema\\\/logo\\\/image\\\/\"},\"sameAs\":[\"https:\\\/\\\/www.facebook.com\\\/311311265728473?ref=embed_page\"]}]}<\/script>\n<!-- \/ Yoast SEO plugin. -->","yoast_head_json":{"title":"\u00cf\u00fa\u2518\u00e2\u00cf\u00ba\u00cf\u00bb\u2518\u00e8\u2518\u00e0\u2518\u00e8 - UPSI | FAKULTI BAHASA DAN KOMUNIKASI","robots":{"index":"index","follow":"follow","max-snippet":"max-snippet:-1","max-image-preview":"max-image-preview:large","max-video-preview":"max-video-preview:-1"},"canonical":"https:\/\/fbk.upsi.edu.my\/ar\/%d8%a3%d9%83%d8%a7%d8%af%d9%8a%d9%85%d9%8a\/","og_locale":"ar_AR","og_type":"article","og_title":"\u00cf\u00fa\u2518\u00e2\u00cf\u00ba\u00cf\u00bb\u2518\u00e8\u2518\u00e0\u2518\u00e8 - UPSI | FAKULTI BAHASA DAN KOMUNIKASI","og_description":"\u00cf\u00ba\u2518\u00e4\u00cf\u00fa\u2518\u00e9\u00cf\u2502\u00cf\u00ba\u2518\u00e0______","og_url":"https:\/\/fbk.upsi.edu.my\/ar\/%d8%a3%d9%83%d8%a7%d8%af%d9%8a%d9%85%d9%8a\/","og_site_name":"UPSI | FAKULTI BAHASA DAN KOMUNIKASI","article_publisher":"https:\/\/www.facebook.com\/311311265728473?ref=embed_page","article_modified_time":"2025-01-10T08:30:36+00:00","og_image":[{"width":500,"height":300,"url":"https:\/\/fbk.upsi.edu.my\/wp-content\/uploads\/2023\/05\/1-7.png","type":"image\/png"}],"twitter_card":"summary_large_image","schema":{"@context":"https:\/\/schema.org","@graph":[{"@type":"WebPage","@id":"https:\/\/fbk.upsi.edu.my\/ar\/%d8%a3%d9%83%d8%a7%d8%af%d9%8a%d9%85%d9%8a\/","url":"https:\/\/fbk.upsi.edu.my\/ar\/%d8%a3%d9%83%d8%a7%d8%af%d9%8a%d9%85%d9%8a\/","name":"\u00cf\u00fa\u2518\u00e2\u00cf\u00ba\u00cf\u00bb\u2518\u00e8\u2518\u00e0\u2518\u00e8 - UPSI | FAKULTI BAHASA DAN KOMUNIKASI","isPartOf":{"@id":"https:\/\/fbk.upsi.edu.my\/ar\/#website"},"primaryImageOfPage":{"@id":"https:\/\/fbk.upsi.edu.my\/ar\/%d8%a3%d9%83%d8%a7%d8%af%d9%8a%d9%85%d9%8a\/#primaryimage"},"image":{"@id":"https:\/\/fbk.upsi.edu.my\/ar\/%d8%a3%d9%83%d8%a7%d8%af%d9%8a%d9%85%d9%8a\/#primaryimage"},"thumbnailUrl":"https:\/\/fbk.upsi.edu.my\/wp-content\/uploads\/2023\/05\/1-7-300x180.png","datePublished":"2024-06-05T07:53:17+00:00","dateModified":"2025-01-10T08:30:36+00:00","breadcrumb":{"@id":"https:\/\/fbk.upsi.edu.my\/ar\/%d8%a3%d9%83%d8%a7%d8%af%d9%8a%d9%85%d9%8a\/#breadcrumb"},"inLanguage":"ar","potentialAction":[{"@type":"ReadAction","target":["https:\/\/fbk.upsi.edu.my\/ar\/%d8%a3%d9%83%d8%a7%d8%af%d9%8a%d9%85%d9%8a\/"]}]},{"@type":"ImageObject","inLanguage":"ar","@id":"https:\/\/fbk.upsi.edu.my\/ar\/%d8%a3%d9%83%d8%a7%d8%af%d9%8a%d9%85%d9%8a\/#primaryimage","url":"https:\/\/fbk.upsi.edu.my\/wp-content\/uploads\/2023\/05\/1-7-300x180.png","contentUrl":"https:\/\/fbk.upsi.edu.my\/wp-content\/uploads\/2023\/05\/1-7-300x180.png"},{"@type":"BreadcrumbList","@id":"https:\/\/fbk.upsi.edu.my\/ar\/%d8%a3%d9%83%d8%a7%d8%af%d9%8a%d9%85%d9%8a\/#breadcrumb","itemListElement":[{"@type":"ListItem","position":1,"name":"Home","item":"https:\/\/fbk.upsi.edu.my\/ar\/"},{"@type":"ListItem","position":2,"name":"\u00cf\u00fa\u2518\u00e2\u00cf\u00ba\u00cf\u00bb\u2518\u00e8\u2518\u00e0\u2518\u00e8"}]},{"@type":"WebSite","@id":"https:\/\/fbk.upsi.edu.my\/ar\/#website","url":"https:\/\/fbk.upsi.edu.my\/ar\/","name":"UPSI | FAKULTI BAHASA DAN KOMUNIKASI","description":"","publisher":{"@id":"https:\/\/fbk.upsi.edu.my\/ar\/#organization"},"potentialAction":[{"@type":"SearchAction","target":{"@type":"EntryPoint","urlTemplate":"https:\/\/fbk.upsi.edu.my\/ar\/?s={search_term_string}"},"query-input":{"@type":"PropertyValueSpecification","valueRequired":true,"valueName":"search_term_string"}}],"inLanguage":"ar"},{"@type":"Organization","@id":"https:\/\/fbk.upsi.edu.my\/ar\/#organization","name":"UPSI | FAKULTI BAHASA DAN KOMUNIKASI","url":"https:\/\/fbk.upsi.edu.my\/ar\/","logo":{"@type":"ImageObject","inLanguage":"ar","@id":"https:\/\/fbk.upsi.edu.my\/ar\/#\/schema\/logo\/image\/","url":"https:\/\/fbk.upsi.edu.my\/wp-content\/uploads\/2025\/11\/Web-Banner-FBK-scaled.jpg","contentUrl":"https:\/\/fbk.upsi.edu.my\/wp-content\/uploads\/2025\/11\/Web-Banner-FBK-scaled.jpg","width":2560,"height":296,"caption":"UPSI | FAKULTI BAHASA DAN KOMUNIKASI"},"image":{"@id":"https:\/\/fbk.upsi.edu.my\/ar\/#\/schema\/logo\/image\/"},"sameAs":["https:\/\/www.facebook.com\/311311265728473?ref=embed_page"]}]}},"_links":{"self":[{"href":"https:\/\/fbk.upsi.edu.my\/ar\/wp-json\/wp\/v2\/pages\/9370","targetHints":{"allow":["GET"]}}],"collection":[{"href":"https:\/\/fbk.upsi.edu.my\/ar\/wp-json\/wp\/v2\/pages"}],"about":[{"href":"https:\/\/fbk.upsi.edu.my\/ar\/wp-json\/wp\/v2\/types\/page"}],"author":[{"embeddable":true,"href":"https:\/\/fbk.upsi.edu.my\/ar\/wp-json\/wp\/v2\/users\/11"}],"replies":[{"embeddable":true,"href":"https:\/\/fbk.upsi.edu.my\/ar\/wp-json\/wp\/v2\/comments?post=9370"}],"version-history":[{"count":2,"href":"https:\/\/fbk.upsi.edu.my\/ar\/wp-json\/wp\/v2\/pages\/9370\/revisions"}],"predecessor-version":[{"id":11853,"href":"https:\/\/fbk.upsi.edu.my\/ar\/wp-json\/wp\/v2\/pages\/9370\/revisions\/11853"}],"wp:attachment":[{"href":"https:\/\/fbk.upsi.edu.my\/ar\/wp-json\/wp\/v2\/media?parent=9370"}],"curies":[{"name":"wp","href":"https:\/\/api.w.org\/{rel}","templated":true}]}}