{"id":10274,"date":"2024-06-07T04:05:30","date_gmt":"2024-06-07T04:05:30","guid":{"rendered":"https:\/\/fbk.upsi.edu.my\/%d8%a7%d9%84%d8%b1%d8%a4%d9%89-%d9%88%d8%a7%d9%84%d8%a8%d8%b9%d8%ab%d8%a7%d8%aa\/"},"modified":"2024-06-07T04:05:30","modified_gmt":"2024-06-07T04:05:30","slug":"%d8%a7%d9%84%d8%b1%d8%a4%d9%89-%d9%88%d8%a7%d9%84%d8%a8%d8%b9%d8%ab%d8%a7%d8%aa","status":"publish","type":"page","link":"https:\/\/fbk.upsi.edu.my\/ar\/%d8%a7%d9%84%d8%b1%d8%a4%d9%89-%d9%88%d8%a7%d9%84%d8%a8%d8%b9%d8%ab%d8%a7%d8%aa\/","title":{"rendered":"\u00cf\u00ba\u2518\u00e4\u00cf\u2592\u00cf\u00f1\u2518\u00eb \u2518\u00ea\u00cf\u00ba\u2518\u00e4\u00cf\u00bf\u00cf\u2563\u00cf\u00bd\u00cf\u00ba\u00cf\u00ac"},"content":{"rendered":"<pre id=\"tw-target-text\" class=\"tw-data-text tw-text-large tw-ta\" dir=\"rtl\" data-placeholder=\"Translation\" aria-label=\"Translated text\" data-ved=\"2ahUKEwiqlZO_o8iGAxVZzzgGHSOjHLMQ3ewLegQIBRAU\"><span class=\"Y2IQFc\" lang=\"ar\">\u00cf\u2592\u00cf\u00f1\u2518\u00e8\u00cf\u00ae \u00cf\u00ba\u2518\u00e4\u2518\u00e2\u2518\u00e4\u2518\u00e8\u00cf\u00ae\r\n\r\n\u00cf\u00fa\u2518\u00e5 \u00cf\u00ac\u00cf\u00c1\u00cf\u00bf\u00cf\u00a1 \u2518\u00e2\u2518\u00e4\u2518\u00e8\u00cf\u00ae \u2518\u00e4\u2518\u00e4\u00cf\u00ac\u2518\u00e0\u2518\u00e8\u00cf\u2593 \u2518\u00e0\u2518\u00e5 \u00cf\u00fa\u00cf\u00bc\u2518\u00e4 \u00cf\u00d1\u2518\u00e5\u00cf\u00ac\u00cf\u00ba\u00cf\u00bc \u00cf\u00ba\u2518\u00e4\u00cf\u00ac\u2518\u00e0\u2518\u00e8\u00cf\u2593 \u00cf\u00ba\u2518\u00e4\u00cf\u2563\u2518\u00e4\u2518\u00e0\u2518\u00e8 \u2518\u00fc\u2518\u00e8 \u2518\u00e0\u00cf\u00bc\u00cf\u00ba\u2518\u00e4\u00cf\u00ba\u00cf\u00ac \u00cf\u00ba\u2518\u00e4\u2518\u00e4\u00cf\u2551\u00cf\u00ae\u00cf\u00ee\r\n\u00cf\u00ba\u2518\u00e4\u00cf\u00fa\u00cf\u00bb\u00cf\u00bf \u2518\u00ea\u00cf\u00ba\u2518\u00e4\u00cf\u00ac\u2518\u00ea\u00cf\u00ba\u00cf\u00c1\u2518\u00e4 \u2518\u00e0\u2518\u00e5 \u00cf\u00ab\u2518\u00e4\u00cf\u00ba\u2518\u00e4 \u00cf\u00ba\u00cf\u2502\u00cf\u00ac\u2518\u00e2\u00cf\u2524\u00cf\u00ba\u2518\u00fc \u00cf\u00ba\u2518\u00e4\u2518\u00e0\u00cf\u2563\u00cf\u2592\u2518\u00fc\u00cf\u00ae \u00cf\u00ba\u2518\u00e4\u00cf\u00bc\u00cf\u00bb\u2518\u00e8\u00cf\u00bb\u00cf\u00ae \u2518\u00ea\u00cf\u00ba\u2518\u00e4\u00cf\u00a1\u2518\u00fc\u00cf\u00ba\u00cf\u00a9 \u00cf\u2563\u2518\u00e4\u2518\u00eb \u00cf\u00ba\u2518\u00e4\u00cf\u00ac\u00cf\u2592\u00cf\u00ba\u00cf\u00bd \u00cf\u00ba\u2518\u00e4\u2518\u00e0\u00cf\u00a1\u2518\u00e4\u2518\u00e8.\r\n\r\n\r\n\r\n\u2518\u00e0\u2518\u00e7\u2518\u00e0\u00cf\u00ae \u00cf\u00ba\u2518\u00e4\u2518\u00e2\u2518\u00e4\u2518\u00e8\u00cf\u00ae\r\n\r\n\u00cf\u00ab\u2518\u00e4\u2518\u00e9 \u00cf\u00bd\u2518\u00e9\u00cf\u00ba\u2518\u00fc\u00cf\u00ae \u00cf\u00bb\u00cf\u2592\u00cf\u00ba\u00cf\u2502\u2518\u00e8\u00cf\u00ae \u2518\u00e9\u00cf\u00ba\u00cf\u00bb\u00cf\u2592\u00cf\u00ae \u00cf\u2563\u2518\u00e4\u2518\u00eb \u00cf\u00d1\u2518\u00e5\u00cf\u00ac\u00cf\u00ba\u00cf\u00bc \u2518\u00e0\u2518\u00ea\u00cf\u00ba\u00cf\u2592\u00cf\u00bb \u00cf\u00bf\u00cf\u2524\u00cf\u2592\u2518\u00e8\u00cf\u00ae \u2518\u00fc\u2518\u00e8 \u2518\u00e0\u00cf\u00bc\u00cf\u00ba\u2518\u00e4 \u00cf\u00ba\u2518\u00e4\u2518\u00e4\u00cf\u2551\u00cf\u00ae\u00cf\u00ee\r\n\r\n\u00cf\u00ba\u2518\u00e4\u00cf\u00fa\u00cf\u00bb\u00cf\u00bf \u2518\u00ea\u00cf\u00ba\u2518\u00e4\u00cf\u00ba\u00cf\u00ac\u00cf\u00c1\u00cf\u00ba\u2518\u00e4\u00cf\u00ba\u00cf\u00ac \u00cf\u00bf\u00cf\u00ba\u00cf\u2592\u00cf\u2563\u2518\u00ea\u2518\u00e5 \u2518\u00fc\u2518\u00e8 \u00cf\u00fa\u2518\u00e5 \u2518\u00e8\u2518\u00e2\u2518\u00ea\u2518\u00e5\u2518\u00ea\u00cf\u00ba \u2518\u00e9\u00cf\u00ba\u00cf\u00bb\u00cf\u00ae \u2518\u00fc\u2518\u00e8 \u00cf\u00ba\u2518\u00e4\u00cf\u2563\u00cf\u00ba\u2518\u00e4\u2518\u00e0 \u00cf\u00ba\u2518\u00e4\u2518\u00e0\u00cf\u2563\u2518\u00ea\u2518\u00e4\u2518\u00e0.<\/span><\/pre>\n","protected":false},"excerpt":{"rendered":"<p>\u00cf\u2592\u00cf\u00f1\u2518\u00e8\u00cf\u00ae \u00cf\u00ba\u2518\u00e4\u2518\u00e2\u2518\u00e4\u2518\u00e8\u00cf\u00ae \u00cf\u00fa\u2518\u00e5 \u00cf\u00ac\u00cf\u00c1\u00cf\u00bf\u00cf\u00a1 \u2518\u00e2\u2518\u00e4\u2518\u00e8\u00cf\u00ae \u2518\u00e4\u2518\u00e4\u00cf\u00ac\u2518\u00e0\u2518\u00e8\u00cf\u2593 \u2518\u00e0\u2518\u00e5 \u00cf\u00fa\u00cf\u00bc\u2518\u00e4 \u00cf\u00d1\u2518\u00e5\u00cf\u00ac\u00cf\u00ba\u00cf\u00bc \u00cf\u00ba\u2518\u00e4\u00cf\u00ac\u2518\u00e0\u2518\u00e8\u00cf\u2593 \u00cf\u00ba\u2518\u00e4\u00cf\u2563\u2518\u00e4\u2518\u00e0\u2518\u00e8 \u2518\u00fc\u2518\u00e8 \u2518\u00e0\u00cf\u00bc\u00cf\u00ba\u2518\u00e4\u00cf\u00ba\u00cf\u00ac \u00cf\u00ba\u2518\u00e4\u2518\u00e4\u00cf\u2551\u00cf\u00ae\u00cf\u00ee \u00cf\u00ba\u2518\u00e4\u00cf\u00fa\u00cf\u00bb\u00cf\u00bf \u2518\u00ea\u00cf\u00ba\u2518\u00e4\u00cf\u00ac\u2518\u00ea\u00cf\u00ba\u00cf\u00c1\u2518\u00e4 \u2518\u00e0\u2518\u00e5 \u00cf\u00ab\u2518\u00e4\u00cf\u00ba\u2518\u00e4 \u00cf\u00ba\u00cf\u2502\u00cf\u00ac\u2518\u00e2\u00cf\u2524\u00cf\u00ba\u2518\u00fc \u00cf\u00ba\u2518\u00e4\u2518\u00e0\u00cf\u2563\u00cf\u2592\u2518\u00fc\u00cf\u00ae \u00cf\u00ba\u2518\u00e4\u00cf\u00bc\u00cf\u00bb\u2518\u00e8\u00cf\u00bb\u00cf\u00ae \u2518\u00ea\u00cf\u00ba\u2518\u00e4\u00cf\u00a1\u2518\u00fc\u00cf\u00ba\u00cf\u00a9 \u00cf\u2563\u2518\u00e4\u2518\u00eb \u00cf\u00ba\u2518\u00e4\u00cf\u00ac\u00cf\u2592\u00cf\u00ba\u00cf\u00bd \u00cf\u00ba\u2518\u00e4\u2518\u00e0\u00cf\u00a1\u2518\u00e4\u2518\u00e8. \u2518\u00e0\u2518\u00e7\u2518\u00e0\u00cf\u00ae \u00cf\u00ba\u2518\u00e4\u2518\u00e2\u2518\u00e4\u2518\u00e8\u00cf\u00ae \u00cf\u00ab\u2518\u00e4\u2518\u00e9 \u00cf\u00bd\u2518\u00e9\u00cf\u00ba\u2518\u00fc\u00cf\u00ae \u00cf\u00bb\u00cf\u2592\u00cf\u00ba\u00cf\u2502\u2518\u00e8\u00cf\u00ae \u2518\u00e9\u00cf\u00ba\u00cf\u00bb\u00cf\u2592\u00cf\u00ae \u00cf\u2563\u2518\u00e4\u2518\u00eb \u00cf\u00d1\u2518\u00e5\u00cf\u00ac\u00cf\u00ba\u00cf\u00bc \u2518\u00e0\u2518\u00ea\u00cf\u00ba\u00cf\u2592\u00cf\u00bb \u00cf\u00bf\u00cf\u2524\u00cf\u2592\u2518\u00e8\u00cf\u00ae \u2518\u00fc\u2518\u00e8 \u2518\u00e0\u00cf\u00bc\u00cf\u00ba\u2518\u00e4 \u00cf\u00ba\u2518\u00e4\u2518\u00e4\u00cf\u2551\u00cf\u00ae\u00cf\u00ee \u00cf\u00ba\u2518\u00e4\u00cf\u00fa\u00cf\u00bb\u00cf\u00bf \u2518\u00ea\u00cf\u00ba\u2518\u00e4\u00cf\u00ba\u00cf\u00ac\u00cf\u00c1\u00cf\u00ba\u2518\u00e4\u00cf\u00ba\u00cf\u00ac&#8230;<br \/><a class=\"read-more-button\" href=\"https:\/\/fbk.upsi.edu.my\/ar\/%d8%a7%d9%84%d8%b1%d8%a4%d9%89-%d9%88%d8%a7%d9%84%d8%a8%d8%b9%d8%ab%d8%a7%d8%aa\/\">Read more<\/a><\/p>\n","protected":false},"author":11,"featured_media":0,"parent":0,"menu_order":0,"comment_status":"closed","ping_status":"closed","template":"template-full-width.php","meta":{"footnotes":""},"class_list":["post-10274","page","type-page","status-publish","hentry"],"yoast_head":"<!-- This site is optimized with the Yoast SEO plugin v27.4 - https:\/\/yoast.com\/product\/yoast-seo-wordpress\/ -->\n<title>\u00cf\u00ba\u2518\u00e4\u00cf\u2592\u00cf\u00f1\u2518\u00eb \u2518\u00ea\u00cf\u00ba\u2518\u00e4\u00cf\u00bf\u00cf\u2563\u00cf\u00bd\u00cf\u00ba\u00cf\u00ac - UPSI | FAKULTI BAHASA DAN KOMUNIKASI<\/title>\n<meta name=\"robots\" content=\"index, follow, max-snippet:-1, max-image-preview:large, max-video-preview:-1\" \/>\n<link rel=\"canonical\" href=\"https:\/\/fbk.upsi.edu.my\/ar\/%d8%a7%d9%84%d8%b1%d8%a4%d9%89-%d9%88%d8%a7%d9%84%d8%a8%d8%b9%d8%ab%d8%a7%d8%aa\/\" \/>\n<meta property=\"og:locale\" content=\"ar_AR\" \/>\n<meta property=\"og:type\" content=\"article\" \/>\n<meta property=\"og:title\" content=\"\u00cf\u00ba\u2518\u00e4\u00cf\u2592\u00cf\u00f1\u2518\u00eb \u2518\u00ea\u00cf\u00ba\u2518\u00e4\u00cf\u00bf\u00cf\u2563\u00cf\u00bd\u00cf\u00ba\u00cf\u00ac - UPSI | FAKULTI BAHASA DAN KOMUNIKASI\" \/>\n<meta property=\"og:description\" content=\"\u00cf\u2592\u00cf\u00f1\u2518\u00e8\u00cf\u00ae \u00cf\u00ba\u2518\u00e4\u2518\u00e2\u2518\u00e4\u2518\u00e8\u00cf\u00ae \u00cf\u00fa\u2518\u00e5 \u00cf\u00ac\u00cf\u00c1\u00cf\u00bf\u00cf\u00a1 \u2518\u00e2\u2518\u00e4\u2518\u00e8\u00cf\u00ae \u2518\u00e4\u2518\u00e4\u00cf\u00ac\u2518\u00e0\u2518\u00e8\u00cf\u2593 \u2518\u00e0\u2518\u00e5 \u00cf\u00fa\u00cf\u00bc\u2518\u00e4 \u00cf\u00d1\u2518\u00e5\u00cf\u00ac\u00cf\u00ba\u00cf\u00bc \u00cf\u00ba\u2518\u00e4\u00cf\u00ac\u2518\u00e0\u2518\u00e8\u00cf\u2593 \u00cf\u00ba\u2518\u00e4\u00cf\u2563\u2518\u00e4\u2518\u00e0\u2518\u00e8 \u2518\u00fc\u2518\u00e8 \u2518\u00e0\u00cf\u00bc\u00cf\u00ba\u2518\u00e4\u00cf\u00ba\u00cf\u00ac \u00cf\u00ba\u2518\u00e4\u2518\u00e4\u00cf\u2551\u00cf\u00ae\u00cf\u00ee \u00cf\u00ba\u2518\u00e4\u00cf\u00fa\u00cf\u00bb\u00cf\u00bf \u2518\u00ea\u00cf\u00ba\u2518\u00e4\u00cf\u00ac\u2518\u00ea\u00cf\u00ba\u00cf\u00c1\u2518\u00e4 \u2518\u00e0\u2518\u00e5 \u00cf\u00ab\u2518\u00e4\u00cf\u00ba\u2518\u00e4 \u00cf\u00ba\u00cf\u2502\u00cf\u00ac\u2518\u00e2\u00cf\u2524\u00cf\u00ba\u2518\u00fc \u00cf\u00ba\u2518\u00e4\u2518\u00e0\u00cf\u2563\u00cf\u2592\u2518\u00fc\u00cf\u00ae \u00cf\u00ba\u2518\u00e4\u00cf\u00bc\u00cf\u00bb\u2518\u00e8\u00cf\u00bb\u00cf\u00ae \u2518\u00ea\u00cf\u00ba\u2518\u00e4\u00cf\u00a1\u2518\u00fc\u00cf\u00ba\u00cf\u00a9 \u00cf\u2563\u2518\u00e4\u2518\u00eb \u00cf\u00ba\u2518\u00e4\u00cf\u00ac\u00cf\u2592\u00cf\u00ba\u00cf\u00bd \u00cf\u00ba\u2518\u00e4\u2518\u00e0\u00cf\u00a1\u2518\u00e4\u2518\u00e8. \u2518\u00e0\u2518\u00e7\u2518\u00e0\u00cf\u00ae \u00cf\u00ba\u2518\u00e4\u2518\u00e2\u2518\u00e4\u2518\u00e8\u00cf\u00ae \u00cf\u00ab\u2518\u00e4\u2518\u00e9 \u00cf\u00bd\u2518\u00e9\u00cf\u00ba\u2518\u00fc\u00cf\u00ae \u00cf\u00bb\u00cf\u2592\u00cf\u00ba\u00cf\u2502\u2518\u00e8\u00cf\u00ae \u2518\u00e9\u00cf\u00ba\u00cf\u00bb\u00cf\u2592\u00cf\u00ae \u00cf\u2563\u2518\u00e4\u2518\u00eb \u00cf\u00d1\u2518\u00e5\u00cf\u00ac\u00cf\u00ba\u00cf\u00bc \u2518\u00e0\u2518\u00ea\u00cf\u00ba\u00cf\u2592\u00cf\u00bb \u00cf\u00bf\u00cf\u2524\u00cf\u2592\u2518\u00e8\u00cf\u00ae \u2518\u00fc\u2518\u00e8 \u2518\u00e0\u00cf\u00bc\u00cf\u00ba\u2518\u00e4 \u00cf\u00ba\u2518\u00e4\u2518\u00e4\u00cf\u2551\u00cf\u00ae\u00cf\u00ee \u00cf\u00ba\u2518\u00e4\u00cf\u00fa\u00cf\u00bb\u00cf\u00bf \u2518\u00ea\u00cf\u00ba\u2518\u00e4\u00cf\u00ba\u00cf\u00ac\u00cf\u00c1\u00cf\u00ba\u2518\u00e4\u00cf\u00ba\u00cf\u00ac...Read more\" \/>\n<meta property=\"og:url\" content=\"https:\/\/fbk.upsi.edu.my\/ar\/%d8%a7%d9%84%d8%b1%d8%a4%d9%89-%d9%88%d8%a7%d9%84%d8%a8%d8%b9%d8%ab%d8%a7%d8%aa\/\" \/>\n<meta property=\"og:site_name\" content=\"UPSI | FAKULTI BAHASA DAN KOMUNIKASI\" \/>\n<meta property=\"article:publisher\" content=\"https:\/\/www.facebook.com\/311311265728473?ref=embed_page\" \/>\n<meta name=\"twitter:card\" content=\"summary_large_image\" \/>\n<script type=\"application\/ld+json\" class=\"yoast-schema-graph\">{\"@context\":\"https:\\\/\\\/schema.org\",\"@graph\":[{\"@type\":\"WebPage\",\"@id\":\"https:\\\/\\\/fbk.upsi.edu.my\\\/ar\\\/%d8%a7%d9%84%d8%b1%d8%a4%d9%89-%d9%88%d8%a7%d9%84%d8%a8%d8%b9%d8%ab%d8%a7%d8%aa\\\/\",\"url\":\"https:\\\/\\\/fbk.upsi.edu.my\\\/ar\\\/%d8%a7%d9%84%d8%b1%d8%a4%d9%89-%d9%88%d8%a7%d9%84%d8%a8%d8%b9%d8%ab%d8%a7%d8%aa\\\/\",\"name\":\"\u00cf\u00ba\u2518\u00e4\u00cf\u2592\u00cf\u00f1\u2518\u00eb \u2518\u00ea\u00cf\u00ba\u2518\u00e4\u00cf\u00bf\u00cf\u2563\u00cf\u00bd\u00cf\u00ba\u00cf\u00ac - UPSI | FAKULTI BAHASA DAN KOMUNIKASI\",\"isPartOf\":{\"@id\":\"https:\\\/\\\/fbk.upsi.edu.my\\\/ar\\\/#website\"},\"datePublished\":\"2024-06-07T04:05:30+00:00\",\"breadcrumb\":{\"@id\":\"https:\\\/\\\/fbk.upsi.edu.my\\\/ar\\\/%d8%a7%d9%84%d8%b1%d8%a4%d9%89-%d9%88%d8%a7%d9%84%d8%a8%d8%b9%d8%ab%d8%a7%d8%aa\\\/#breadcrumb\"},\"inLanguage\":\"ar\",\"potentialAction\":[{\"@type\":\"ReadAction\",\"target\":[\"https:\\\/\\\/fbk.upsi.edu.my\\\/ar\\\/%d8%a7%d9%84%d8%b1%d8%a4%d9%89-%d9%88%d8%a7%d9%84%d8%a8%d8%b9%d8%ab%d8%a7%d8%aa\\\/\"]}]},{\"@type\":\"BreadcrumbList\",\"@id\":\"https:\\\/\\\/fbk.upsi.edu.my\\\/ar\\\/%d8%a7%d9%84%d8%b1%d8%a4%d9%89-%d9%88%d8%a7%d9%84%d8%a8%d8%b9%d8%ab%d8%a7%d8%aa\\\/#breadcrumb\",\"itemListElement\":[{\"@type\":\"ListItem\",\"position\":1,\"name\":\"Home\",\"item\":\"https:\\\/\\\/fbk.upsi.edu.my\\\/ar\\\/\"},{\"@type\":\"ListItem\",\"position\":2,\"name\":\"\u00cf\u00ba\u2518\u00e4\u00cf\u2592\u00cf\u00f1\u2518\u00eb \u2518\u00ea\u00cf\u00ba\u2518\u00e4\u00cf\u00bf\u00cf\u2563\u00cf\u00bd\u00cf\u00ba\u00cf\u00ac\"}]},{\"@type\":\"WebSite\",\"@id\":\"https:\\\/\\\/fbk.upsi.edu.my\\\/ar\\\/#website\",\"url\":\"https:\\\/\\\/fbk.upsi.edu.my\\\/ar\\\/\",\"name\":\"UPSI | FAKULTI BAHASA DAN KOMUNIKASI\",\"description\":\"\",\"publisher\":{\"@id\":\"https:\\\/\\\/fbk.upsi.edu.my\\\/ar\\\/#organization\"},\"potentialAction\":[{\"@type\":\"SearchAction\",\"target\":{\"@type\":\"EntryPoint\",\"urlTemplate\":\"https:\\\/\\\/fbk.upsi.edu.my\\\/ar\\\/?s={search_term_string}\"},\"query-input\":{\"@type\":\"PropertyValueSpecification\",\"valueRequired\":true,\"valueName\":\"search_term_string\"}}],\"inLanguage\":\"ar\"},{\"@type\":\"Organization\",\"@id\":\"https:\\\/\\\/fbk.upsi.edu.my\\\/ar\\\/#organization\",\"name\":\"UPSI | FAKULTI BAHASA DAN KOMUNIKASI\",\"url\":\"https:\\\/\\\/fbk.upsi.edu.my\\\/ar\\\/\",\"logo\":{\"@type\":\"ImageObject\",\"inLanguage\":\"ar\",\"@id\":\"https:\\\/\\\/fbk.upsi.edu.my\\\/ar\\\/#\\\/schema\\\/logo\\\/image\\\/\",\"url\":\"https:\\\/\\\/fbk.upsi.edu.my\\\/wp-content\\\/uploads\\\/2025\\\/11\\\/Web-Banner-FBK-scaled.jpg\",\"contentUrl\":\"https:\\\/\\\/fbk.upsi.edu.my\\\/wp-content\\\/uploads\\\/2025\\\/11\\\/Web-Banner-FBK-scaled.jpg\",\"width\":2560,\"height\":296,\"caption\":\"UPSI | FAKULTI BAHASA DAN KOMUNIKASI\"},\"image\":{\"@id\":\"https:\\\/\\\/fbk.upsi.edu.my\\\/ar\\\/#\\\/schema\\\/logo\\\/image\\\/\"},\"sameAs\":[\"https:\\\/\\\/www.facebook.com\\\/311311265728473?ref=embed_page\"]}]}<\/script>\n<!-- \/ Yoast SEO plugin. -->","yoast_head_json":{"title":"\u00cf\u00ba\u2518\u00e4\u00cf\u2592\u00cf\u00f1\u2518\u00eb \u2518\u00ea\u00cf\u00ba\u2518\u00e4\u00cf\u00bf\u00cf\u2563\u00cf\u00bd\u00cf\u00ba\u00cf\u00ac - UPSI | FAKULTI BAHASA DAN KOMUNIKASI","robots":{"index":"index","follow":"follow","max-snippet":"max-snippet:-1","max-image-preview":"max-image-preview:large","max-video-preview":"max-video-preview:-1"},"canonical":"https:\/\/fbk.upsi.edu.my\/ar\/%d8%a7%d9%84%d8%b1%d8%a4%d9%89-%d9%88%d8%a7%d9%84%d8%a8%d8%b9%d8%ab%d8%a7%d8%aa\/","og_locale":"ar_AR","og_type":"article","og_title":"\u00cf\u00ba\u2518\u00e4\u00cf\u2592\u00cf\u00f1\u2518\u00eb \u2518\u00ea\u00cf\u00ba\u2518\u00e4\u00cf\u00bf\u00cf\u2563\u00cf\u00bd\u00cf\u00ba\u00cf\u00ac - UPSI | FAKULTI BAHASA DAN KOMUNIKASI","og_description":"\u00cf\u2592\u00cf\u00f1\u2518\u00e8\u00cf\u00ae \u00cf\u00ba\u2518\u00e4\u2518\u00e2\u2518\u00e4\u2518\u00e8\u00cf\u00ae \u00cf\u00fa\u2518\u00e5 \u00cf\u00ac\u00cf\u00c1\u00cf\u00bf\u00cf\u00a1 \u2518\u00e2\u2518\u00e4\u2518\u00e8\u00cf\u00ae \u2518\u00e4\u2518\u00e4\u00cf\u00ac\u2518\u00e0\u2518\u00e8\u00cf\u2593 \u2518\u00e0\u2518\u00e5 \u00cf\u00fa\u00cf\u00bc\u2518\u00e4 \u00cf\u00d1\u2518\u00e5\u00cf\u00ac\u00cf\u00ba\u00cf\u00bc \u00cf\u00ba\u2518\u00e4\u00cf\u00ac\u2518\u00e0\u2518\u00e8\u00cf\u2593 \u00cf\u00ba\u2518\u00e4\u00cf\u2563\u2518\u00e4\u2518\u00e0\u2518\u00e8 \u2518\u00fc\u2518\u00e8 \u2518\u00e0\u00cf\u00bc\u00cf\u00ba\u2518\u00e4\u00cf\u00ba\u00cf\u00ac \u00cf\u00ba\u2518\u00e4\u2518\u00e4\u00cf\u2551\u00cf\u00ae\u00cf\u00ee \u00cf\u00ba\u2518\u00e4\u00cf\u00fa\u00cf\u00bb\u00cf\u00bf \u2518\u00ea\u00cf\u00ba\u2518\u00e4\u00cf\u00ac\u2518\u00ea\u00cf\u00ba\u00cf\u00c1\u2518\u00e4 \u2518\u00e0\u2518\u00e5 \u00cf\u00ab\u2518\u00e4\u00cf\u00ba\u2518\u00e4 \u00cf\u00ba\u00cf\u2502\u00cf\u00ac\u2518\u00e2\u00cf\u2524\u00cf\u00ba\u2518\u00fc \u00cf\u00ba\u2518\u00e4\u2518\u00e0\u00cf\u2563\u00cf\u2592\u2518\u00fc\u00cf\u00ae \u00cf\u00ba\u2518\u00e4\u00cf\u00bc\u00cf\u00bb\u2518\u00e8\u00cf\u00bb\u00cf\u00ae \u2518\u00ea\u00cf\u00ba\u2518\u00e4\u00cf\u00a1\u2518\u00fc\u00cf\u00ba\u00cf\u00a9 \u00cf\u2563\u2518\u00e4\u2518\u00eb \u00cf\u00ba\u2518\u00e4\u00cf\u00ac\u00cf\u2592\u00cf\u00ba\u00cf\u00bd \u00cf\u00ba\u2518\u00e4\u2518\u00e0\u00cf\u00a1\u2518\u00e4\u2518\u00e8. \u2518\u00e0\u2518\u00e7\u2518\u00e0\u00cf\u00ae \u00cf\u00ba\u2518\u00e4\u2518\u00e2\u2518\u00e4\u2518\u00e8\u00cf\u00ae \u00cf\u00ab\u2518\u00e4\u2518\u00e9 \u00cf\u00bd\u2518\u00e9\u00cf\u00ba\u2518\u00fc\u00cf\u00ae \u00cf\u00bb\u00cf\u2592\u00cf\u00ba\u00cf\u2502\u2518\u00e8\u00cf\u00ae \u2518\u00e9\u00cf\u00ba\u00cf\u00bb\u00cf\u2592\u00cf\u00ae \u00cf\u2563\u2518\u00e4\u2518\u00eb \u00cf\u00d1\u2518\u00e5\u00cf\u00ac\u00cf\u00ba\u00cf\u00bc \u2518\u00e0\u2518\u00ea\u00cf\u00ba\u00cf\u2592\u00cf\u00bb \u00cf\u00bf\u00cf\u2524\u00cf\u2592\u2518\u00e8\u00cf\u00ae \u2518\u00fc\u2518\u00e8 \u2518\u00e0\u00cf\u00bc\u00cf\u00ba\u2518\u00e4 \u00cf\u00ba\u2518\u00e4\u2518\u00e4\u00cf\u2551\u00cf\u00ae\u00cf\u00ee \u00cf\u00ba\u2518\u00e4\u00cf\u00fa\u00cf\u00bb\u00cf\u00bf \u2518\u00ea\u00cf\u00ba\u2518\u00e4\u00cf\u00ba\u00cf\u00ac\u00cf\u00c1\u00cf\u00ba\u2518\u00e4\u00cf\u00ba\u00cf\u00ac...Read more","og_url":"https:\/\/fbk.upsi.edu.my\/ar\/%d8%a7%d9%84%d8%b1%d8%a4%d9%89-%d9%88%d8%a7%d9%84%d8%a8%d8%b9%d8%ab%d8%a7%d8%aa\/","og_site_name":"UPSI | FAKULTI BAHASA DAN KOMUNIKASI","article_publisher":"https:\/\/www.facebook.com\/311311265728473?ref=embed_page","twitter_card":"summary_large_image","schema":{"@context":"https:\/\/schema.org","@graph":[{"@type":"WebPage","@id":"https:\/\/fbk.upsi.edu.my\/ar\/%d8%a7%d9%84%d8%b1%d8%a4%d9%89-%d9%88%d8%a7%d9%84%d8%a8%d8%b9%d8%ab%d8%a7%d8%aa\/","url":"https:\/\/fbk.upsi.edu.my\/ar\/%d8%a7%d9%84%d8%b1%d8%a4%d9%89-%d9%88%d8%a7%d9%84%d8%a8%d8%b9%d8%ab%d8%a7%d8%aa\/","name":"\u00cf\u00ba\u2518\u00e4\u00cf\u2592\u00cf\u00f1\u2518\u00eb \u2518\u00ea\u00cf\u00ba\u2518\u00e4\u00cf\u00bf\u00cf\u2563\u00cf\u00bd\u00cf\u00ba\u00cf\u00ac - UPSI | FAKULTI BAHASA DAN KOMUNIKASI","isPartOf":{"@id":"https:\/\/fbk.upsi.edu.my\/ar\/#website"},"datePublished":"2024-06-07T04:05:30+00:00","breadcrumb":{"@id":"https:\/\/fbk.upsi.edu.my\/ar\/%d8%a7%d9%84%d8%b1%d8%a4%d9%89-%d9%88%d8%a7%d9%84%d8%a8%d8%b9%d8%ab%d8%a7%d8%aa\/#breadcrumb"},"inLanguage":"ar","potentialAction":[{"@type":"ReadAction","target":["https:\/\/fbk.upsi.edu.my\/ar\/%d8%a7%d9%84%d8%b1%d8%a4%d9%89-%d9%88%d8%a7%d9%84%d8%a8%d8%b9%d8%ab%d8%a7%d8%aa\/"]}]},{"@type":"BreadcrumbList","@id":"https:\/\/fbk.upsi.edu.my\/ar\/%d8%a7%d9%84%d8%b1%d8%a4%d9%89-%d9%88%d8%a7%d9%84%d8%a8%d8%b9%d8%ab%d8%a7%d8%aa\/#breadcrumb","itemListElement":[{"@type":"ListItem","position":1,"name":"Home","item":"https:\/\/fbk.upsi.edu.my\/ar\/"},{"@type":"ListItem","position":2,"name":"\u00cf\u00ba\u2518\u00e4\u00cf\u2592\u00cf\u00f1\u2518\u00eb \u2518\u00ea\u00cf\u00ba\u2518\u00e4\u00cf\u00bf\u00cf\u2563\u00cf\u00bd\u00cf\u00ba\u00cf\u00ac"}]},{"@type":"WebSite","@id":"https:\/\/fbk.upsi.edu.my\/ar\/#website","url":"https:\/\/fbk.upsi.edu.my\/ar\/","name":"UPSI | FAKULTI BAHASA DAN KOMUNIKASI","description":"","publisher":{"@id":"https:\/\/fbk.upsi.edu.my\/ar\/#organization"},"potentialAction":[{"@type":"SearchAction","target":{"@type":"EntryPoint","urlTemplate":"https:\/\/fbk.upsi.edu.my\/ar\/?s={search_term_string}"},"query-input":{"@type":"PropertyValueSpecification","valueRequired":true,"valueName":"search_term_string"}}],"inLanguage":"ar"},{"@type":"Organization","@id":"https:\/\/fbk.upsi.edu.my\/ar\/#organization","name":"UPSI | FAKULTI BAHASA DAN KOMUNIKASI","url":"https:\/\/fbk.upsi.edu.my\/ar\/","logo":{"@type":"ImageObject","inLanguage":"ar","@id":"https:\/\/fbk.upsi.edu.my\/ar\/#\/schema\/logo\/image\/","url":"https:\/\/fbk.upsi.edu.my\/wp-content\/uploads\/2025\/11\/Web-Banner-FBK-scaled.jpg","contentUrl":"https:\/\/fbk.upsi.edu.my\/wp-content\/uploads\/2025\/11\/Web-Banner-FBK-scaled.jpg","width":2560,"height":296,"caption":"UPSI | FAKULTI BAHASA DAN KOMUNIKASI"},"image":{"@id":"https:\/\/fbk.upsi.edu.my\/ar\/#\/schema\/logo\/image\/"},"sameAs":["https:\/\/www.facebook.com\/311311265728473?ref=embed_page"]}]}},"_links":{"self":[{"href":"https:\/\/fbk.upsi.edu.my\/ar\/wp-json\/wp\/v2\/pages\/10274","targetHints":{"allow":["GET"]}}],"collection":[{"href":"https:\/\/fbk.upsi.edu.my\/ar\/wp-json\/wp\/v2\/pages"}],"about":[{"href":"https:\/\/fbk.upsi.edu.my\/ar\/wp-json\/wp\/v2\/types\/page"}],"author":[{"embeddable":true,"href":"https:\/\/fbk.upsi.edu.my\/ar\/wp-json\/wp\/v2\/users\/11"}],"replies":[{"embeddable":true,"href":"https:\/\/fbk.upsi.edu.my\/ar\/wp-json\/wp\/v2\/comments?post=10274"}],"version-history":[{"count":0,"href":"https:\/\/fbk.upsi.edu.my\/ar\/wp-json\/wp\/v2\/pages\/10274\/revisions"}],"wp:attachment":[{"href":"https:\/\/fbk.upsi.edu.my\/ar\/wp-json\/wp\/v2\/media?parent=10274"}],"curies":[{"name":"wp","href":"https:\/\/api.w.org\/{rel}","templated":true}]}}