{"id":10253,"date":"2024-06-07T04:03:18","date_gmt":"2024-06-07T04:03:18","guid":{"rendered":"https:\/\/fbk.upsi.edu.my\/%d8%a7%d9%84%d9%85%d8%b1%d8%ad%d9%84%d8%a9-%d8%a7%d9%84%d8%ac%d8%a7%d9%85%d8%b9%d9%8a%d8%a9\/"},"modified":"2024-06-07T04:03:19","modified_gmt":"2024-06-07T04:03:19","slug":"%d8%a7%d9%84%d9%85%d8%b1%d8%ad%d9%84%d8%a9-%d8%a7%d9%84%d8%ac%d8%a7%d9%85%d8%b9%d9%8a%d8%a9","status":"publish","type":"page","link":"https:\/\/fbk.upsi.edu.my\/ar\/%d8%a7%d9%84%d9%85%d8%b1%d8%ad%d9%84%d8%a9-%d8%a7%d9%84%d8%ac%d8%a7%d9%85%d8%b9%d9%8a%d8%a9\/","title":{"rendered":"\u00cf\u00ba\u2518\u00e4\u2518\u00e0\u00cf\u2592\u00cf\u00a1\u2518\u00e4\u00cf\u00ae \u00cf\u00ba\u2518\u00e4\u00cf\u00bc\u00cf\u00ba\u2518\u00e0\u00cf\u2563\u2518\u00e8\u00cf\u00ae"},"content":{"rendered":"\t\t<div data-elementor-type=\"wp-page\" data-elementor-id=\"10253\" class=\"elementor elementor-10253 elementor-3077\" data-elementor-post-type=\"page\">\n\t\t\t\t\t\t<section class=\"elementor-section elementor-top-section elementor-element elementor-element-a4f5658 elementor-section-boxed elementor-section-height-default elementor-section-height-default\" data-id=\"a4f5658\" data-element_type=\"section\" data-e-type=\"section\">\n\t\t\t\t\t\t<div class=\"elementor-container elementor-column-gap-default\">\n\t\t\t\t\t<div class=\"elementor-column elementor-col-100 elementor-top-column elementor-element elementor-element-71ee603\" data-id=\"71ee603\" data-element_type=\"column\" data-e-type=\"column\">\n\t\t\t<div class=\"elementor-widget-wrap elementor-element-populated\">\n\t\t\t\t\t\t<div class=\"elementor-element elementor-element-d68aa8f elementor-widget elementor-widget-heading\" data-id=\"d68aa8f\" data-element_type=\"widget\" data-e-type=\"widget\" data-widget_type=\"heading.default\">\n\t\t\t\t<div class=\"elementor-widget-container\">\n\t\t\t\t\t<h2 class=\"elementor-heading-title elementor-size-xxl\">\u0637\u0627\u0644\u0628<\/h2>\t\t\t\t<\/div>\n\t\t\t\t<\/div>\n\t\t\t\t\t<\/div>\n\t\t<\/div>\n\t\t\t\t\t<\/div>\n\t\t<\/section>\n\t\t\t\t<section class=\"elementor-section elementor-top-section elementor-element elementor-element-5e4312b elementor-section-boxed elementor-section-height-default elementor-section-height-default\" data-id=\"5e4312b\" data-element_type=\"section\" data-e-type=\"section\">\n\t\t\t\t\t\t<div class=\"elementor-container elementor-column-gap-default\">\n\t\t\t\t\t<div class=\"elementor-column elementor-col-100 elementor-top-column elementor-element elementor-element-dffa3a9\" data-id=\"dffa3a9\" data-element_type=\"column\" data-e-type=\"column\">\n\t\t\t<div class=\"elementor-widget-wrap elementor-element-populated\">\n\t\t\t\t\t\t<div class=\"elementor-element elementor-element-47a7c39 elementor-widget elementor-widget-spacer\" data-id=\"47a7c39\" data-element_type=\"widget\" data-e-type=\"widget\" data-widget_type=\"spacer.default\">\n\t\t\t\t<div class=\"elementor-widget-container\">\n\t\t\t\t\t\t\t<div class=\"elementor-spacer\">\n\t\t\t<div class=\"elementor-spacer-inner\"><\/div>\n\t\t<\/div>\n\t\t\t\t\t\t<\/div>\n\t\t\t\t<\/div>\n\t\t\t\t\t<\/div>\n\t\t<\/div>\n\t\t\t\t\t<\/div>\n\t\t<\/section>\n\t\t\t\t<section class=\"elementor-section elementor-top-section elementor-element elementor-element-7e27a14 elementor-section-boxed elementor-section-height-default elementor-section-height-default\" data-id=\"7e27a14\" data-element_type=\"section\" data-e-type=\"section\">\n\t\t\t\t\t\t<div class=\"elementor-container elementor-column-gap-default\">\n\t\t\t\t\t<div class=\"elementor-column elementor-col-33 elementor-top-column elementor-element elementor-element-17f9a45\" data-id=\"17f9a45\" data-element_type=\"column\" data-e-type=\"column\">\n\t\t\t<div class=\"elementor-widget-wrap elementor-element-populated\">\n\t\t\t\t\t\t<div class=\"elementor-element elementor-element-0b63b9a elementor-widget elementor-widget-image\" data-id=\"0b63b9a\" data-element_type=\"widget\" data-e-type=\"widget\" data-widget_type=\"image.default\">\n\t\t\t\t<div class=\"elementor-widget-container\">\n\t\t\t\t\t\t\t\t\t\t\t\t\t\t\t\t<a href=\"https:\/\/fbk.upsi.edu.my\/programmes-offered\/\">\n\t\t\t\t\t\t\t<img fetchpriority=\"high\" decoding=\"async\" width=\"247\" height=\"300\" src=\"https:\/\/fbk.upsi.edu.my\/wp-content\/uploads\/2023\/05\/15-1-247x300.png\" class=\"elementor-animation-shrink attachment-medium size-medium wp-image-10268\" alt=\"\" srcset=\"https:\/\/fbk.upsi.edu.my\/wp-content\/uploads\/2023\/05\/15-1-247x300.png 247w, https:\/\/fbk.upsi.edu.my\/wp-content\/uploads\/2023\/05\/15-1.png 700w\" sizes=\"(max-width: 247px) 100vw, 247px\" \/>\t\t\t\t\t\t\t\t<\/a>\n\t\t\t\t\t\t\t\t\t\t\t\t\t\t\t<\/div>\n\t\t\t\t<\/div>\n\t\t\t\t\t<\/div>\n\t\t<\/div>\n\t\t\t\t<div class=\"elementor-column elementor-col-33 elementor-top-column elementor-element elementor-element-8368ea2\" data-id=\"8368ea2\" data-element_type=\"column\" data-e-type=\"column\">\n\t\t\t<div class=\"elementor-widget-wrap elementor-element-populated\">\n\t\t\t\t\t\t<div class=\"elementor-element elementor-element-9d8b4f5 elementor-widget elementor-widget-image\" data-id=\"9d8b4f5\" data-element_type=\"widget\" data-e-type=\"widget\" data-widget_type=\"image.default\">\n\t\t\t\t<div class=\"elementor-widget-container\">\n\t\t\t\t\t\t\t\t\t\t\t\t\t\t\t\t<a href=\"https:\/\/fbk.upsi.edu.my\/ar\/syarat-kemasukan\/\">\n\t\t\t\t\t\t\t<img decoding=\"async\" width=\"247\" height=\"300\" src=\"https:\/\/fbk.upsi.edu.my\/wp-content\/uploads\/2023\/05\/16-1-247x300.png\" class=\"elementor-animation-shrink attachment-medium size-medium wp-image-10269\" alt=\"\" srcset=\"https:\/\/fbk.upsi.edu.my\/wp-content\/uploads\/2023\/05\/16-1-247x300.png 247w, https:\/\/fbk.upsi.edu.my\/wp-content\/uploads\/2023\/05\/16-1.png 700w\" sizes=\"(max-width: 247px) 100vw, 247px\" \/>\t\t\t\t\t\t\t\t<\/a>\n\t\t\t\t\t\t\t\t\t\t\t\t\t\t\t<\/div>\n\t\t\t\t<\/div>\n\t\t\t\t\t<\/div>\n\t\t<\/div>\n\t\t\t\t<div class=\"elementor-column elementor-col-33 elementor-top-column elementor-element elementor-element-8a467c8\" data-id=\"8a467c8\" data-element_type=\"column\" data-e-type=\"column\">\n\t\t\t<div class=\"elementor-widget-wrap elementor-element-populated\">\n\t\t\t\t\t\t<div class=\"elementor-element elementor-element-6de7e83 elementor-widget elementor-widget-image\" data-id=\"6de7e83\" data-element_type=\"widget\" data-e-type=\"widget\" data-widget_type=\"image.default\">\n\t\t\t\t<div class=\"elementor-widget-container\">\n\t\t\t\t\t\t\t\t\t\t\t\t\t\t\t\t<a href=\"https:\/\/fbk.upsi.edu.my\/ar\/%d8%a7%d9%84%d8%aa%d9%82%d9%88%d9%8a%d9%85-%d8%a7%d9%84%d8%a7%d9%83%d8%a7%d8%af%d9%8a%d9%85%d9%89\/\">\n\t\t\t\t\t\t\t<img decoding=\"async\" width=\"247\" height=\"300\" src=\"https:\/\/fbk.upsi.edu.my\/wp-content\/uploads\/2023\/05\/17-1-247x300.png\" class=\"elementor-animation-shrink attachment-medium size-medium wp-image-10270\" alt=\"\" srcset=\"https:\/\/fbk.upsi.edu.my\/wp-content\/uploads\/2023\/05\/17-1-247x300.png 247w, https:\/\/fbk.upsi.edu.my\/wp-content\/uploads\/2023\/05\/17-1.png 700w\" sizes=\"(max-width: 247px) 100vw, 247px\" \/>\t\t\t\t\t\t\t\t<\/a>\n\t\t\t\t\t\t\t\t\t\t\t\t\t\t\t<\/div>\n\t\t\t\t<\/div>\n\t\t\t\t\t<\/div>\n\t\t<\/div>\n\t\t\t\t\t<\/div>\n\t\t<\/section>\n\t\t\t\t<section class=\"elementor-section elementor-top-section elementor-element elementor-element-dccac2f elementor-section-boxed elementor-section-height-default elementor-section-height-default\" data-id=\"dccac2f\" data-element_type=\"section\" data-e-type=\"section\">\n\t\t\t\t\t\t<div class=\"elementor-container elementor-column-gap-default\">\n\t\t\t\t\t<div class=\"elementor-column elementor-col-100 elementor-top-column elementor-element elementor-element-e0d8c6b\" data-id=\"e0d8c6b\" data-element_type=\"column\" data-e-type=\"column\">\n\t\t\t<div class=\"elementor-widget-wrap elementor-element-populated\">\n\t\t\t\t\t\t<div class=\"elementor-element elementor-element-1c89d69 elementor-widget elementor-widget-spacer\" data-id=\"1c89d69\" data-element_type=\"widget\" data-e-type=\"widget\" data-widget_type=\"spacer.default\">\n\t\t\t\t<div class=\"elementor-widget-container\">\n\t\t\t\t\t\t\t<div class=\"elementor-spacer\">\n\t\t\t<div class=\"elementor-spacer-inner\"><\/div>\n\t\t<\/div>\n\t\t\t\t\t\t<\/div>\n\t\t\t\t<\/div>\n\t\t\t\t\t<\/div>\n\t\t<\/div>\n\t\t\t\t\t<\/div>\n\t\t<\/section>\n\t\t\t\t<section class=\"elementor-section elementor-top-section elementor-element elementor-element-b317002 elementor-section-boxed elementor-section-height-default elementor-section-height-default\" data-id=\"b317002\" data-element_type=\"section\" data-e-type=\"section\">\n\t\t\t\t\t\t<div class=\"elementor-container elementor-column-gap-default\">\n\t\t\t\t\t<div class=\"elementor-column elementor-col-50 elementor-top-column elementor-element elementor-element-e62dc4c\" data-id=\"e62dc4c\" data-element_type=\"column\" data-e-type=\"column\">\n\t\t\t<div class=\"elementor-widget-wrap elementor-element-populated\">\n\t\t\t\t\t\t<div class=\"elementor-element elementor-element-c689c01 elementor-widget elementor-widget-image\" data-id=\"c689c01\" data-element_type=\"widget\" data-e-type=\"widget\" data-widget_type=\"image.default\">\n\t\t\t\t<div class=\"elementor-widget-container\">\n\t\t\t\t\t\t\t\t\t\t\t\t\t\t\t<img loading=\"lazy\" decoding=\"async\" width=\"247\" height=\"300\" src=\"https:\/\/fbk.upsi.edu.my\/wp-content\/uploads\/2023\/05\/18-1-247x300.png\" class=\"elementor-animation-shrink attachment-medium size-medium wp-image-10271\" alt=\"\" srcset=\"https:\/\/fbk.upsi.edu.my\/wp-content\/uploads\/2023\/05\/18-1-247x300.png 247w, https:\/\/fbk.upsi.edu.my\/wp-content\/uploads\/2023\/05\/18-1.png 700w\" sizes=\"(max-width: 247px) 100vw, 247px\" \/>\t\t\t\t\t\t\t\t\t\t\t\t\t\t\t<\/div>\n\t\t\t\t<\/div>\n\t\t\t\t\t<\/div>\n\t\t<\/div>\n\t\t\t\t<div class=\"elementor-column elementor-col-50 elementor-top-column elementor-element elementor-element-51e77a4\" data-id=\"51e77a4\" data-element_type=\"column\" data-e-type=\"column\">\n\t\t\t<div class=\"elementor-widget-wrap elementor-element-populated\">\n\t\t\t\t\t\t<div class=\"elementor-element elementor-element-5f8b137 elementor-widget elementor-widget-image\" data-id=\"5f8b137\" data-element_type=\"widget\" data-e-type=\"widget\" data-widget_type=\"image.default\">\n\t\t\t\t<div class=\"elementor-widget-container\">\n\t\t\t\t\t\t\t\t\t\t\t\t\t\t\t\t<a href=\"https:\/\/fbk.upsi.edu.my\/academic-guide-book\/\">\n\t\t\t\t\t\t\t<img loading=\"lazy\" decoding=\"async\" width=\"247\" height=\"300\" src=\"https:\/\/fbk.upsi.edu.my\/wp-content\/uploads\/2023\/09\/ACADEMIC-GUIDE-BOOK-247x300.png\" class=\"elementor-animation-shrink attachment-medium size-medium wp-image-10272\" alt=\"\" srcset=\"https:\/\/fbk.upsi.edu.my\/wp-content\/uploads\/2023\/09\/ACADEMIC-GUIDE-BOOK-247x300.png 247w, https:\/\/fbk.upsi.edu.my\/wp-content\/uploads\/2023\/09\/ACADEMIC-GUIDE-BOOK.png 700w\" sizes=\"(max-width: 247px) 100vw, 247px\" \/>\t\t\t\t\t\t\t\t<\/a>\n\t\t\t\t\t\t\t\t\t\t\t\t\t\t\t<\/div>\n\t\t\t\t<\/div>\n\t\t\t\t\t<\/div>\n\t\t<\/div>\n\t\t\t\t\t<\/div>\n\t\t<\/section>\n\t\t\t\t<section class=\"elementor-section elementor-top-section elementor-element elementor-element-2f83dc0 elementor-section-boxed elementor-section-height-default elementor-section-height-default\" data-id=\"2f83dc0\" data-element_type=\"section\" data-e-type=\"section\">\n\t\t\t\t\t\t<div class=\"elementor-container elementor-column-gap-default\">\n\t\t\t\t\t<div class=\"elementor-column elementor-col-100 elementor-top-column elementor-element elementor-element-3e7276e\" data-id=\"3e7276e\" data-element_type=\"column\" data-e-type=\"column\">\n\t\t\t<div class=\"elementor-widget-wrap elementor-element-populated\">\n\t\t\t\t\t\t<div class=\"elementor-element elementor-element-b69acd6 elementor-widget elementor-widget-spacer\" data-id=\"b69acd6\" data-element_type=\"widget\" data-e-type=\"widget\" data-widget_type=\"spacer.default\">\n\t\t\t\t<div class=\"elementor-widget-container\">\n\t\t\t\t\t\t\t<div class=\"elementor-spacer\">\n\t\t\t<div class=\"elementor-spacer-inner\"><\/div>\n\t\t<\/div>\n\t\t\t\t\t\t<\/div>\n\t\t\t\t<\/div>\n\t\t\t\t\t<\/div>\n\t\t<\/div>\n\t\t\t\t\t<\/div>\n\t\t<\/section>\n\t\t\t\t<\/div>\n\t\t","protected":false},"excerpt":{"rendered":"<p>\u00cf\u00c0\u00cf\u00ba\u2518\u00e4\u00cf\u00bf<\/p>\n","protected":false},"author":11,"featured_media":0,"parent":0,"menu_order":0,"comment_status":"closed","ping_status":"closed","template":"template-full-width-without-title.php","meta":{"footnotes":""},"class_list":["post-10253","page","type-page","status-publish","hentry"],"yoast_head":"<!-- This site is optimized with the Yoast SEO plugin v27.3 - https:\/\/yoast.com\/product\/yoast-seo-wordpress\/ -->\n<title>\u00cf\u00ba\u2518\u00e4\u2518\u00e0\u00cf\u2592\u00cf\u00a1\u2518\u00e4\u00cf\u00ae \u00cf\u00ba\u2518\u00e4\u00cf\u00bc\u00cf\u00ba\u2518\u00e0\u00cf\u2563\u2518\u00e8\u00cf\u00ae - UPSI | FAKULTI BAHASA DAN KOMUNIKASI<\/title>\n<meta name=\"robots\" content=\"index, follow, max-snippet:-1, max-image-preview:large, max-video-preview:-1\" \/>\n<link rel=\"canonical\" href=\"https:\/\/fbk.upsi.edu.my\/ar\/%d8%a7%d9%84%d9%85%d8%b1%d8%ad%d9%84%d8%a9-%d8%a7%d9%84%d8%ac%d8%a7%d9%85%d8%b9%d9%8a%d8%a9\/\" \/>\n<meta property=\"og:locale\" content=\"ar_AR\" \/>\n<meta property=\"og:type\" content=\"article\" \/>\n<meta property=\"og:title\" content=\"\u00cf\u00ba\u2518\u00e4\u2518\u00e0\u00cf\u2592\u00cf\u00a1\u2518\u00e4\u00cf\u00ae \u00cf\u00ba\u2518\u00e4\u00cf\u00bc\u00cf\u00ba\u2518\u00e0\u00cf\u2563\u2518\u00e8\u00cf\u00ae - UPSI | FAKULTI BAHASA DAN KOMUNIKASI\" \/>\n<meta property=\"og:description\" content=\"\u00cf\u00c0\u00cf\u00ba\u2518\u00e4\u00cf\u00bf\" \/>\n<meta property=\"og:url\" content=\"https:\/\/fbk.upsi.edu.my\/ar\/%d8%a7%d9%84%d9%85%d8%b1%d8%ad%d9%84%d8%a9-%d8%a7%d9%84%d8%ac%d8%a7%d9%85%d8%b9%d9%8a%d8%a9\/\" \/>\n<meta property=\"og:site_name\" content=\"UPSI | FAKULTI BAHASA DAN KOMUNIKASI\" \/>\n<meta property=\"article:publisher\" content=\"https:\/\/www.facebook.com\/311311265728473?ref=embed_page\" \/>\n<meta property=\"article:modified_time\" content=\"2024-06-07T04:03:19+00:00\" \/>\n<meta property=\"og:image\" content=\"https:\/\/fbk.upsi.edu.my\/wp-content\/uploads\/2023\/05\/15-1.png\" \/>\n\t<meta property=\"og:image:width\" content=\"700\" \/>\n\t<meta property=\"og:image:height\" content=\"850\" \/>\n\t<meta property=\"og:image:type\" content=\"image\/png\" \/>\n<meta name=\"twitter:card\" content=\"summary_large_image\" \/>\n<script type=\"application\/ld+json\" class=\"yoast-schema-graph\">{\"@context\":\"https:\\\/\\\/schema.org\",\"@graph\":[{\"@type\":\"WebPage\",\"@id\":\"https:\\\/\\\/fbk.upsi.edu.my\\\/ar\\\/%d8%a7%d9%84%d9%85%d8%b1%d8%ad%d9%84%d8%a9-%d8%a7%d9%84%d8%ac%d8%a7%d9%85%d8%b9%d9%8a%d8%a9\\\/\",\"url\":\"https:\\\/\\\/fbk.upsi.edu.my\\\/ar\\\/%d8%a7%d9%84%d9%85%d8%b1%d8%ad%d9%84%d8%a9-%d8%a7%d9%84%d8%ac%d8%a7%d9%85%d8%b9%d9%8a%d8%a9\\\/\",\"name\":\"\u00cf\u00ba\u2518\u00e4\u2518\u00e0\u00cf\u2592\u00cf\u00a1\u2518\u00e4\u00cf\u00ae \u00cf\u00ba\u2518\u00e4\u00cf\u00bc\u00cf\u00ba\u2518\u00e0\u00cf\u2563\u2518\u00e8\u00cf\u00ae - UPSI | FAKULTI BAHASA DAN KOMUNIKASI\",\"isPartOf\":{\"@id\":\"https:\\\/\\\/fbk.upsi.edu.my\\\/ar\\\/#website\"},\"primaryImageOfPage\":{\"@id\":\"https:\\\/\\\/fbk.upsi.edu.my\\\/ar\\\/%d8%a7%d9%84%d9%85%d8%b1%d8%ad%d9%84%d8%a9-%d8%a7%d9%84%d8%ac%d8%a7%d9%85%d8%b9%d9%8a%d8%a9\\\/#primaryimage\"},\"image\":{\"@id\":\"https:\\\/\\\/fbk.upsi.edu.my\\\/ar\\\/%d8%a7%d9%84%d9%85%d8%b1%d8%ad%d9%84%d8%a9-%d8%a7%d9%84%d8%ac%d8%a7%d9%85%d8%b9%d9%8a%d8%a9\\\/#primaryimage\"},\"thumbnailUrl\":\"https:\\\/\\\/fbk.upsi.edu.my\\\/wp-content\\\/uploads\\\/2023\\\/05\\\/15-1-247x300.png\",\"datePublished\":\"2024-06-07T04:03:18+00:00\",\"dateModified\":\"2024-06-07T04:03:19+00:00\",\"breadcrumb\":{\"@id\":\"https:\\\/\\\/fbk.upsi.edu.my\\\/ar\\\/%d8%a7%d9%84%d9%85%d8%b1%d8%ad%d9%84%d8%a9-%d8%a7%d9%84%d8%ac%d8%a7%d9%85%d8%b9%d9%8a%d8%a9\\\/#breadcrumb\"},\"inLanguage\":\"ar\",\"potentialAction\":[{\"@type\":\"ReadAction\",\"target\":[\"https:\\\/\\\/fbk.upsi.edu.my\\\/ar\\\/%d8%a7%d9%84%d9%85%d8%b1%d8%ad%d9%84%d8%a9-%d8%a7%d9%84%d8%ac%d8%a7%d9%85%d8%b9%d9%8a%d8%a9\\\/\"]}]},{\"@type\":\"ImageObject\",\"inLanguage\":\"ar\",\"@id\":\"https:\\\/\\\/fbk.upsi.edu.my\\\/ar\\\/%d8%a7%d9%84%d9%85%d8%b1%d8%ad%d9%84%d8%a9-%d8%a7%d9%84%d8%ac%d8%a7%d9%85%d8%b9%d9%8a%d8%a9\\\/#primaryimage\",\"url\":\"https:\\\/\\\/fbk.upsi.edu.my\\\/wp-content\\\/uploads\\\/2023\\\/05\\\/15-1-247x300.png\",\"contentUrl\":\"https:\\\/\\\/fbk.upsi.edu.my\\\/wp-content\\\/uploads\\\/2023\\\/05\\\/15-1-247x300.png\"},{\"@type\":\"BreadcrumbList\",\"@id\":\"https:\\\/\\\/fbk.upsi.edu.my\\\/ar\\\/%d8%a7%d9%84%d9%85%d8%b1%d8%ad%d9%84%d8%a9-%d8%a7%d9%84%d8%ac%d8%a7%d9%85%d8%b9%d9%8a%d8%a9\\\/#breadcrumb\",\"itemListElement\":[{\"@type\":\"ListItem\",\"position\":1,\"name\":\"Home\",\"item\":\"https:\\\/\\\/fbk.upsi.edu.my\\\/ar\\\/\"},{\"@type\":\"ListItem\",\"position\":2,\"name\":\"\u00cf\u00ba\u2518\u00e4\u2518\u00e0\u00cf\u2592\u00cf\u00a1\u2518\u00e4\u00cf\u00ae \u00cf\u00ba\u2518\u00e4\u00cf\u00bc\u00cf\u00ba\u2518\u00e0\u00cf\u2563\u2518\u00e8\u00cf\u00ae\"}]},{\"@type\":\"WebSite\",\"@id\":\"https:\\\/\\\/fbk.upsi.edu.my\\\/ar\\\/#website\",\"url\":\"https:\\\/\\\/fbk.upsi.edu.my\\\/ar\\\/\",\"name\":\"UPSI | FAKULTI BAHASA DAN KOMUNIKASI\",\"description\":\"\",\"publisher\":{\"@id\":\"https:\\\/\\\/fbk.upsi.edu.my\\\/ar\\\/#organization\"},\"potentialAction\":[{\"@type\":\"SearchAction\",\"target\":{\"@type\":\"EntryPoint\",\"urlTemplate\":\"https:\\\/\\\/fbk.upsi.edu.my\\\/ar\\\/?s={search_term_string}\"},\"query-input\":{\"@type\":\"PropertyValueSpecification\",\"valueRequired\":true,\"valueName\":\"search_term_string\"}}],\"inLanguage\":\"ar\"},{\"@type\":\"Organization\",\"@id\":\"https:\\\/\\\/fbk.upsi.edu.my\\\/ar\\\/#organization\",\"name\":\"UPSI | FAKULTI BAHASA DAN KOMUNIKASI\",\"url\":\"https:\\\/\\\/fbk.upsi.edu.my\\\/ar\\\/\",\"logo\":{\"@type\":\"ImageObject\",\"inLanguage\":\"ar\",\"@id\":\"https:\\\/\\\/fbk.upsi.edu.my\\\/ar\\\/#\\\/schema\\\/logo\\\/image\\\/\",\"url\":\"https:\\\/\\\/fbk.upsi.edu.my\\\/wp-content\\\/uploads\\\/2025\\\/11\\\/Web-Banner-FBK-scaled.jpg\",\"contentUrl\":\"https:\\\/\\\/fbk.upsi.edu.my\\\/wp-content\\\/uploads\\\/2025\\\/11\\\/Web-Banner-FBK-scaled.jpg\",\"width\":2560,\"height\":296,\"caption\":\"UPSI | FAKULTI BAHASA DAN KOMUNIKASI\"},\"image\":{\"@id\":\"https:\\\/\\\/fbk.upsi.edu.my\\\/ar\\\/#\\\/schema\\\/logo\\\/image\\\/\"},\"sameAs\":[\"https:\\\/\\\/www.facebook.com\\\/311311265728473?ref=embed_page\"]}]}<\/script>\n<!-- \/ Yoast SEO plugin. -->","yoast_head_json":{"title":"\u00cf\u00ba\u2518\u00e4\u2518\u00e0\u00cf\u2592\u00cf\u00a1\u2518\u00e4\u00cf\u00ae \u00cf\u00ba\u2518\u00e4\u00cf\u00bc\u00cf\u00ba\u2518\u00e0\u00cf\u2563\u2518\u00e8\u00cf\u00ae - UPSI | FAKULTI BAHASA DAN KOMUNIKASI","robots":{"index":"index","follow":"follow","max-snippet":"max-snippet:-1","max-image-preview":"max-image-preview:large","max-video-preview":"max-video-preview:-1"},"canonical":"https:\/\/fbk.upsi.edu.my\/ar\/%d8%a7%d9%84%d9%85%d8%b1%d8%ad%d9%84%d8%a9-%d8%a7%d9%84%d8%ac%d8%a7%d9%85%d8%b9%d9%8a%d8%a9\/","og_locale":"ar_AR","og_type":"article","og_title":"\u00cf\u00ba\u2518\u00e4\u2518\u00e0\u00cf\u2592\u00cf\u00a1\u2518\u00e4\u00cf\u00ae \u00cf\u00ba\u2518\u00e4\u00cf\u00bc\u00cf\u00ba\u2518\u00e0\u00cf\u2563\u2518\u00e8\u00cf\u00ae - UPSI | FAKULTI BAHASA DAN KOMUNIKASI","og_description":"\u00cf\u00c0\u00cf\u00ba\u2518\u00e4\u00cf\u00bf","og_url":"https:\/\/fbk.upsi.edu.my\/ar\/%d8%a7%d9%84%d9%85%d8%b1%d8%ad%d9%84%d8%a9-%d8%a7%d9%84%d8%ac%d8%a7%d9%85%d8%b9%d9%8a%d8%a9\/","og_site_name":"UPSI | FAKULTI BAHASA DAN KOMUNIKASI","article_publisher":"https:\/\/www.facebook.com\/311311265728473?ref=embed_page","article_modified_time":"2024-06-07T04:03:19+00:00","og_image":[{"width":700,"height":850,"url":"https:\/\/fbk.upsi.edu.my\/wp-content\/uploads\/2023\/05\/15-1.png","type":"image\/png"}],"twitter_card":"summary_large_image","schema":{"@context":"https:\/\/schema.org","@graph":[{"@type":"WebPage","@id":"https:\/\/fbk.upsi.edu.my\/ar\/%d8%a7%d9%84%d9%85%d8%b1%d8%ad%d9%84%d8%a9-%d8%a7%d9%84%d8%ac%d8%a7%d9%85%d8%b9%d9%8a%d8%a9\/","url":"https:\/\/fbk.upsi.edu.my\/ar\/%d8%a7%d9%84%d9%85%d8%b1%d8%ad%d9%84%d8%a9-%d8%a7%d9%84%d8%ac%d8%a7%d9%85%d8%b9%d9%8a%d8%a9\/","name":"\u00cf\u00ba\u2518\u00e4\u2518\u00e0\u00cf\u2592\u00cf\u00a1\u2518\u00e4\u00cf\u00ae \u00cf\u00ba\u2518\u00e4\u00cf\u00bc\u00cf\u00ba\u2518\u00e0\u00cf\u2563\u2518\u00e8\u00cf\u00ae - UPSI | FAKULTI BAHASA DAN KOMUNIKASI","isPartOf":{"@id":"https:\/\/fbk.upsi.edu.my\/ar\/#website"},"primaryImageOfPage":{"@id":"https:\/\/fbk.upsi.edu.my\/ar\/%d8%a7%d9%84%d9%85%d8%b1%d8%ad%d9%84%d8%a9-%d8%a7%d9%84%d8%ac%d8%a7%d9%85%d8%b9%d9%8a%d8%a9\/#primaryimage"},"image":{"@id":"https:\/\/fbk.upsi.edu.my\/ar\/%d8%a7%d9%84%d9%85%d8%b1%d8%ad%d9%84%d8%a9-%d8%a7%d9%84%d8%ac%d8%a7%d9%85%d8%b9%d9%8a%d8%a9\/#primaryimage"},"thumbnailUrl":"https:\/\/fbk.upsi.edu.my\/wp-content\/uploads\/2023\/05\/15-1-247x300.png","datePublished":"2024-06-07T04:03:18+00:00","dateModified":"2024-06-07T04:03:19+00:00","breadcrumb":{"@id":"https:\/\/fbk.upsi.edu.my\/ar\/%d8%a7%d9%84%d9%85%d8%b1%d8%ad%d9%84%d8%a9-%d8%a7%d9%84%d8%ac%d8%a7%d9%85%d8%b9%d9%8a%d8%a9\/#breadcrumb"},"inLanguage":"ar","potentialAction":[{"@type":"ReadAction","target":["https:\/\/fbk.upsi.edu.my\/ar\/%d8%a7%d9%84%d9%85%d8%b1%d8%ad%d9%84%d8%a9-%d8%a7%d9%84%d8%ac%d8%a7%d9%85%d8%b9%d9%8a%d8%a9\/"]}]},{"@type":"ImageObject","inLanguage":"ar","@id":"https:\/\/fbk.upsi.edu.my\/ar\/%d8%a7%d9%84%d9%85%d8%b1%d8%ad%d9%84%d8%a9-%d8%a7%d9%84%d8%ac%d8%a7%d9%85%d8%b9%d9%8a%d8%a9\/#primaryimage","url":"https:\/\/fbk.upsi.edu.my\/wp-content\/uploads\/2023\/05\/15-1-247x300.png","contentUrl":"https:\/\/fbk.upsi.edu.my\/wp-content\/uploads\/2023\/05\/15-1-247x300.png"},{"@type":"BreadcrumbList","@id":"https:\/\/fbk.upsi.edu.my\/ar\/%d8%a7%d9%84%d9%85%d8%b1%d8%ad%d9%84%d8%a9-%d8%a7%d9%84%d8%ac%d8%a7%d9%85%d8%b9%d9%8a%d8%a9\/#breadcrumb","itemListElement":[{"@type":"ListItem","position":1,"name":"Home","item":"https:\/\/fbk.upsi.edu.my\/ar\/"},{"@type":"ListItem","position":2,"name":"\u00cf\u00ba\u2518\u00e4\u2518\u00e0\u00cf\u2592\u00cf\u00a1\u2518\u00e4\u00cf\u00ae \u00cf\u00ba\u2518\u00e4\u00cf\u00bc\u00cf\u00ba\u2518\u00e0\u00cf\u2563\u2518\u00e8\u00cf\u00ae"}]},{"@type":"WebSite","@id":"https:\/\/fbk.upsi.edu.my\/ar\/#website","url":"https:\/\/fbk.upsi.edu.my\/ar\/","name":"UPSI | FAKULTI BAHASA DAN KOMUNIKASI","description":"","publisher":{"@id":"https:\/\/fbk.upsi.edu.my\/ar\/#organization"},"potentialAction":[{"@type":"SearchAction","target":{"@type":"EntryPoint","urlTemplate":"https:\/\/fbk.upsi.edu.my\/ar\/?s={search_term_string}"},"query-input":{"@type":"PropertyValueSpecification","valueRequired":true,"valueName":"search_term_string"}}],"inLanguage":"ar"},{"@type":"Organization","@id":"https:\/\/fbk.upsi.edu.my\/ar\/#organization","name":"UPSI | FAKULTI BAHASA DAN KOMUNIKASI","url":"https:\/\/fbk.upsi.edu.my\/ar\/","logo":{"@type":"ImageObject","inLanguage":"ar","@id":"https:\/\/fbk.upsi.edu.my\/ar\/#\/schema\/logo\/image\/","url":"https:\/\/fbk.upsi.edu.my\/wp-content\/uploads\/2025\/11\/Web-Banner-FBK-scaled.jpg","contentUrl":"https:\/\/fbk.upsi.edu.my\/wp-content\/uploads\/2025\/11\/Web-Banner-FBK-scaled.jpg","width":2560,"height":296,"caption":"UPSI | FAKULTI BAHASA DAN KOMUNIKASI"},"image":{"@id":"https:\/\/fbk.upsi.edu.my\/ar\/#\/schema\/logo\/image\/"},"sameAs":["https:\/\/www.facebook.com\/311311265728473?ref=embed_page"]}]}},"_links":{"self":[{"href":"https:\/\/fbk.upsi.edu.my\/ar\/wp-json\/wp\/v2\/pages\/10253","targetHints":{"allow":["GET"]}}],"collection":[{"href":"https:\/\/fbk.upsi.edu.my\/ar\/wp-json\/wp\/v2\/pages"}],"about":[{"href":"https:\/\/fbk.upsi.edu.my\/ar\/wp-json\/wp\/v2\/types\/page"}],"author":[{"embeddable":true,"href":"https:\/\/fbk.upsi.edu.my\/ar\/wp-json\/wp\/v2\/users\/11"}],"replies":[{"embeddable":true,"href":"https:\/\/fbk.upsi.edu.my\/ar\/wp-json\/wp\/v2\/comments?post=10253"}],"version-history":[{"count":1,"href":"https:\/\/fbk.upsi.edu.my\/ar\/wp-json\/wp\/v2\/pages\/10253\/revisions"}],"predecessor-version":[{"id":10273,"href":"https:\/\/fbk.upsi.edu.my\/ar\/wp-json\/wp\/v2\/pages\/10253\/revisions\/10273"}],"wp:attachment":[{"href":"https:\/\/fbk.upsi.edu.my\/ar\/wp-json\/wp\/v2\/media?parent=10253"}],"curies":[{"name":"wp","href":"https:\/\/api.w.org\/{rel}","templated":true}]}}