{"id":10223,"date":"2024-06-07T03:57:54","date_gmt":"2024-06-07T03:57:54","guid":{"rendered":"https:\/\/fbk.upsi.edu.my\/%d8%ae%d8%b1%d8%a7%d8%a6%d8%b7-%d8%a7%d9%84%d9%85%d9%88%d9%82%d8%b9\/"},"modified":"2024-06-07T03:57:54","modified_gmt":"2024-06-07T03:57:54","slug":"%d8%ae%d8%b1%d8%a7%d8%a6%d8%b7-%d8%a7%d9%84%d9%85%d9%88%d9%82%d8%b9","status":"publish","type":"page","link":"https:\/\/fbk.upsi.edu.my\/ar\/%d8%ae%d8%b1%d8%a7%d8%a6%d8%b7-%d8%a7%d9%84%d9%85%d9%88%d9%82%d8%b9\/","title":{"rendered":"\u00cf\u00ab\u00cf\u2592\u00cf\u00ba\u00cf\u00aa\u00cf\u00c0 \u00cf\u00ba\u2518\u00e4\u2518\u00e0\u2518\u00ea\u2518\u00e9\u00cf\u2563"},"content":{"rendered":"\t\t<div data-elementor-type=\"wp-page\" data-elementor-id=\"10223\" class=\"elementor elementor-10223 elementor-7764\" data-elementor-post-type=\"page\">\n\t\t\t\t\t\t<section class=\"elementor-section elementor-top-section elementor-element elementor-element-6d8c629 elementor-section-boxed elementor-section-height-default elementor-section-height-default\" data-id=\"6d8c629\" data-element_type=\"section\" data-e-type=\"section\">\n\t\t\t\t\t\t<div class=\"elementor-container elementor-column-gap-default\">\n\t\t\t\t\t<div class=\"elementor-column elementor-col-100 elementor-top-column elementor-element elementor-element-122c50d\" data-id=\"122c50d\" data-element_type=\"column\" data-e-type=\"column\">\n\t\t\t<div class=\"elementor-widget-wrap elementor-element-populated\">\n\t\t\t\t\t\t<div class=\"elementor-element elementor-element-dcd155e elementor-widget elementor-widget-heading\" data-id=\"dcd155e\" data-element_type=\"widget\" data-e-type=\"widget\" data-widget_type=\"heading.default\">\n\t\t\t\t<div class=\"elementor-widget-container\">\n\t\t\t\t\t<h2 class=\"elementor-heading-title elementor-size-xxl\">\u062e\u0631\u0627\u0626\u0637 \u0627\u0644\u0645\u0648\u0642\u0639<\/h2>\t\t\t\t<\/div>\n\t\t\t\t<\/div>\n\t\t\t\t\t<\/div>\n\t\t<\/div>\n\t\t\t\t\t<\/div>\n\t\t<\/section>\n\t\t\t\t<section class=\"elementor-section elementor-top-section elementor-element elementor-element-8280845 elementor-section-boxed elementor-section-height-default elementor-section-height-default\" data-id=\"8280845\" data-element_type=\"section\" data-e-type=\"section\">\n\t\t\t\t\t\t<div class=\"elementor-container elementor-column-gap-default\">\n\t\t\t\t\t<div class=\"elementor-column elementor-col-100 elementor-top-column elementor-element elementor-element-7fcdbd0\" data-id=\"7fcdbd0\" data-element_type=\"column\" data-e-type=\"column\">\n\t\t\t<div class=\"elementor-widget-wrap elementor-element-populated\">\n\t\t\t\t\t\t<div class=\"elementor-element elementor-element-2c48d3d elementor-widget elementor-widget-image\" data-id=\"2c48d3d\" data-element_type=\"widget\" data-e-type=\"widget\" data-widget_type=\"image.default\">\n\t\t\t\t<div class=\"elementor-widget-container\">\n\t\t\t\t\t\t\t\t\t\t\t\t\t\t\t<img fetchpriority=\"high\" decoding=\"async\" width=\"1024\" height=\"768\" src=\"https:\/\/fbk.upsi.edu.my\/wp-content\/uploads\/2023\/11\/site-maps2-1.png\" class=\"attachment-full size-full wp-image-10226\" alt=\"\" srcset=\"https:\/\/fbk.upsi.edu.my\/wp-content\/uploads\/2023\/11\/site-maps2-1.png 1024w, https:\/\/fbk.upsi.edu.my\/wp-content\/uploads\/2023\/11\/site-maps2-1-300x225.png 300w, https:\/\/fbk.upsi.edu.my\/wp-content\/uploads\/2023\/11\/site-maps2-1-768x576.png 768w\" sizes=\"(max-width: 1024px) 100vw, 1024px\" \/>\t\t\t\t\t\t\t\t\t\t\t\t\t\t\t<\/div>\n\t\t\t\t<\/div>\n\t\t\t\t\t<\/div>\n\t\t<\/div>\n\t\t\t\t\t<\/div>\n\t\t<\/section>\n\t\t\t\t<section class=\"elementor-section elementor-top-section elementor-element elementor-element-cdfa464 elementor-section-boxed elementor-section-height-default elementor-section-height-default\" data-id=\"cdfa464\" data-element_type=\"section\" data-e-type=\"section\">\n\t\t\t\t\t\t<div class=\"elementor-container elementor-column-gap-default\">\n\t\t\t\t\t<div class=\"elementor-column elementor-col-100 elementor-top-column elementor-element elementor-element-f7935d7\" data-id=\"f7935d7\" data-element_type=\"column\" data-e-type=\"column\">\n\t\t\t<div class=\"elementor-widget-wrap elementor-element-populated\">\n\t\t\t\t\t\t<div class=\"elementor-element elementor-element-a85198c elementor-widget elementor-widget-spacer\" data-id=\"a85198c\" data-element_type=\"widget\" data-e-type=\"widget\" data-widget_type=\"spacer.default\">\n\t\t\t\t<div class=\"elementor-widget-container\">\n\t\t\t\t\t\t\t<div class=\"elementor-spacer\">\n\t\t\t<div class=\"elementor-spacer-inner\"><\/div>\n\t\t<\/div>\n\t\t\t\t\t\t<\/div>\n\t\t\t\t<\/div>\n\t\t\t\t\t<\/div>\n\t\t<\/div>\n\t\t\t\t\t<\/div>\n\t\t<\/section>\n\t\t\t\t<\/div>\n\t\t","protected":false},"excerpt":{"rendered":"<p>\u00cf\u00ab\u00cf\u2592\u00cf\u00ba\u00cf\u00aa\u00cf\u00c0 \u00cf\u00ba\u2518\u00e4\u2518\u00e0\u2518\u00ea\u2518\u00e9\u00cf\u2563<\/p>\n","protected":false},"author":11,"featured_media":0,"parent":0,"menu_order":0,"comment_status":"closed","ping_status":"closed","template":"template-full-width-without-title.php","meta":{"footnotes":""},"class_list":["post-10223","page","type-page","status-publish","hentry"],"yoast_head":"<!-- This site is optimized with the Yoast SEO plugin v27.3 - https:\/\/yoast.com\/product\/yoast-seo-wordpress\/ -->\n<title>\u00cf\u00ab\u00cf\u2592\u00cf\u00ba\u00cf\u00aa\u00cf\u00c0 \u00cf\u00ba\u2518\u00e4\u2518\u00e0\u2518\u00ea\u2518\u00e9\u00cf\u2563 - UPSI | FAKULTI BAHASA DAN KOMUNIKASI<\/title>\n<meta name=\"robots\" content=\"index, follow, max-snippet:-1, max-image-preview:large, max-video-preview:-1\" \/>\n<link rel=\"canonical\" href=\"https:\/\/fbk.upsi.edu.my\/ar\/%d8%ae%d8%b1%d8%a7%d8%a6%d8%b7-%d8%a7%d9%84%d9%85%d9%88%d9%82%d8%b9\/\" \/>\n<meta property=\"og:locale\" content=\"ar_AR\" \/>\n<meta property=\"og:type\" content=\"article\" \/>\n<meta property=\"og:title\" content=\"\u00cf\u00ab\u00cf\u2592\u00cf\u00ba\u00cf\u00aa\u00cf\u00c0 \u00cf\u00ba\u2518\u00e4\u2518\u00e0\u2518\u00ea\u2518\u00e9\u00cf\u2563 - UPSI | FAKULTI BAHASA DAN KOMUNIKASI\" \/>\n<meta property=\"og:description\" content=\"\u00cf\u00ab\u00cf\u2592\u00cf\u00ba\u00cf\u00aa\u00cf\u00c0 \u00cf\u00ba\u2518\u00e4\u2518\u00e0\u2518\u00ea\u2518\u00e9\u00cf\u2563\" \/>\n<meta property=\"og:url\" content=\"https:\/\/fbk.upsi.edu.my\/ar\/%d8%ae%d8%b1%d8%a7%d8%a6%d8%b7-%d8%a7%d9%84%d9%85%d9%88%d9%82%d8%b9\/\" \/>\n<meta property=\"og:site_name\" content=\"UPSI | FAKULTI BAHASA DAN KOMUNIKASI\" \/>\n<meta property=\"article:publisher\" content=\"https:\/\/www.facebook.com\/311311265728473?ref=embed_page\" \/>\n<meta property=\"og:image\" content=\"https:\/\/fbk.upsi.edu.my\/wp-content\/uploads\/2023\/11\/site-maps2-1.png\" \/>\n\t<meta property=\"og:image:width\" content=\"1024\" \/>\n\t<meta property=\"og:image:height\" content=\"768\" \/>\n\t<meta property=\"og:image:type\" content=\"image\/png\" \/>\n<meta name=\"twitter:card\" content=\"summary_large_image\" \/>\n<script type=\"application\/ld+json\" class=\"yoast-schema-graph\">{\"@context\":\"https:\\\/\\\/schema.org\",\"@graph\":[{\"@type\":\"WebPage\",\"@id\":\"https:\\\/\\\/fbk.upsi.edu.my\\\/ar\\\/%d8%ae%d8%b1%d8%a7%d8%a6%d8%b7-%d8%a7%d9%84%d9%85%d9%88%d9%82%d8%b9\\\/\",\"url\":\"https:\\\/\\\/fbk.upsi.edu.my\\\/ar\\\/%d8%ae%d8%b1%d8%a7%d8%a6%d8%b7-%d8%a7%d9%84%d9%85%d9%88%d9%82%d8%b9\\\/\",\"name\":\"\u00cf\u00ab\u00cf\u2592\u00cf\u00ba\u00cf\u00aa\u00cf\u00c0 \u00cf\u00ba\u2518\u00e4\u2518\u00e0\u2518\u00ea\u2518\u00e9\u00cf\u2563 - UPSI | FAKULTI BAHASA DAN KOMUNIKASI\",\"isPartOf\":{\"@id\":\"https:\\\/\\\/fbk.upsi.edu.my\\\/ar\\\/#website\"},\"primaryImageOfPage\":{\"@id\":\"https:\\\/\\\/fbk.upsi.edu.my\\\/ar\\\/%d8%ae%d8%b1%d8%a7%d8%a6%d8%b7-%d8%a7%d9%84%d9%85%d9%88%d9%82%d8%b9\\\/#primaryimage\"},\"image\":{\"@id\":\"https:\\\/\\\/fbk.upsi.edu.my\\\/ar\\\/%d8%ae%d8%b1%d8%a7%d8%a6%d8%b7-%d8%a7%d9%84%d9%85%d9%88%d9%82%d8%b9\\\/#primaryimage\"},\"thumbnailUrl\":\"https:\\\/\\\/fbk.upsi.edu.my\\\/wp-content\\\/uploads\\\/2023\\\/11\\\/site-maps2-1.png\",\"datePublished\":\"2024-06-07T03:57:54+00:00\",\"breadcrumb\":{\"@id\":\"https:\\\/\\\/fbk.upsi.edu.my\\\/ar\\\/%d8%ae%d8%b1%d8%a7%d8%a6%d8%b7-%d8%a7%d9%84%d9%85%d9%88%d9%82%d8%b9\\\/#breadcrumb\"},\"inLanguage\":\"ar\",\"potentialAction\":[{\"@type\":\"ReadAction\",\"target\":[\"https:\\\/\\\/fbk.upsi.edu.my\\\/ar\\\/%d8%ae%d8%b1%d8%a7%d8%a6%d8%b7-%d8%a7%d9%84%d9%85%d9%88%d9%82%d8%b9\\\/\"]}]},{\"@type\":\"ImageObject\",\"inLanguage\":\"ar\",\"@id\":\"https:\\\/\\\/fbk.upsi.edu.my\\\/ar\\\/%d8%ae%d8%b1%d8%a7%d8%a6%d8%b7-%d8%a7%d9%84%d9%85%d9%88%d9%82%d8%b9\\\/#primaryimage\",\"url\":\"https:\\\/\\\/fbk.upsi.edu.my\\\/wp-content\\\/uploads\\\/2023\\\/11\\\/site-maps2-1.png\",\"contentUrl\":\"https:\\\/\\\/fbk.upsi.edu.my\\\/wp-content\\\/uploads\\\/2023\\\/11\\\/site-maps2-1.png\"},{\"@type\":\"BreadcrumbList\",\"@id\":\"https:\\\/\\\/fbk.upsi.edu.my\\\/ar\\\/%d8%ae%d8%b1%d8%a7%d8%a6%d8%b7-%d8%a7%d9%84%d9%85%d9%88%d9%82%d8%b9\\\/#breadcrumb\",\"itemListElement\":[{\"@type\":\"ListItem\",\"position\":1,\"name\":\"Home\",\"item\":\"https:\\\/\\\/fbk.upsi.edu.my\\\/ar\\\/\"},{\"@type\":\"ListItem\",\"position\":2,\"name\":\"\u00cf\u00ab\u00cf\u2592\u00cf\u00ba\u00cf\u00aa\u00cf\u00c0 \u00cf\u00ba\u2518\u00e4\u2518\u00e0\u2518\u00ea\u2518\u00e9\u00cf\u2563\"}]},{\"@type\":\"WebSite\",\"@id\":\"https:\\\/\\\/fbk.upsi.edu.my\\\/ar\\\/#website\",\"url\":\"https:\\\/\\\/fbk.upsi.edu.my\\\/ar\\\/\",\"name\":\"UPSI | FAKULTI BAHASA DAN KOMUNIKASI\",\"description\":\"\",\"publisher\":{\"@id\":\"https:\\\/\\\/fbk.upsi.edu.my\\\/ar\\\/#organization\"},\"potentialAction\":[{\"@type\":\"SearchAction\",\"target\":{\"@type\":\"EntryPoint\",\"urlTemplate\":\"https:\\\/\\\/fbk.upsi.edu.my\\\/ar\\\/?s={search_term_string}\"},\"query-input\":{\"@type\":\"PropertyValueSpecification\",\"valueRequired\":true,\"valueName\":\"search_term_string\"}}],\"inLanguage\":\"ar\"},{\"@type\":\"Organization\",\"@id\":\"https:\\\/\\\/fbk.upsi.edu.my\\\/ar\\\/#organization\",\"name\":\"UPSI | FAKULTI BAHASA DAN KOMUNIKASI\",\"url\":\"https:\\\/\\\/fbk.upsi.edu.my\\\/ar\\\/\",\"logo\":{\"@type\":\"ImageObject\",\"inLanguage\":\"ar\",\"@id\":\"https:\\\/\\\/fbk.upsi.edu.my\\\/ar\\\/#\\\/schema\\\/logo\\\/image\\\/\",\"url\":\"https:\\\/\\\/fbk.upsi.edu.my\\\/wp-content\\\/uploads\\\/2025\\\/11\\\/Web-Banner-FBK-scaled.jpg\",\"contentUrl\":\"https:\\\/\\\/fbk.upsi.edu.my\\\/wp-content\\\/uploads\\\/2025\\\/11\\\/Web-Banner-FBK-scaled.jpg\",\"width\":2560,\"height\":296,\"caption\":\"UPSI | FAKULTI BAHASA DAN KOMUNIKASI\"},\"image\":{\"@id\":\"https:\\\/\\\/fbk.upsi.edu.my\\\/ar\\\/#\\\/schema\\\/logo\\\/image\\\/\"},\"sameAs\":[\"https:\\\/\\\/www.facebook.com\\\/311311265728473?ref=embed_page\"]}]}<\/script>\n<!-- \/ Yoast SEO plugin. -->","yoast_head_json":{"title":"\u00cf\u00ab\u00cf\u2592\u00cf\u00ba\u00cf\u00aa\u00cf\u00c0 \u00cf\u00ba\u2518\u00e4\u2518\u00e0\u2518\u00ea\u2518\u00e9\u00cf\u2563 - UPSI | FAKULTI BAHASA DAN KOMUNIKASI","robots":{"index":"index","follow":"follow","max-snippet":"max-snippet:-1","max-image-preview":"max-image-preview:large","max-video-preview":"max-video-preview:-1"},"canonical":"https:\/\/fbk.upsi.edu.my\/ar\/%d8%ae%d8%b1%d8%a7%d8%a6%d8%b7-%d8%a7%d9%84%d9%85%d9%88%d9%82%d8%b9\/","og_locale":"ar_AR","og_type":"article","og_title":"\u00cf\u00ab\u00cf\u2592\u00cf\u00ba\u00cf\u00aa\u00cf\u00c0 \u00cf\u00ba\u2518\u00e4\u2518\u00e0\u2518\u00ea\u2518\u00e9\u00cf\u2563 - UPSI | FAKULTI BAHASA DAN KOMUNIKASI","og_description":"\u00cf\u00ab\u00cf\u2592\u00cf\u00ba\u00cf\u00aa\u00cf\u00c0 \u00cf\u00ba\u2518\u00e4\u2518\u00e0\u2518\u00ea\u2518\u00e9\u00cf\u2563","og_url":"https:\/\/fbk.upsi.edu.my\/ar\/%d8%ae%d8%b1%d8%a7%d8%a6%d8%b7-%d8%a7%d9%84%d9%85%d9%88%d9%82%d8%b9\/","og_site_name":"UPSI | FAKULTI BAHASA DAN KOMUNIKASI","article_publisher":"https:\/\/www.facebook.com\/311311265728473?ref=embed_page","og_image":[{"width":1024,"height":768,"url":"https:\/\/fbk.upsi.edu.my\/wp-content\/uploads\/2023\/11\/site-maps2-1.png","type":"image\/png"}],"twitter_card":"summary_large_image","schema":{"@context":"https:\/\/schema.org","@graph":[{"@type":"WebPage","@id":"https:\/\/fbk.upsi.edu.my\/ar\/%d8%ae%d8%b1%d8%a7%d8%a6%d8%b7-%d8%a7%d9%84%d9%85%d9%88%d9%82%d8%b9\/","url":"https:\/\/fbk.upsi.edu.my\/ar\/%d8%ae%d8%b1%d8%a7%d8%a6%d8%b7-%d8%a7%d9%84%d9%85%d9%88%d9%82%d8%b9\/","name":"\u00cf\u00ab\u00cf\u2592\u00cf\u00ba\u00cf\u00aa\u00cf\u00c0 \u00cf\u00ba\u2518\u00e4\u2518\u00e0\u2518\u00ea\u2518\u00e9\u00cf\u2563 - UPSI | FAKULTI BAHASA DAN KOMUNIKASI","isPartOf":{"@id":"https:\/\/fbk.upsi.edu.my\/ar\/#website"},"primaryImageOfPage":{"@id":"https:\/\/fbk.upsi.edu.my\/ar\/%d8%ae%d8%b1%d8%a7%d8%a6%d8%b7-%d8%a7%d9%84%d9%85%d9%88%d9%82%d8%b9\/#primaryimage"},"image":{"@id":"https:\/\/fbk.upsi.edu.my\/ar\/%d8%ae%d8%b1%d8%a7%d8%a6%d8%b7-%d8%a7%d9%84%d9%85%d9%88%d9%82%d8%b9\/#primaryimage"},"thumbnailUrl":"https:\/\/fbk.upsi.edu.my\/wp-content\/uploads\/2023\/11\/site-maps2-1.png","datePublished":"2024-06-07T03:57:54+00:00","breadcrumb":{"@id":"https:\/\/fbk.upsi.edu.my\/ar\/%d8%ae%d8%b1%d8%a7%d8%a6%d8%b7-%d8%a7%d9%84%d9%85%d9%88%d9%82%d8%b9\/#breadcrumb"},"inLanguage":"ar","potentialAction":[{"@type":"ReadAction","target":["https:\/\/fbk.upsi.edu.my\/ar\/%d8%ae%d8%b1%d8%a7%d8%a6%d8%b7-%d8%a7%d9%84%d9%85%d9%88%d9%82%d8%b9\/"]}]},{"@type":"ImageObject","inLanguage":"ar","@id":"https:\/\/fbk.upsi.edu.my\/ar\/%d8%ae%d8%b1%d8%a7%d8%a6%d8%b7-%d8%a7%d9%84%d9%85%d9%88%d9%82%d8%b9\/#primaryimage","url":"https:\/\/fbk.upsi.edu.my\/wp-content\/uploads\/2023\/11\/site-maps2-1.png","contentUrl":"https:\/\/fbk.upsi.edu.my\/wp-content\/uploads\/2023\/11\/site-maps2-1.png"},{"@type":"BreadcrumbList","@id":"https:\/\/fbk.upsi.edu.my\/ar\/%d8%ae%d8%b1%d8%a7%d8%a6%d8%b7-%d8%a7%d9%84%d9%85%d9%88%d9%82%d8%b9\/#breadcrumb","itemListElement":[{"@type":"ListItem","position":1,"name":"Home","item":"https:\/\/fbk.upsi.edu.my\/ar\/"},{"@type":"ListItem","position":2,"name":"\u00cf\u00ab\u00cf\u2592\u00cf\u00ba\u00cf\u00aa\u00cf\u00c0 \u00cf\u00ba\u2518\u00e4\u2518\u00e0\u2518\u00ea\u2518\u00e9\u00cf\u2563"}]},{"@type":"WebSite","@id":"https:\/\/fbk.upsi.edu.my\/ar\/#website","url":"https:\/\/fbk.upsi.edu.my\/ar\/","name":"UPSI | FAKULTI BAHASA DAN KOMUNIKASI","description":"","publisher":{"@id":"https:\/\/fbk.upsi.edu.my\/ar\/#organization"},"potentialAction":[{"@type":"SearchAction","target":{"@type":"EntryPoint","urlTemplate":"https:\/\/fbk.upsi.edu.my\/ar\/?s={search_term_string}"},"query-input":{"@type":"PropertyValueSpecification","valueRequired":true,"valueName":"search_term_string"}}],"inLanguage":"ar"},{"@type":"Organization","@id":"https:\/\/fbk.upsi.edu.my\/ar\/#organization","name":"UPSI | FAKULTI BAHASA DAN KOMUNIKASI","url":"https:\/\/fbk.upsi.edu.my\/ar\/","logo":{"@type":"ImageObject","inLanguage":"ar","@id":"https:\/\/fbk.upsi.edu.my\/ar\/#\/schema\/logo\/image\/","url":"https:\/\/fbk.upsi.edu.my\/wp-content\/uploads\/2025\/11\/Web-Banner-FBK-scaled.jpg","contentUrl":"https:\/\/fbk.upsi.edu.my\/wp-content\/uploads\/2025\/11\/Web-Banner-FBK-scaled.jpg","width":2560,"height":296,"caption":"UPSI | FAKULTI BAHASA DAN KOMUNIKASI"},"image":{"@id":"https:\/\/fbk.upsi.edu.my\/ar\/#\/schema\/logo\/image\/"},"sameAs":["https:\/\/www.facebook.com\/311311265728473?ref=embed_page"]}]}},"_links":{"self":[{"href":"https:\/\/fbk.upsi.edu.my\/ar\/wp-json\/wp\/v2\/pages\/10223","targetHints":{"allow":["GET"]}}],"collection":[{"href":"https:\/\/fbk.upsi.edu.my\/ar\/wp-json\/wp\/v2\/pages"}],"about":[{"href":"https:\/\/fbk.upsi.edu.my\/ar\/wp-json\/wp\/v2\/types\/page"}],"author":[{"embeddable":true,"href":"https:\/\/fbk.upsi.edu.my\/ar\/wp-json\/wp\/v2\/users\/11"}],"replies":[{"embeddable":true,"href":"https:\/\/fbk.upsi.edu.my\/ar\/wp-json\/wp\/v2\/comments?post=10223"}],"version-history":[{"count":1,"href":"https:\/\/fbk.upsi.edu.my\/ar\/wp-json\/wp\/v2\/pages\/10223\/revisions"}],"predecessor-version":[{"id":10227,"href":"https:\/\/fbk.upsi.edu.my\/ar\/wp-json\/wp\/v2\/pages\/10223\/revisions\/10227"}],"wp:attachment":[{"href":"https:\/\/fbk.upsi.edu.my\/ar\/wp-json\/wp\/v2\/media?parent=10223"}],"curies":[{"name":"wp","href":"https:\/\/api.w.org\/{rel}","templated":true}]}}